{"id":3492,"date":"2023-10-10T10:31:01","date_gmt":"2023-10-10T07:31:01","guid":{"rendered":"https:\/\/canercanlaw.com\/de\/?page_id=3492"},"modified":"2026-04-27T16:09:30","modified_gmt":"2026-04-27T13:09:30","slug":"uber-uns","status":"publish","type":"page","link":"https:\/\/canercanlaw.com\/de\/uber-uns\/","title":{"rendered":"\u00dcber Uns"},"content":{"rendered":"\n<style type=\"text\/css\" data-created_by=\"avia_inline_auto\" id=\"style-css-av-lnk0687x-ce07f32ee3cb921f8a83e137b8fce39b\">\n.avia-section.av-lnk0687x-ce07f32ee3cb921f8a83e137b8fce39b{\nbackground-repeat:no-repeat;\nbackground-image:url(https:\/\/canercanlaw.com\/de\/wp-content\/uploads\/2023\/10\/happy-couple-making-deal-with-financial-advisor-meeting-home-focus-is-woman-shaking-hands-with-advisor.jpg);\nbackground-position:50% 50%;\nbackground-attachment:scroll;\n}\n<\/style>\n<div id='av_section_1'  class='avia-section av-lnk0687x-ce07f32ee3cb921f8a83e137b8fce39b main_color avia-section-default avia-no-border-styling  avia-builder-el-0  el_before_av_section  avia-builder-el-first  avia-full-stretch avia-bg-style-scroll av-minimum-height av-minimum-height-50 av-height-50  container_wrap fullsize'  data-section-bg-repeat='stretch' data-av_minimum_height_pc='50' data-av_min_height_opt='50'><div class='container av-section-cont-open' ><main  role=\"main\" itemprop=\"mainContentOfPage\"  class='template-page content  av-content-full alpha units'><div class='post-entry post-entry-type-page post-entry-3492'><div class='entry-content-wrapper clearfix'>\n<\/div><\/div><\/main><!-- close content main element --><\/div><\/div><div id='av_section_2'  class='avia-section av-2zjlp0-22836ed19a2a7d094f8fa4f0a726a2f6 main_color avia-section-default avia-no-border-styling  avia-builder-el-1  el_after_av_section  el_before_av_layout_row  avia-bg-style-scroll container_wrap fullsize'  ><div class='container av-section-cont-open' ><div class='template-page content  av-content-full alpha units'><div class='post-entry post-entry-type-page post-entry-3492'><div class='entry-content-wrapper clearfix'>\n<div  class='flex_column av-3pallw-5ddc90132b500196357be11e55d1cc30 av_one_full  avia-builder-el-2  avia-builder-el-no-sibling  first flex_column_div  '     ><p>\n<style type=\"text\/css\" data-created_by=\"avia_inline_auto\" id=\"style-css-av-lnk08r70-dabee50fe98a142a3ef575393e19a591\">\n#top .av-special-heading.av-lnk08r70-dabee50fe98a142a3ef575393e19a591{\npadding-bottom:10px;\ncolor:#10172c;\nfont-size:45px;\n}\nbody .av-special-heading.av-lnk08r70-dabee50fe98a142a3ef575393e19a591 .av-special-heading-tag .heading-char{\nfont-size:25px;\n}\n#top #wrap_all .av-special-heading.av-lnk08r70-dabee50fe98a142a3ef575393e19a591 .av-special-heading-tag{\nfont-size:45px;\n}\n.av-special-heading.av-lnk08r70-dabee50fe98a142a3ef575393e19a591 .special-heading-inner-border{\nborder-color:#10172c;\n}\n.av-special-heading.av-lnk08r70-dabee50fe98a142a3ef575393e19a591 .av-subheading{\nfont-size:14px;\ncolor:#ad9779;\n}\n\n@media only screen and (min-width: 480px) and (max-width: 767px){ \n#top #wrap_all .av-special-heading.av-lnk08r70-dabee50fe98a142a3ef575393e19a591 .av-special-heading-tag{\nfont-size:0.8em;\n}\n}\n\n@media only screen and (max-width: 479px){ \n#top #wrap_all .av-special-heading.av-lnk08r70-dabee50fe98a142a3ef575393e19a591 .av-special-heading-tag{\nfont-size:0.8em;\n}\n}\n<\/style>\n<div  id=\"baslik\"  class='av-special-heading av-lnk08r70-dabee50fe98a142a3ef575393e19a591 av-special-heading-h3 custom-color-heading blockquote modern-quote modern-centered  avia-builder-el-3  el_before_av_textblock  avia-builder-el-first  baslik baslik av-inherit-size'><div class='av_custom_color av-subheading av-subheading_above'><p>CANER&amp;CAN ANWALTS \u2013 und MEDIATIONSKANZLEI<\/p>\n<\/div><h3 class='av-special-heading-tag'  itemprop=\"headline\"  >\u00dcber Uns<\/h3><div class=\"special-heading-border\"><div class=\"special-heading-inner-border\"><\/div><\/div><\/div><br \/>\n\n<style type=\"text\/css\" data-created_by=\"avia_inline_auto\" id=\"style-css-av-1wkcpw-986f1aead9f7af3c421ed936118c24e0\">\n#top .av_textblock_section.av-1wkcpw-986f1aead9f7af3c421ed936118c24e0 .avia_textblock{\ntext-align:justify;\n}\n<\/style>\n<section  class='av_textblock_section av-1wkcpw-986f1aead9f7af3c421ed936118c24e0 '   itemscope=\"itemscope\" itemtype=\"https:\/\/schema.org\/CreativeWork\" ><div class='avia_textblock'  itemprop=\"text\" ><p>Unsere Kanzlei wurde im Jahr 1992 von unserem Gr\u00fcndungspartner Mustafa \u00dclk\u00fc CANER ins Leben gerufen. Unser B\u00fcro betreut seit seiner Gr\u00fcndung\u00a0 \u00fcberwiegend im Ausland ans\u00e4ssige Personen, schwerwiegend deutsche, \u00f6sterreichische und schweizerische Mandanten.<\/p>\n<p>Seit unserer Gr\u00fcndung haben wir eng mit verschiedenen Rechtsschutzversicherungen zusammengearbeitet, darunter insbesondere Allianz Rechtsschutz, Arag Rechtsschutz und Ergo Rechtsschutz. Wir sind stolz darauf, als eine vertrauensw\u00fcrdige Anwaltskanzlei f\u00fcr Rechtsschutzangelegenheiten in der T\u00fcrkei anerkannt zu sein.<br \/>\nDar\u00fcber hinaus haben wir das Vertrauen des Deutschen\u00a0 Generalkonsulats in \u0130zmir, der \u00d6sterreichischen Botschaft und der Schweizer Botschaft als zuverl\u00e4ssige Rechtsanwaltskanzlei gewonnen.<\/p>\n<p>In den Jahren 2007 bis 2021 hatte unser Gr\u00fcndungspartner Mustafa \u00dclk\u00fc CANER, das Amt des Ehrenamtliches Honorarkonsul von \u00d6sterreich in Izmir und in den Region der \u00c4g\u00e4is ausgef\u00fchrt.<\/p>\n<p>Unsere Zentrale befindet sich in Izmir, und wir vertreten unsere Mandanten nicht nur in dieser Region, sondern <strong>in der gesamten T\u00fcrkei<\/strong>, einschlie\u00dflich St\u00e4dten wie Istanbul, Ankara, Antalya (Manavgat, Alanya) und Mu\u011fla (Bodrum, Marmaris). Seit mehr als 30 Jahren bieten wir kontinuierlich unsere Dienstleistungen an.<\/p>\n<\/div><\/section><\/p><\/div><\/div><\/div><\/div><!-- close content main div --><\/div><\/div><div id='ekip'  class='av-layout-grid-container av-7ttlw4-b5b8dd754e1cec4f6333fcbf0e5f03d5 entry-content-wrapper main_color av-flex-cells  avia-builder-el-5  el_after_av_section  avia-builder-el-last  grid-row-not-first  container_wrap fullsize'  >\n<div class='flex_cell av-5gkjs4-3d5156c159535e7839217931947ff0c0 av-gridrow-cell av_one_fourth no_margin  avia-builder-el-6  el_before_av_cell_one_half  avia-builder-el-first '  ><div class='flex_cell_inner'><\/div><\/div>\n<style type=\"text\/css\" data-created_by=\"avia_inline_auto\" id=\"style-css-av-3ooqkk-e47f8797addf06cd1a7f7eb00750b5c9\">\n.flex_cell.av-3ooqkk-e47f8797addf06cd1a7f7eb00750b5c9{\nvertical-align:top;\n}\n<\/style>\n<div class='flex_cell av-3ooqkk-e47f8797addf06cd1a7f7eb00750b5c9 av-gridrow-cell av_one_half no_margin  avia-builder-el-7  el_after_av_cell_one_fourth  el_before_av_cell_one_fourth '  ><div class='flex_cell_inner'><p>\n<style type=\"text\/css\" data-created_by=\"avia_inline_auto\" id=\"style-css-av-lnk9l4df-712459b0c40ecbb7569fc5ef6a3359d9\">\n#top .av-special-heading.av-lnk9l4df-712459b0c40ecbb7569fc5ef6a3359d9{\npadding-bottom:50px;\ncolor:#10172c;\nfont-size:45px;\n}\nbody .av-special-heading.av-lnk9l4df-712459b0c40ecbb7569fc5ef6a3359d9 .av-special-heading-tag .heading-char{\nfont-size:25px;\n}\n#top #wrap_all .av-special-heading.av-lnk9l4df-712459b0c40ecbb7569fc5ef6a3359d9 .av-special-heading-tag{\nfont-size:45px;\n}\n.av-special-heading.av-lnk9l4df-712459b0c40ecbb7569fc5ef6a3359d9 .special-heading-inner-border{\nborder-color:#10172c;\n}\n.av-special-heading.av-lnk9l4df-712459b0c40ecbb7569fc5ef6a3359d9 .av-subheading{\nfont-size:14px;\n}\n\n@media only screen and (min-width: 480px) and (max-width: 767px){ \n#top #wrap_all .av-special-heading.av-lnk9l4df-712459b0c40ecbb7569fc5ef6a3359d9 .av-special-heading-tag{\nfont-size:0.8em;\n}\n}\n\n@media only screen and (max-width: 479px){ \n#top #wrap_all .av-special-heading.av-lnk9l4df-712459b0c40ecbb7569fc5ef6a3359d9 .av-special-heading-tag{\nfont-size:0.8em;\n}\n}\n<\/style>\n<div  id=\"baslik\"  class='av-special-heading av-lnk9l4df-712459b0c40ecbb7569fc5ef6a3359d9 av-special-heading-h3 custom-color-heading blockquote modern-quote modern-centered  avia-builder-el-8  el_before_av_one_half  avia-builder-el-first  baslik baslik av-inherit-size'><h3 class='av-special-heading-tag'  itemprop=\"headline\"  >Unser Team <\/h3><div class=\"special-heading-border\"><div class=\"special-heading-inner-border\"><\/div><\/div><\/div><br \/>\n\n<style type=\"text\/css\" data-created_by=\"avia_inline_auto\" id=\"style-css-av-lnk8mlnz-af925810f37ca4dcc41d8d0a043f766d\">\n.flex_column.av-lnk8mlnz-af925810f37ca4dcc41d8d0a043f766d{\nwidth:48.5%;\n}\n<\/style>\n<div  id=\"grid-item-inner\"  class='flex_column av-lnk8mlnz-af925810f37ca4dcc41d8d0a043f766d av_one_half  avia-builder-el-9  el_after_av_heading  el_before_av_one_half  grid-item-inner grid-item-inner first flex_column_div  '     aria-label='grid-item-inner'  ><p>\n<style type=\"text\/css\" data-created_by=\"avia_inline_auto\" id=\"style-css-av-lnk8r9ck-6cf94f41f00a3ce1daedc7467e1e38e4\">\n.avia-image-container.av-lnk8r9ck-6cf94f41f00a3ce1daedc7467e1e38e4 img.avia_image{\nbox-shadow:none;\n}\n.avia-image-container.av-lnk8r9ck-6cf94f41f00a3ce1daedc7467e1e38e4 .av-image-caption-overlay-center{\ncolor:#ffffff;\n}\n<\/style>\n<div  id=\"ft-case-study-img2\"  class='avia-image-container av-lnk8r9ck-6cf94f41f00a3ce1daedc7467e1e38e4 av-styling-no-styling avia-align-center  avia-builder-el-10  el_before_av_codeblock  avia-builder-el-first  ft-case-study-img2 ft-case-study-img2'   itemprop=\"image\" itemscope=\"itemscope\" itemtype=\"https:\/\/schema.org\/ImageObject\" ><div class=\"avia-image-container-inner\"><div class=\"avia-image-overlay-wrap\"><img decoding=\"async\" class='wp-image-3622 avia-img-lazy-loading-not-3622 avia_image ' src=\"https:\/\/canercanlaw.com\/de\/wp-content\/uploads\/2023\/10\/Mustafa-Ulku-Caner-1.jpg\" alt='' title='Mustafa \u00dclk\u00fc Caner'  height=\"1440\" width=\"960\"  itemprop=\"thumbnailUrl\" srcset=\"https:\/\/canercanlaw.com\/de\/wp-content\/uploads\/2023\/10\/Mustafa-Ulku-Caner-1.jpg 960w, https:\/\/canercanlaw.com\/de\/wp-content\/uploads\/2023\/10\/Mustafa-Ulku-Caner-1-200x300.jpg 200w, https:\/\/canercanlaw.com\/de\/wp-content\/uploads\/2023\/10\/Mustafa-Ulku-Caner-1-687x1030.jpg 687w, https:\/\/canercanlaw.com\/de\/wp-content\/uploads\/2023\/10\/Mustafa-Ulku-Caner-1-768x1152.jpg 768w, https:\/\/canercanlaw.com\/de\/wp-content\/uploads\/2023\/10\/Mustafa-Ulku-Caner-1-470x705.jpg 470w\" sizes=\"(max-width: 960px) 100vw, 960px\" \/><\/div><\/div><\/div><br \/>\n<br \/>\n\n<style type=\"text\/css\" data-created_by=\"avia_inline_auto\" id=\"style-css-av-lnk9dy8x-2a8d4527692dcb503e1bcfe28858ef6c\">\n#top .av-special-heading.av-lnk9dy8x-2a8d4527692dcb503e1bcfe28858ef6c{\nmargin:0px 0px 0px 0px;\ncolor:#203556;\nfont-size:22px;\n}\nbody .av-special-heading.av-lnk9dy8x-2a8d4527692dcb503e1bcfe28858ef6c .av-special-heading-tag .heading-char{\nfont-size:25px;\n}\n#top #wrap_all .av-special-heading.av-lnk9dy8x-2a8d4527692dcb503e1bcfe28858ef6c .av-special-heading-tag{\nfont-size:22px;\npadding:15px 0px 0px 0px;\n}\n.av-special-heading.av-lnk9dy8x-2a8d4527692dcb503e1bcfe28858ef6c .special-heading-inner-border{\nborder-color:#203556;\n}\n.av-special-heading.av-lnk9dy8x-2a8d4527692dcb503e1bcfe28858ef6c .av-subheading{\nfont-size:15px;\n}\n\n@media only screen and (min-width: 480px) and (max-width: 767px){ \n#top #wrap_all .av-special-heading.av-lnk9dy8x-2a8d4527692dcb503e1bcfe28858ef6c .av-special-heading-tag{\nfont-size:0.8em;\n}\n}\n\n@media only screen and (max-width: 479px){ \n#top #wrap_all .av-special-heading.av-lnk9dy8x-2a8d4527692dcb503e1bcfe28858ef6c .av-special-heading-tag{\nfont-size:0.8em;\n}\n}\n<\/style>\n<div  id=\"prensipbaslik\"  class='av-special-heading av-lnk9dy8x-2a8d4527692dcb503e1bcfe28858ef6c av-special-heading-h3 custom-color-heading blockquote modern-quote modern-centered  avia-builder-el-12  el_after_av_codeblock  avia-builder-el-last  prensipbaslik prensipbaslik av-inherit-size'><h3 class='av-special-heading-tag'  itemprop=\"headline\"  >Rechtsanwalt Mustafa \u00dclk\u00fc CANER <\/h3><div class='av_custom_color av-subheading av-subheading_below'><p>Gr\u00fcnder\/Partner Mediator<\/p>\n<\/div><div class=\"special-heading-border\"><div class=\"special-heading-inner-border\"><\/div><\/div><\/div><\/p><\/div>\n<style type=\"text\/css\" data-created_by=\"avia_inline_auto\" id=\"style-css-av-27uims-b4161937b4d5a379b042d8dca2b90f71\">\n.flex_column.av-27uims-b4161937b4d5a379b042d8dca2b90f71{\nwidth:48.5%;\nmargin-left:3%;\n}\n<\/style>\n<div  id=\"grid-item-inner\"  class='flex_column av-27uims-b4161937b4d5a379b042d8dca2b90f71 av_one_half  avia-builder-el-13  el_after_av_one_half  avia-builder-el-last  grid-item-inner grid-item-inner flex_column_div  '     aria-label='grid-item-inner'  ><\/div><\/p>\n<\/div><\/div>\n<style type=\"text\/css\" data-created_by=\"avia_inline_auto\" id=\"style-css-av-2jhbsk-4fbdeb3e3ea65d3a3f9e4639cb2af2c7\">\n.flex_cell.av-2jhbsk-4fbdeb3e3ea65d3a3f9e4639cb2af2c7{\nvertical-align:top;\n}\n<\/style>\n<div class='flex_cell av-2jhbsk-4fbdeb3e3ea65d3a3f9e4639cb2af2c7 av-gridrow-cell av_one_fourth no_margin  avia-builder-el-14  el_after_av_cell_one_half  avia-builder-el-last '  ><div class='flex_cell_inner'><\/div><\/div><\/div><\/p>\n","protected":false},"excerpt":{"rendered":"","protected":false},"author":1,"featured_media":0,"parent":0,"menu_order":0,"comment_status":"closed","ping_status":"closed","template":"","meta":{"footnotes":""},"class_list":["post-3492","page","type-page","status-publish","hentry"],"_links":{"self":[{"href":"https:\/\/canercanlaw.com\/de\/wp-json\/wp\/v2\/pages\/3492","targetHints":{"allow":["GET"]}}],"collection":[{"href":"https:\/\/canercanlaw.com\/de\/wp-json\/wp\/v2\/pages"}],"about":[{"href":"https:\/\/canercanlaw.com\/de\/wp-json\/wp\/v2\/types\/page"}],"author":[{"embeddable":true,"href":"https:\/\/canercanlaw.com\/de\/wp-json\/wp\/v2\/users\/1"}],"replies":[{"embeddable":true,"href":"https:\/\/canercanlaw.com\/de\/wp-json\/wp\/v2\/comments?post=3492"}],"version-history":[{"count":58,"href":"https:\/\/canercanlaw.com\/de\/wp-json\/wp\/v2\/pages\/3492\/revisions"}],"predecessor-version":[{"id":4113,"href":"https:\/\/canercanlaw.com\/de\/wp-json\/wp\/v2\/pages\/3492\/revisions\/4113"}],"wp:attachment":[{"href":"https:\/\/canercanlaw.com\/de\/wp-json\/wp\/v2\/media?parent=3492"}],"curies":[{"name":"wp","href":"https:\/\/api.w.org\/{rel}","templated":true}]}}