{"id":3653,"date":"2023-10-11T15:04:24","date_gmt":"2023-10-11T12:04:24","guid":{"rendered":"https:\/\/canercanlaw.com\/de\/?page_id=3653"},"modified":"2024-01-10T10:34:58","modified_gmt":"2024-01-10T07:34:58","slug":"ist-meine-rechtsschutzversicherung-in-der-turkei-gultig","status":"publish","type":"page","link":"https:\/\/canercanlaw.com\/de\/ist-meine-rechtsschutzversicherung-in-der-turkei-gultig\/","title":{"rendered":"Geb\u00fchren und Auslagen"},"content":{"rendered":"<div id='av_section_1'  class='avia-section av-bcgidx-ef5bad2b1b55b6b1eb98a124b6f670a7 main_color avia-section-default avia-no-border-styling  avia-builder-el-0  el_before_av_section  avia-builder-el-first  avia-bg-style-scroll container_wrap fullsize'  ><div class='container av-section-cont-open' ><main  role=\"main\" itemprop=\"mainContentOfPage\"  class='template-page content  av-content-full alpha units'><div class='post-entry post-entry-type-page post-entry-3653'><div class='entry-content-wrapper clearfix'>\n<div  class='flex_column av-ugtud-c5e272f7363f17dac02439412d53de65 av_one_full  avia-builder-el-1  el_before_av_one_full  avia-builder-el-first  first flex_column_div  '     ><style type=\"text\/css\" data-created_by=\"avia_inline_auto\" id=\"style-css-av-lnlsvrjr-b951f88b6e658c94938ad48bc90fd3ef\">\n#top .av-special-heading.av-lnlsvrjr-b951f88b6e658c94938ad48bc90fd3ef{\npadding-bottom:10px;\ncolor:#10172c;\nfont-size:45px;\n}\nbody .av-special-heading.av-lnlsvrjr-b951f88b6e658c94938ad48bc90fd3ef .av-special-heading-tag .heading-char{\nfont-size:25px;\n}\n#top #wrap_all .av-special-heading.av-lnlsvrjr-b951f88b6e658c94938ad48bc90fd3ef .av-special-heading-tag{\nfont-size:45px;\n}\n.av-special-heading.av-lnlsvrjr-b951f88b6e658c94938ad48bc90fd3ef .special-heading-inner-border{\nborder-color:#10172c;\n}\n.av-special-heading.av-lnlsvrjr-b951f88b6e658c94938ad48bc90fd3ef .av-subheading{\nfont-size:14px;\ncolor:#ad9779;\n}\n\n@media only screen and (min-width: 480px) and (max-width: 767px){ \n#top #wrap_all .av-special-heading.av-lnlsvrjr-b951f88b6e658c94938ad48bc90fd3ef .av-special-heading-tag{\nfont-size:0.8em;\n}\n}\n\n@media only screen and (max-width: 479px){ \n#top #wrap_all .av-special-heading.av-lnlsvrjr-b951f88b6e658c94938ad48bc90fd3ef .av-special-heading-tag{\nfont-size:0.8em;\n}\n}\n<\/style>\n<div  id=\"baslik\"  class='av-special-heading av-lnlsvrjr-b951f88b6e658c94938ad48bc90fd3ef av-special-heading-h3 custom-color-heading blockquote modern-quote modern-centered  avia-builder-el-2  avia-builder-el-no-sibling  baslik baslik av-inherit-size'><div class='av_custom_color av-subheading av-subheading_above'><p>CANER&amp;CAN ANWALTS \u2013 und MEDIATIONSKANZLEI<\/p>\n<\/div><h3 class='av-special-heading-tag'  itemprop=\"headline\"  >Geb\u00fchren und Auslagen<\/h3><div class=\"special-heading-border\"><div class=\"special-heading-inner-border\"><\/div><\/div><\/div><\/div><div  class='flex_column av-77oxgl-a8cb354c856756ced3b30e427ade2233 av_one_full  avia-builder-el-3  el_after_av_one_full  avia-builder-el-last  first flex_column_div  column-top-margin'     ><style type=\"text\/css\" data-created_by=\"avia_inline_auto\" id=\"style-css-av-jpydh-4b7e6f72c25d0f8fbd7bdc72129be401\">\n#top .av_textblock_section.av-jpydh-4b7e6f72c25d0f8fbd7bdc72129be401 .avia_textblock{\ntext-align:justify;\n}\n<\/style>\n<section  class='av_textblock_section av-jpydh-4b7e6f72c25d0f8fbd7bdc72129be401 '   itemscope=\"itemscope\" itemtype=\"https:\/\/schema.org\/CreativeWork\" ><div class='avia_textblock'  itemprop=\"text\" ><p>Caner &amp; Can Rechtsanwaltskanzlei verfolgt eine \u00e4u\u00dferst transparente Geb\u00fchrenpolitik. Wir bieten Ihnen bereits bei Ihrer ersten Kontaktaufnahme die bestm\u00f6gliche und kosteneffiziente L\u00f6sung an.<\/p>\n<p>Falls es zu einer gerichtlichen Auseinandersetzung kommt, teilen wir Ihnen transparent mit, welche Kosten auf Sie zukommen werden, einschlie\u00dflich Anwaltsgeb\u00fchren, \u00dcbersetzungskosten, Gerichtsgeb\u00fchren und mehr. Wir bem\u00fchen uns, Ihre rechtlichen Bed\u00fcrfnisse im Rahmen der Geb\u00fchrenordnung der Anwaltskammer und im Einklang mit den einschl\u00e4gigen Gesetzen bestm\u00f6glich zu erf\u00fcllen.<\/p>\n<p>Damit stellen wir sicher, dass Sie stets gut informiert sind und klare Einsicht in die anstehenden Kosten haben, sei es im Rahmen au\u00dfergerichtlicher L\u00f6sungen oder im Falle eines gerichtlichen Verfahrens. Unser Ziel ist es, Ihre Interessen auf transparente und wirtschaftliche Weise zu vertreten.<\/p>\n<\/div><\/section><\/div>\n\n<\/div><\/div><\/main><!-- close content main element --><\/div><\/div><div id='av_section_2'  class='avia-section av-440nit-c0970e578335d0ef9ceef4d70a1eeb0f main_color avia-section-default avia-no-border-styling  avia-builder-el-5  el_after_av_section  avia-builder-el-last  avia-bg-style-scroll container_wrap fullsize'  ><div class='container av-section-cont-open' ><div class='template-page content  av-content-full alpha units'><div class='post-entry post-entry-type-page post-entry-3653'><div class='entry-content-wrapper clearfix'>\n<div  class='flex_column av-1y1aph-13f8cba6a0ae38d7c725b9f84b31508f av_one_full  avia-builder-el-6  el_before_av_hr  avia-builder-el-first  first flex_column_div  '     ><p>\n<style type=\"text\/css\" data-created_by=\"avia_inline_auto\" id=\"style-css-av-lnlswlk5-e6dce3ecfa236814fd5439064870d694\">\n#top .av-special-heading.av-lnlswlk5-e6dce3ecfa236814fd5439064870d694{\nmargin:0px 0px 0px 0px;\npadding-bottom:0px;\ncolor:#10172c;\nfont-size:25px;\n}\nbody .av-special-heading.av-lnlswlk5-e6dce3ecfa236814fd5439064870d694 .av-special-heading-tag .heading-char{\nfont-size:25px;\n}\n#top #wrap_all .av-special-heading.av-lnlswlk5-e6dce3ecfa236814fd5439064870d694 .av-special-heading-tag{\nfont-size:25px;\npadding:0px 0px 0px 0px;\n}\n.av-special-heading.av-lnlswlk5-e6dce3ecfa236814fd5439064870d694 .special-heading-inner-border{\nborder-color:#10172c;\n}\n.av-special-heading.av-lnlswlk5-e6dce3ecfa236814fd5439064870d694 .av-subheading{\nfont-size:14px;\n}\n\n@media only screen and (min-width: 480px) and (max-width: 767px){ \n#top #wrap_all .av-special-heading.av-lnlswlk5-e6dce3ecfa236814fd5439064870d694 .av-special-heading-tag{\nfont-size:0.8em;\n}\n}\n\n@media only screen and (max-width: 479px){ \n#top #wrap_all .av-special-heading.av-lnlswlk5-e6dce3ecfa236814fd5439064870d694 .av-special-heading-tag{\nfont-size:0.8em;\n}\n}\n<\/style>\n<div  id=\"baslik\"  class='av-special-heading av-lnlswlk5-e6dce3ecfa236814fd5439064870d694 av-special-heading-h3 custom-color-heading blockquote modern-quote  avia-builder-el-7  el_before_av_textblock  avia-builder-el-first  baslik baslik av-inherit-size'><h3 class='av-special-heading-tag'  itemprop=\"headline\"  >Verf\u00fcgen Sie \u00fcber eine Rechtsschutzversicherung?<\/h3><div class=\"special-heading-border\"><div class=\"special-heading-inner-border\"><\/div><\/div><\/div><br \/>\n\n<style type=\"text\/css\" data-created_by=\"avia_inline_auto\" id=\"style-css-av-lnlsw35q-cfa50529ac6d674d1c7379b6cf0b9f3b\">\n#top .av_textblock_section.av-lnlsw35q-cfa50529ac6d674d1c7379b6cf0b9f3b .avia_textblock{\ntext-align:justify;\n}\n<\/style>\n<section  class='av_textblock_section av-lnlsw35q-cfa50529ac6d674d1c7379b6cf0b9f3b '   itemscope=\"itemscope\" itemtype=\"https:\/\/schema.org\/CreativeWork\" ><div class='avia_textblock'  itemprop=\"text\" ><p>Unsere Kanzlei steht seit mehr als 30 Jahren in Kontakt mit verschiedenen Rechtsschutzversicherungen, insbesondere in Deutschland, \u00d6sterreich, der Schweiz und Belgien.<\/p>\n<p>Rechtsschutzversicherungen decken in der Regel Anwaltsgeb\u00fchren und Prozesskosten in vielen F\u00e4llen. Nat\u00fcrlich h\u00e4ngt dies von Ihrem individuellen Versicherungsvertrag ab.<\/p>\n<p>Falls Sie \u00fcber eine Rechtsschutzversicherung verf\u00fcgen, teilen Sie uns dies bitte mit. Unsere Kanzlei kann auf Wunsch direkt Kontakt mit Ihrer Versicherung aufnehmen und den gesamten Prozess in Ihrem Namen betreuen.<\/p>\n<\/div><\/section><\/p><\/div>\n<style type=\"text\/css\" data-created_by=\"avia_inline_auto\" id=\"style-css-av-av_hr-60998662fd766a7822288c1242627e7b\">\n#top .hr.av-av_hr-60998662fd766a7822288c1242627e7b{\nmargin-top:30px;\nmargin-bottom:30px;\n}\n.hr.av-av_hr-60998662fd766a7822288c1242627e7b .hr-inner{\nwidth:5000px;\nborder-color:#dadada;\n}\n<\/style>\n<div  class='hr av-av_hr-60998662fd766a7822288c1242627e7b hr-custom  avia-builder-el-9  el_after_av_one_full  el_before_av_textblock  hr-center hr-icon-no'><span class='hr-inner inner-border-av-border-thin'><span class=\"hr-inner-style\"><\/span><\/span><\/div>\n<section  class='av_textblock_section av-lr7gtwk4-7cb456db11c358e82b98608d2da4e370 '   itemscope=\"itemscope\" itemtype=\"https:\/\/schema.org\/CreativeWork\" ><div class='avia_textblock'  itemprop=\"text\" ><p>Tags: <a href=\"https:\/\/canercanlaw.com\/de\/ist-meine-rechtsschutzversicherung-in-der-turkei-gultig\/\">Ist meine Rechtsschutzversicherung in der T\u00fcrkei g\u00fcltig?<\/a><\/p>\n<\/div><\/section>\n\n","protected":false},"excerpt":{"rendered":"","protected":false},"author":1,"featured_media":0,"parent":0,"menu_order":0,"comment_status":"closed","ping_status":"closed","template":"","meta":{"footnotes":""},"class_list":["post-3653","page","type-page","status-publish","hentry"],"_links":{"self":[{"href":"https:\/\/canercanlaw.com\/de\/wp-json\/wp\/v2\/pages\/3653","targetHints":{"allow":["GET"]}}],"collection":[{"href":"https:\/\/canercanlaw.com\/de\/wp-json\/wp\/v2\/pages"}],"about":[{"href":"https:\/\/canercanlaw.com\/de\/wp-json\/wp\/v2\/types\/page"}],"author":[{"embeddable":true,"href":"https:\/\/canercanlaw.com\/de\/wp-json\/wp\/v2\/users\/1"}],"replies":[{"embeddable":true,"href":"https:\/\/canercanlaw.com\/de\/wp-json\/wp\/v2\/comments?post=3653"}],"version-history":[{"count":10,"href":"https:\/\/canercanlaw.com\/de\/wp-json\/wp\/v2\/pages\/3653\/revisions"}],"predecessor-version":[{"id":4062,"href":"https:\/\/canercanlaw.com\/de\/wp-json\/wp\/v2\/pages\/3653\/revisions\/4062"}],"wp:attachment":[{"href":"https:\/\/canercanlaw.com\/de\/wp-json\/wp\/v2\/media?parent=3653"}],"curies":[{"name":"wp","href":"https:\/\/api.w.org\/{rel}","templated":true}]}}