{"id":3667,"date":"2023-10-11T15:28:34","date_gmt":"2023-10-11T12:28:34","guid":{"rendered":"https:\/\/canercanlaw.com\/de\/?page_id=3667"},"modified":"2024-01-10T10:36:28","modified_gmt":"2024-01-10T07:36:28","slug":"arztfehler-in-der-turkei","status":"publish","type":"page","link":"https:\/\/canercanlaw.com\/de\/arztfehler-in-der-turkei\/","title":{"rendered":"Gesundheitsrecht"},"content":{"rendered":"\n<style type=\"text\/css\" data-created_by=\"avia_inline_auto\" id=\"style-css-av-1q7wnhv-438ea012bd637a88653d7d50fe373ff6\">\n.avia-section.av-1q7wnhv-438ea012bd637a88653d7d50fe373ff6{\nbackground-repeat:no-repeat;\nbackground-image:url(https:\/\/canercanlaw.com\/de\/wp-content\/uploads\/2023\/10\/saglik-hukuku1.jpg);\nbackground-position:50% 50%;\nbackground-attachment:scroll;\n}\n.avia-section.av-1q7wnhv-438ea012bd637a88653d7d50fe373ff6 .av-section-color-overlay{\nopacity:0.3;\nbackground-color:#020202;\n}\n<\/style>\n<div id='av_section_1'  class='avia-section av-1q7wnhv-438ea012bd637a88653d7d50fe373ff6 main_color avia-section-default avia-no-border-styling  avia-builder-el-0  el_before_av_section  avia-builder-el-first  avia-full-stretch avia-bg-style-scroll av-section-color-overlay-active av-minimum-height av-minimum-height-75 av-height-75  container_wrap fullsize'  data-section-bg-repeat='stretch' data-av_minimum_height_pc='75' data-av_min_height_opt='75'><div class=\"av-section-color-overlay-wrap\"><div class=\"av-section-color-overlay\"><\/div><div class='container av-section-cont-open' ><main  role=\"main\" itemprop=\"mainContentOfPage\"  class='template-page content  av-content-full alpha units'><div class='post-entry post-entry-type-page post-entry-3667'><div class='entry-content-wrapper clearfix'>\n<\/div><\/div><\/main><!-- close content main element --><\/div><\/div><\/div><div id='av_section_2'  class='avia-section av-1nq5k1v-c4649f4fa31761d8da00996bf8cc4f0b main_color avia-section-default avia-no-border-styling  avia-builder-el-1  el_after_av_section  avia-builder-el-last  avia-bg-style-scroll container_wrap fullsize'  ><div class='container av-section-cont-open' ><div class='template-page content  av-content-full alpha units'><div class='post-entry post-entry-type-page post-entry-3667'><div class='entry-content-wrapper clearfix'>\n<div  class='flex_column av-1mzd1tv-88c05607f5ffe3ec2faf5edb81213c85 av_one_full  avia-builder-el-2  el_before_av_one_full  avia-builder-el-first  first flex_column_div  '     ><p>\n<style type=\"text\/css\" data-created_by=\"avia_inline_auto\" id=\"style-css-av-lnlq8ikj-4e8f59bb337ee363c3e1808c4b75c6ab\">\n#top .av-special-heading.av-lnlq8ikj-4e8f59bb337ee363c3e1808c4b75c6ab{\npadding-bottom:10px;\ncolor:#10172c;\nfont-size:45px;\n}\nbody .av-special-heading.av-lnlq8ikj-4e8f59bb337ee363c3e1808c4b75c6ab .av-special-heading-tag .heading-char{\nfont-size:25px;\n}\n#top #wrap_all .av-special-heading.av-lnlq8ikj-4e8f59bb337ee363c3e1808c4b75c6ab .av-special-heading-tag{\nfont-size:45px;\n}\n.av-special-heading.av-lnlq8ikj-4e8f59bb337ee363c3e1808c4b75c6ab .special-heading-inner-border{\nborder-color:#10172c;\n}\n.av-special-heading.av-lnlq8ikj-4e8f59bb337ee363c3e1808c4b75c6ab .av-subheading{\nfont-size:14px;\ncolor:#ad9779;\n}\n\n@media only screen and (min-width: 480px) and (max-width: 767px){ \n#top #wrap_all .av-special-heading.av-lnlq8ikj-4e8f59bb337ee363c3e1808c4b75c6ab .av-special-heading-tag{\nfont-size:0.8em;\n}\n}\n\n@media only screen and (max-width: 479px){ \n#top #wrap_all .av-special-heading.av-lnlq8ikj-4e8f59bb337ee363c3e1808c4b75c6ab .av-special-heading-tag{\nfont-size:0.8em;\n}\n}\n<\/style>\n<div  id=\"baslik\"  class='av-special-heading av-lnlq8ikj-4e8f59bb337ee363c3e1808c4b75c6ab av-special-heading-h3 custom-color-heading blockquote modern-quote modern-centered  avia-builder-el-3  el_before_av_textblock  avia-builder-el-first  baslik baslik av-inherit-size'><div class='av_custom_color av-subheading av-subheading_above'><p>CANER&amp;CAN ANWALTS \u2013 und MEDIATIONSKANZLEI<\/p>\n<\/div><h3 class='av-special-heading-tag'  itemprop=\"headline\"  >Gesundheitsrecht<\/h3><div class=\"special-heading-border\"><div class=\"special-heading-inner-border\"><\/div><\/div><\/div><br \/>\n\n<style type=\"text\/css\" data-created_by=\"avia_inline_auto\" id=\"style-css-av-lnlq8tsx-3599cea711a0529f66ed78f88934bb3a\">\n#top .av_textblock_section.av-lnlq8tsx-3599cea711a0529f66ed78f88934bb3a .avia_textblock{\ntext-align:justify;\n}\n<\/style>\n<section  class='av_textblock_section av-lnlq8tsx-3599cea711a0529f66ed78f88934bb3a '   itemscope=\"itemscope\" itemtype=\"https:\/\/schema.org\/CreativeWork\" ><div class='avia_textblock'  itemprop=\"text\" ><p>Heutzutage z\u00e4hlt die T\u00fcrkei zu den wichtigsten L\u00e4ndern im Bereich des Gesundheitstourismus weltweit. Jedes Jahr besuchen Zehntausende von Menschen die T\u00fcrkei aus gesundheitstouristischen Gr\u00fcnden. Ein Teil dieser Besucher entscheidet sich f\u00fcr die T\u00fcrkei, um medizinisch behandelt zu werden, w\u00e4hrend der Gro\u00dfteil aus Sch\u00f6nheits- und \u00e4sthetischen Gr\u00fcnden in die T\u00fcrkei kommt. Die Gr\u00fcnde f\u00fcr die hohe Pr\u00e4ferenz f\u00fcr die T\u00fcrkei sind in erster Linie die Qualit\u00e4t der Gesundheitsdienstleister in der T\u00fcrkei und nat\u00fcrlich die Tatsache, dass Gesundheitsdienste in der T\u00fcrkei im Vergleich zu anderen L\u00e4ndern zu sehr g\u00fcnstigen Preisen angeboten werden. Obwohl diese Dienstleistungen in gro\u00dfem Ma\u00dfe problemlos angeboten werden, ist es nat\u00fcrlich eine Tatsache, dass einige Patienten in einigen F\u00e4llen Probleme haben und sich \u00fcber die erhaltenen Dienstleistungen beschweren.<\/p>\n<p>Aber was passiert, wenn es w\u00e4hrend eines medizinischen Eingriffs, sei es aus \u00e4sthetischen oder therapeutischen Gr\u00fcnden, zu einer Verletzung des Patienten aufgrund von Fahrl\u00e4ssigkeit des Arztes oder der Gesundheitseinrichtung kommt? Oder wenn aufgrund einer medizinischen Behandlung ein Schaden entsteht, den der Patient ertragen muss? Oder Sie sind mit dem Ergebnis der Sch\u00f6nheitsoperation unzufrieden? Kann die Verantwortung f\u00fcr solche Sch\u00e4den geltend gemacht werden? Nach t\u00fcrkischem Recht ist die Antwort auf diese Frage &#8220;Ja&#8221;.<\/p>\n<p>Nat\u00fcrlich muss zun\u00e4chst gepr\u00fcft werden, ob der medizinische Eingriff aus \u00e4sthetischen oder therapeutischen Gr\u00fcnden erfolgte. Wenn es einen Vorfall gibt, der als &#8220;Behandlungsfehler&#8221; w\u00e4hrend oder im Zusammenhang mit dem medizinischen Eingriff bezeichnet werden kann, kann eine Schadensersatzklage gegen die Verantwortlichen eingereicht werden.<\/p>\n<\/div><\/section><\/p><\/div><div  class='flex_column av-jr8oj-1a380b22c80868933f9eb32004e917f7 av_one_full  avia-builder-el-5  el_after_av_one_full  avia-builder-el-last  first flex_column_div  column-top-margin'     ><p>\n<style type=\"text\/css\" data-created_by=\"avia_inline_auto\" id=\"style-css-av-1ij8ioj-d45150c6628b378f2a5e71c322e67592\">\n#top .av-special-heading.av-1ij8ioj-d45150c6628b378f2a5e71c322e67592{\nmargin:0px 0px 0px 0px;\npadding-bottom:0px;\ncolor:#10172c;\nfont-size:25px;\n}\nbody .av-special-heading.av-1ij8ioj-d45150c6628b378f2a5e71c322e67592 .av-special-heading-tag .heading-char{\nfont-size:25px;\n}\n#top #wrap_all .av-special-heading.av-1ij8ioj-d45150c6628b378f2a5e71c322e67592 .av-special-heading-tag{\nfont-size:25px;\npadding:0px 0px 0px 0px;\n}\n.av-special-heading.av-1ij8ioj-d45150c6628b378f2a5e71c322e67592 .special-heading-inner-border{\nborder-color:#10172c;\n}\n.av-special-heading.av-1ij8ioj-d45150c6628b378f2a5e71c322e67592 .av-subheading{\nfont-size:14px;\n}\n\n@media only screen and (min-width: 480px) and (max-width: 767px){ \n#top #wrap_all .av-special-heading.av-1ij8ioj-d45150c6628b378f2a5e71c322e67592 .av-special-heading-tag{\nfont-size:0.8em;\n}\n}\n\n@media only screen and (max-width: 479px){ \n#top #wrap_all .av-special-heading.av-1ij8ioj-d45150c6628b378f2a5e71c322e67592 .av-special-heading-tag{\nfont-size:0.8em;\n}\n}\n<\/style>\n<div  id=\"baslik\"  class='av-special-heading av-1ij8ioj-d45150c6628b378f2a5e71c322e67592 av-special-heading-h3 custom-color-heading blockquote modern-quote  avia-builder-el-6  el_before_av_iconlist  avia-builder-el-first  baslik baslik av-inherit-size'><h3 class='av-special-heading-tag'  itemprop=\"headline\"  >Was kann gefordert werden?<\/h3><div class=\"special-heading-border\"><div class=\"special-heading-inner-border\"><\/div><\/div><\/div><br \/>\n\n<style type=\"text\/css\" data-created_by=\"avia_inline_auto\" id=\"style-css-av-1gww943-2d45b96a87636d602b5f85e50d29346c\">\n#top .avia-icon-list-container.av-1gww943-2d45b96a87636d602b5f85e50d29346c .iconlist_icon{\ncolor:#ad9779;\n}\n<\/style>\n<div  class='avia-icon-list-container av-1gww943-2d45b96a87636d602b5f85e50d29346c  avia-builder-el-7  el_after_av_heading  el_before_av_textblock '><ul class='avia-icon-list avia_animate_when_almost_visible avia-icon-list-left av-iconlist-small av-1gww943-2d45b96a87636d602b5f85e50d29346c avia-iconlist-animate'>\n<li><div class='iconlist_icon av-1f88tpv-b4496f675c7b514b94fd2bf892034c20 avia-font-tick_'><span class='iconlist-char' aria-hidden='true' data-av_icon='\uf102' data-av_iconfont='tick_'><\/span><\/div><article class=\"article-icon-entry av-iconlist-empty\"  itemscope=\"itemscope\" itemtype=\"https:\/\/schema.org\/CreativeWork\" ><div class=\"iconlist_content_wrap\"><header class=\"entry-content-header\"><div class='av_iconlist_title iconlist_title_small  '  itemprop=\"headline\" >Die Kosten f\u00fcr fehlerhafte medizinische Eingriffe, die durchgef\u00fchrt wurden,<\/div><\/header><div class='iconlist_content '  itemprop=\"text\" ><\/div><\/div><footer class=\"entry-footer\"><\/footer><\/article><div class=\"iconlist-timeline\"><\/div><\/li>\n<li><div class='iconlist_icon av-1f88tpv-5-1a58fb9ca24771943e29ffdd9207b2d0 avia-font-tick_'><span class='iconlist-char' aria-hidden='true' data-av_icon='\uf102' data-av_iconfont='tick_'><\/span><\/div><article class=\"article-icon-entry av-iconlist-empty\"  itemscope=\"itemscope\" itemtype=\"https:\/\/schema.org\/CreativeWork\" ><div class=\"iconlist_content_wrap\"><header class=\"entry-content-header\"><div class='av_iconlist_title iconlist_title_small  '  itemprop=\"headline\" >Die Kosten f\u00fcr eine geplante oder bereits durchgef\u00fchrte Korrekturbehandlung (in der T\u00fcrkei oder in einem anderen Land),<\/div><\/header><div class='iconlist_content '  itemprop=\"text\" ><\/div><\/div><footer class=\"entry-footer\"><\/footer><\/article><div class=\"iconlist-timeline\"><\/div><\/li>\n<li><div class='iconlist_icon av-1f88tpv-4-f7180f55ef6b1ac7c5b3b94765b38002 avia-font-tick_'><span class='iconlist-char' aria-hidden='true' data-av_icon='\uf102' data-av_iconfont='tick_'><\/span><\/div><article class=\"article-icon-entry av-iconlist-empty\"  itemscope=\"itemscope\" itemtype=\"https:\/\/schema.org\/CreativeWork\" ><div class=\"iconlist_content_wrap\"><header class=\"entry-content-header\"><div class='av_iconlist_title iconlist_title_small  '  itemprop=\"headline\" >Den Einkommensverlust w\u00e4hrend der Behandlung, wenn der Patient nicht arbeiten konnte,<\/div><\/header><div class='iconlist_content '  itemprop=\"text\" ><\/div><\/div><footer class=\"entry-footer\"><\/footer><\/article><div class=\"iconlist-timeline\"><\/div><\/li>\n<li><div class='iconlist_icon av-1f88tpv-3-6c7a420f0cfde65b7a21322b06ce0f54 avia-font-tick_'><span class='iconlist-char' aria-hidden='true' data-av_icon='\uf102' data-av_iconfont='tick_'><\/span><\/div><article class=\"article-icon-entry av-iconlist-empty\"  itemscope=\"itemscope\" itemtype=\"https:\/\/schema.org\/CreativeWork\" ><div class=\"iconlist_content_wrap\"><header class=\"entry-content-header\"><div class='av_iconlist_title iconlist_title_small  '  itemprop=\"headline\" >Verluste im Zusammenhang mit dauerhaften k\u00f6rperlichen Beeintr\u00e4chtigungen, (Bitte beachten Sie den Abschnitt \"Berechnungen\" auf der Seite f\u00fcr k\u00f6rperliche Sch\u00e4den)<\/div><\/header><div class='iconlist_content '  itemprop=\"text\" ><\/div><\/div><footer class=\"entry-footer\"><\/footer><\/article><div class=\"iconlist-timeline\"><\/div><\/li>\n<li><div class='iconlist_icon av-1f88tpv-2-e3c0f85337d79d8010f174faa20d2fad avia-font-tick_'><span class='iconlist-char' aria-hidden='true' data-av_icon='\uf102' data-av_iconfont='tick_'><\/span><\/div><article class=\"article-icon-entry av-iconlist-empty\"  itemscope=\"itemscope\" itemtype=\"https:\/\/schema.org\/CreativeWork\" ><div class=\"iconlist_content_wrap\"><header class=\"entry-content-header\"><div class='av_iconlist_title iconlist_title_small  '  itemprop=\"headline\" >Die Kosten f\u00fcr Transport, Unterkunft und andere Ausgaben im Zusammenhang mit der medizinischen Behandlung.<\/div><\/header><div class='iconlist_content '  itemprop=\"text\" ><\/div><\/div><footer class=\"entry-footer\"><\/footer><\/article><div class=\"iconlist-timeline\"><\/div><\/li>\n<li><div class='iconlist_icon av-1f88tpv-1-cc2f08ea872dc8cfc03a3229e595138d avia-font-tick_'><span class='iconlist-char' aria-hidden='true' data-av_icon='\uf102' data-av_iconfont='tick_'><\/span><\/div><article class=\"article-icon-entry av-iconlist-empty\"  itemscope=\"itemscope\" itemtype=\"https:\/\/schema.org\/CreativeWork\" ><div class=\"iconlist_content_wrap\"><header class=\"entry-content-header\"><div class='av_iconlist_title iconlist_title_small  '  itemprop=\"headline\" >Zum Schluss k\u00f6nnen selbstverst\u00e4ndlich, immaterielle Schadensersatzanspr\u00fcche f\u00fcr k\u00f6rperliche Schmerzen, Leiden und seelische oder psychische Belastungen in Folge fehlerhafter medizinischer Eingriffe geltend gemacht werden.<\/div><\/header><div class='iconlist_content '  itemprop=\"text\" ><\/div><\/div><footer class=\"entry-footer\"><\/footer><\/article><div class=\"iconlist-timeline\"><\/div><\/li>\n<\/ul><\/div><br \/>\n\n<style type=\"text\/css\" data-created_by=\"avia_inline_auto\" id=\"style-css-av-23tf03-e302c8c403de7c16dc0562ad5df4578f\">\n#top .av_textblock_section.av-23tf03-e302c8c403de7c16dc0562ad5df4578f .avia_textblock{\ntext-align:justify;\n}\n<\/style>\n<section  class='av_textblock_section av-23tf03-e302c8c403de7c16dc0562ad5df4578f '   itemscope=\"itemscope\" itemtype=\"https:\/\/schema.org\/CreativeWork\" ><div class='avia_textblock'  itemprop=\"text\" ><p>Unsere Kanzlei wird Sie durch unsere erfahrenen Anw\u00e4lte dar\u00fcber aufkl\u00e4ren, welche rechtlichen Schritte nach dem Vorfall unternommen werden sollten, welche Entsch\u00e4digung beantragt und in welcher H\u00f6he der Schaden beziffert werden kann.<\/p>\n<\/div><\/section><br \/>\n\n<style type=\"text\/css\" data-created_by=\"avia_inline_auto\" id=\"style-css-av-av_hr-60998662fd766a7822288c1242627e7b\">\n#top .hr.av-av_hr-60998662fd766a7822288c1242627e7b{\nmargin-top:30px;\nmargin-bottom:30px;\n}\n.hr.av-av_hr-60998662fd766a7822288c1242627e7b .hr-inner{\nwidth:5000px;\nborder-color:#dadada;\n}\n<\/style>\n<div  class='hr av-av_hr-60998662fd766a7822288c1242627e7b hr-custom  avia-builder-el-9  el_after_av_textblock  el_before_av_textblock  hr-center hr-icon-no'><span class='hr-inner inner-border-av-border-thin'><span class=\"hr-inner-style\"><\/span><\/span><\/div><br \/>\n<section  class='av_textblock_section av-lr7gvu8q-92fa8d410a2e6347f9856133d2d3e388 '   itemscope=\"itemscope\" itemtype=\"https:\/\/schema.org\/CreativeWork\" ><div class='avia_textblock'  itemprop=\"text\" ><p>Tags: <a href=\"https:\/\/canercanlaw.com\/de\/arztfehler-in-der-turkei\/\">Arztfehler in der T\u00fcrkei<\/a>, <a href=\"https:\/\/canercanlaw.com\/de\/arztfehler-in-der-turkei\/\">falsche Sch\u00f6nheits-OP in der T\u00fcrkei<\/a>, <a href=\"https:\/\/canercanlaw.com\/de\/arztfehler-in-der-turkei\/\">nicht zufrieden stellende Sch\u00f6nheits-OP in der T\u00fcrkei<\/a>, <a href=\"https:\/\/canercanlaw.com\/de\/arztfehler-in-der-turkei\/\">\u00e4rztlicher Pfusch in der T\u00fcrkei<\/a><\/p>\n<\/div><\/section><\/p><\/div>\n","protected":false},"excerpt":{"rendered":"","protected":false},"author":1,"featured_media":0,"parent":0,"menu_order":0,"comment_status":"closed","ping_status":"closed","template":"","meta":{"footnotes":""},"class_list":["post-3667","page","type-page","status-publish","hentry"],"_links":{"self":[{"href":"https:\/\/canercanlaw.com\/de\/wp-json\/wp\/v2\/pages\/3667","targetHints":{"allow":["GET"]}}],"collection":[{"href":"https:\/\/canercanlaw.com\/de\/wp-json\/wp\/v2\/pages"}],"about":[{"href":"https:\/\/canercanlaw.com\/de\/wp-json\/wp\/v2\/types\/page"}],"author":[{"embeddable":true,"href":"https:\/\/canercanlaw.com\/de\/wp-json\/wp\/v2\/users\/1"}],"replies":[{"embeddable":true,"href":"https:\/\/canercanlaw.com\/de\/wp-json\/wp\/v2\/comments?post=3667"}],"version-history":[{"count":14,"href":"https:\/\/canercanlaw.com\/de\/wp-json\/wp\/v2\/pages\/3667\/revisions"}],"predecessor-version":[{"id":4063,"href":"https:\/\/canercanlaw.com\/de\/wp-json\/wp\/v2\/pages\/3667\/revisions\/4063"}],"wp:attachment":[{"href":"https:\/\/canercanlaw.com\/de\/wp-json\/wp\/v2\/media?parent=3667"}],"curies":[{"name":"wp","href":"https:\/\/api.w.org\/{rel}","templated":true}]}}