{"id":3674,"date":"2023-10-11T15:34:10","date_gmt":"2023-10-11T12:34:10","guid":{"rendered":"https:\/\/canercanlaw.com\/de\/?page_id=3674"},"modified":"2023-11-21T16:03:20","modified_gmt":"2023-11-21T13:03:20","slug":"strafrecht","status":"publish","type":"page","link":"https:\/\/canercanlaw.com\/de\/strafrecht\/","title":{"rendered":"Strafrecht"},"content":{"rendered":"\n<style type=\"text\/css\" data-created_by=\"avia_inline_auto\" id=\"style-css-av-cyycl6-4a4a4e1c7e173240758a2739365f3f8d\">\n.avia-section.av-cyycl6-4a4a4e1c7e173240758a2739365f3f8d{\nbackground-repeat:no-repeat;\nbackground-image:url(https:\/\/canercanlaw.com\/de\/wp-content\/uploads\/2023\/10\/ceza-hukuku.jpg);\nbackground-position:50% 50%;\nbackground-attachment:scroll;\n}\n.avia-section.av-cyycl6-4a4a4e1c7e173240758a2739365f3f8d .av-section-color-overlay{\nopacity:0.3;\nbackground-color:#020202;\n}\n<\/style>\n<div id='av_section_1'  class='avia-section av-cyycl6-4a4a4e1c7e173240758a2739365f3f8d main_color avia-section-default avia-no-border-styling  avia-builder-el-0  el_before_av_section  avia-builder-el-first  avia-full-stretch avia-bg-style-scroll av-section-color-overlay-active av-minimum-height av-minimum-height-50 av-height-50  container_wrap fullsize'  data-section-bg-repeat='stretch' data-av_minimum_height_pc='50' data-av_min_height_opt='50'><div class=\"av-section-color-overlay-wrap\"><div class=\"av-section-color-overlay\"><\/div><div class='container av-section-cont-open' ><main  role=\"main\" itemprop=\"mainContentOfPage\"  class='template-page content  av-content-full alpha units'><div class='post-entry post-entry-type-page post-entry-3674'><div class='entry-content-wrapper clearfix'>\n<\/div><\/div><\/main><!-- close content main element --><\/div><\/div><\/div><div id='av_section_2'  class='avia-section av-aae9p6-9e50245cccb5078ccdab22074a6b5c04 main_color avia-section-default avia-no-border-styling  avia-builder-el-1  el_after_av_section  avia-builder-el-last  avia-bg-style-scroll container_wrap fullsize'  ><div class='container av-section-cont-open' ><div class='template-page content  av-content-full alpha units'><div class='post-entry post-entry-type-page post-entry-3674'><div class='entry-content-wrapper clearfix'>\n<div  class='flex_column av-98we0q-cfc5115f567cf642962ccaf47bc59531 av_one_full  avia-builder-el-2  el_before_av_one_full  avia-builder-el-first  first flex_column_div  '     ><p>\n<style type=\"text\/css\" data-created_by=\"avia_inline_auto\" id=\"style-css-av-lnlqeri0-d549a4b6e2fcb61cc520c5f83bf51a7d\">\n#top .av-special-heading.av-lnlqeri0-d549a4b6e2fcb61cc520c5f83bf51a7d{\npadding-bottom:10px;\ncolor:#10172c;\nfont-size:45px;\n}\nbody .av-special-heading.av-lnlqeri0-d549a4b6e2fcb61cc520c5f83bf51a7d .av-special-heading-tag .heading-char{\nfont-size:25px;\n}\n#top #wrap_all .av-special-heading.av-lnlqeri0-d549a4b6e2fcb61cc520c5f83bf51a7d .av-special-heading-tag{\nfont-size:45px;\n}\n.av-special-heading.av-lnlqeri0-d549a4b6e2fcb61cc520c5f83bf51a7d .special-heading-inner-border{\nborder-color:#10172c;\n}\n.av-special-heading.av-lnlqeri0-d549a4b6e2fcb61cc520c5f83bf51a7d .av-subheading{\nfont-size:14px;\ncolor:#ad9779;\n}\n\n@media only screen and (min-width: 480px) and (max-width: 767px){ \n#top #wrap_all .av-special-heading.av-lnlqeri0-d549a4b6e2fcb61cc520c5f83bf51a7d .av-special-heading-tag{\nfont-size:0.8em;\n}\n}\n\n@media only screen and (max-width: 479px){ \n#top #wrap_all .av-special-heading.av-lnlqeri0-d549a4b6e2fcb61cc520c5f83bf51a7d .av-special-heading-tag{\nfont-size:0.8em;\n}\n}\n<\/style>\n<div  id=\"baslik\"  class='av-special-heading av-lnlqeri0-d549a4b6e2fcb61cc520c5f83bf51a7d av-special-heading-h3 custom-color-heading blockquote modern-quote modern-centered  avia-builder-el-3  el_before_av_textblock  avia-builder-el-first  baslik baslik av-inherit-size'><div class='av_custom_color av-subheading av-subheading_above'><p>CANER&amp;CAN ANWALTS \u2013 und MEDIATIONSKANZLEI<\/p>\n<\/div><h3 class='av-special-heading-tag'  itemprop=\"headline\"  >Strafrecht<\/h3><div class=\"special-heading-border\"><div class=\"special-heading-inner-border\"><\/div><\/div><\/div><br \/>\n\n<style type=\"text\/css\" data-created_by=\"avia_inline_auto\" id=\"style-css-av-lnlqexc6-119f8553a72b7618b2b34f166e1cbd61\">\n#top .av_textblock_section.av-lnlqexc6-119f8553a72b7618b2b34f166e1cbd61 .avia_textblock{\ntext-align:justify;\n}\n<\/style>\n<section  class='av_textblock_section av-lnlqexc6-119f8553a72b7618b2b34f166e1cbd61 '   itemscope=\"itemscope\" itemtype=\"https:\/\/schema.org\/CreativeWork\" ><div class='avia_textblock'  itemprop=\"text\" ><p>Wir vertreten unsere Mandanten professionell in F\u00e4llen, die auf Verkehrsunf\u00e4lle in der T\u00fcrkei zur\u00fcckzuf\u00fchren sind und strafrechtliche Verfolgung erfordern.<\/p>\n<\/div><\/section><\/p><\/div><div  class='flex_column av-6dx98a-4e77e4819b001de28ed0822b0c0facee av_one_full  avia-builder-el-5  el_after_av_one_full  el_before_av_one_full  first flex_column_div  column-top-margin'     ><p>\n<style type=\"text\/css\" data-created_by=\"avia_inline_auto\" id=\"style-css-av-lnlqf4ih-10ea82ad1f3b35025ce67ca0d80dd766\">\n#top .av-special-heading.av-lnlqf4ih-10ea82ad1f3b35025ce67ca0d80dd766{\nmargin:0px 0px 0px 0px;\npadding-bottom:0px;\ncolor:#10172c;\nfont-size:25px;\n}\nbody .av-special-heading.av-lnlqf4ih-10ea82ad1f3b35025ce67ca0d80dd766 .av-special-heading-tag .heading-char{\nfont-size:25px;\n}\n#top #wrap_all .av-special-heading.av-lnlqf4ih-10ea82ad1f3b35025ce67ca0d80dd766 .av-special-heading-tag{\nfont-size:25px;\npadding:0px 0px 0px 0px;\n}\n.av-special-heading.av-lnlqf4ih-10ea82ad1f3b35025ce67ca0d80dd766 .special-heading-inner-border{\nborder-color:#10172c;\n}\n.av-special-heading.av-lnlqf4ih-10ea82ad1f3b35025ce67ca0d80dd766 .av-subheading{\nfont-size:14px;\n}\n\n@media only screen and (min-width: 480px) and (max-width: 767px){ \n#top #wrap_all .av-special-heading.av-lnlqf4ih-10ea82ad1f3b35025ce67ca0d80dd766 .av-special-heading-tag{\nfont-size:0.8em;\n}\n}\n\n@media only screen and (max-width: 479px){ \n#top #wrap_all .av-special-heading.av-lnlqf4ih-10ea82ad1f3b35025ce67ca0d80dd766 .av-special-heading-tag{\nfont-size:0.8em;\n}\n}\n<\/style>\n<div  id=\"baslik\"  class='av-special-heading av-lnlqf4ih-10ea82ad1f3b35025ce67ca0d80dd766 av-special-heading-h3 custom-color-heading blockquote modern-quote  avia-builder-el-6  el_before_av_textblock  avia-builder-el-first  baslik baslik av-inherit-size'><h3 class='av-special-heading-tag'  itemprop=\"headline\"  >Straftaten, denen unsere Mandanten zum Opfer gefallen sind<\/h3><div class=\"special-heading-border\"><div class=\"special-heading-inner-border\"><\/div><\/div><\/div><br \/>\n\n<style type=\"text\/css\" data-created_by=\"avia_inline_auto\" id=\"style-css-av-lnlqfng6-d4a81ac920ad49e739520a58411f086e\">\n#top .av_textblock_section.av-lnlqfng6-d4a81ac920ad49e739520a58411f086e .avia_textblock{\ntext-align:justify;\n}\n<\/style>\n<section  class='av_textblock_section av-lnlqfng6-d4a81ac920ad49e739520a58411f086e '   itemscope=\"itemscope\" itemtype=\"https:\/\/schema.org\/CreativeWork\" ><div class='avia_textblock'  itemprop=\"text\" ><p>Wenn unsere Mandanten w\u00e4hrend ihres Aufenthalts in unserem Land in Verkehrsunf\u00e4llen mit Todesfolge oder Verletzungen verwickelt wurden, ist meist eine Beschwerde \u00fcber den Fahrer der Gegenseite vorhanden. In solchen F\u00e4llen wird eine Untersuchung und strafrechtliche Verfolgung gegen den verantwortlichen Fahrer eingeleitet. Da sich einige Entwicklungen in strafrechtlichen Verfahren auf die Entsch\u00e4digungsanspr\u00fcche unserer Klienten in zivilrechtlichen Angelegenheiten auswirken k\u00f6nnen, vertreten wir die Opfer dieser Unf\u00e4lle w\u00e4hrend des Ermittlungs- und Gerichtsverfahrens auf professionelle Weise.<\/p>\n<\/div><\/section><\/p><\/div><div  class='flex_column av-2z1696-768a2e99c33cbf9b80774a467f946c06 av_one_full  avia-builder-el-8  el_after_av_one_full  avia-builder-el-last  first flex_column_div  column-top-margin'     ><p>\n<style type=\"text\/css\" data-created_by=\"avia_inline_auto\" id=\"style-css-av-lnlqfuau-24f89cfa4260bb141a53bfb05cac8675\">\n#top .av-special-heading.av-lnlqfuau-24f89cfa4260bb141a53bfb05cac8675{\nmargin:0px 0px 0px 0px;\npadding-bottom:0px;\ncolor:#10172c;\nfont-size:25px;\n}\nbody .av-special-heading.av-lnlqfuau-24f89cfa4260bb141a53bfb05cac8675 .av-special-heading-tag .heading-char{\nfont-size:25px;\n}\n#top #wrap_all .av-special-heading.av-lnlqfuau-24f89cfa4260bb141a53bfb05cac8675 .av-special-heading-tag{\nfont-size:25px;\npadding:0px 0px 0px 0px;\n}\n.av-special-heading.av-lnlqfuau-24f89cfa4260bb141a53bfb05cac8675 .special-heading-inner-border{\nborder-color:#10172c;\n}\n.av-special-heading.av-lnlqfuau-24f89cfa4260bb141a53bfb05cac8675 .av-subheading{\nfont-size:14px;\n}\n\n@media only screen and (min-width: 480px) and (max-width: 767px){ \n#top #wrap_all .av-special-heading.av-lnlqfuau-24f89cfa4260bb141a53bfb05cac8675 .av-special-heading-tag{\nfont-size:0.8em;\n}\n}\n\n@media only screen and (max-width: 479px){ \n#top #wrap_all .av-special-heading.av-lnlqfuau-24f89cfa4260bb141a53bfb05cac8675 .av-special-heading-tag{\nfont-size:0.8em;\n}\n}\n<\/style>\n<div  id=\"baslik\"  class='av-special-heading av-lnlqfuau-24f89cfa4260bb141a53bfb05cac8675 av-special-heading-h3 custom-color-heading blockquote modern-quote  avia-builder-el-9  el_before_av_textblock  avia-builder-el-first  baslik baslik av-inherit-size'><h3 class='av-special-heading-tag'  itemprop=\"headline\"  >Die Untersuchungen und Gerichtsverfahren, die gegen unsere Mandanten durchgef\u00fchrt werden.<\/h3><div class=\"special-heading-border\"><div class=\"special-heading-inner-border\"><\/div><\/div><\/div><br \/>\n\n<style type=\"text\/css\" data-created_by=\"avia_inline_auto\" id=\"style-css-av-lnlqg1of-d967cee850e35137fa33287b06d01511\">\n#top .av_textblock_section.av-lnlqg1of-d967cee850e35137fa33287b06d01511 .avia_textblock{\ntext-align:justify;\n}\n<\/style>\n<section  class='av_textblock_section av-lnlqg1of-d967cee850e35137fa33287b06d01511 '   itemscope=\"itemscope\" itemtype=\"https:\/\/schema.org\/CreativeWork\" ><div class='avia_textblock'  itemprop=\"text\" ><p>Im Gegensatz zu unseren vorherigen Erl\u00e4uterungen werden unsere Mandanten in einigen F\u00e4llen f\u00fcr Verkehrsunf\u00e4lle mit Verletzungen oder Todesf\u00e4llen verantwortlich gemacht. In solchen Situationen werden von der Staatsanwaltschaft oft strafrechtliche Untersuchungen gegen unsere Mandatschaft angeordnet .<\/p>\n<p>In diesen Phasen f\u00fchren wir Untersuchungen durch, darunter die \u00dcberpr\u00fcfung von Dokumenten in der Akte, insbesondere des Unfallberichts, und vor allem die Untersuchung der Schuldfrage bei dem Unfall.<\/p>\n<p>F\u00fcr weitere Informationen zu diesem Thema stehen Ihnen unsere Experten zur Verf\u00fcgung.<\/p>\n<\/div><\/section><\/p><\/div>\n","protected":false},"excerpt":{"rendered":"","protected":false},"author":1,"featured_media":0,"parent":0,"menu_order":0,"comment_status":"closed","ping_status":"closed","template":"","meta":{"footnotes":""},"class_list":["post-3674","page","type-page","status-publish","hentry"],"_links":{"self":[{"href":"https:\/\/canercanlaw.com\/de\/wp-json\/wp\/v2\/pages\/3674","targetHints":{"allow":["GET"]}}],"collection":[{"href":"https:\/\/canercanlaw.com\/de\/wp-json\/wp\/v2\/pages"}],"about":[{"href":"https:\/\/canercanlaw.com\/de\/wp-json\/wp\/v2\/types\/page"}],"author":[{"embeddable":true,"href":"https:\/\/canercanlaw.com\/de\/wp-json\/wp\/v2\/users\/1"}],"replies":[{"embeddable":true,"href":"https:\/\/canercanlaw.com\/de\/wp-json\/wp\/v2\/comments?post=3674"}],"version-history":[{"count":10,"href":"https:\/\/canercanlaw.com\/de\/wp-json\/wp\/v2\/pages\/3674\/revisions"}],"predecessor-version":[{"id":4032,"href":"https:\/\/canercanlaw.com\/de\/wp-json\/wp\/v2\/pages\/3674\/revisions\/4032"}],"wp:attachment":[{"href":"https:\/\/canercanlaw.com\/de\/wp-json\/wp\/v2\/media?parent=3674"}],"curies":[{"name":"wp","href":"https:\/\/api.w.org\/{rel}","templated":true}]}}