{"id":3677,"date":"2023-10-11T15:37:42","date_gmt":"2023-10-11T12:37:42","guid":{"rendered":"https:\/\/canercanlaw.com\/de\/?page_id=3677"},"modified":"2025-03-18T13:36:39","modified_gmt":"2025-03-18T10:36:39","slug":"die-regressforderungen-auslandischer-gesundheitskassen-in-der-turkei","status":"publish","type":"page","link":"https:\/\/canercanlaw.com\/de\/die-regressforderungen-auslandischer-gesundheitskassen-in-der-turkei\/","title":{"rendered":"Regressforderungen ausl\u00e4ndischer Versicherungen"},"content":{"rendered":"\n<style type=\"text\/css\" data-created_by=\"avia_inline_auto\" id=\"style-css-av-9guiy5-caf2672154fb62ffe9fa96005ff0f8cb\">\n.avia-section.av-9guiy5-caf2672154fb62ffe9fa96005ff0f8cb{\nbackground-repeat:no-repeat;\nbackground-image:url(https:\/\/canercanlaw.com\/de\/wp-content\/uploads\/2023\/10\/yabanci-saglik-kasasi-1.jpg);\nbackground-position:50% 50%;\nbackground-attachment:scroll;\n}\n.avia-section.av-9guiy5-caf2672154fb62ffe9fa96005ff0f8cb .av-section-color-overlay{\nopacity:0.3;\nbackground-color:#020202;\n}\n<\/style>\n<div id='av_section_1'  class='avia-section av-9guiy5-caf2672154fb62ffe9fa96005ff0f8cb main_color avia-section-default avia-no-border-styling  avia-builder-el-0  el_before_av_section  avia-builder-el-first  avia-full-stretch avia-bg-style-scroll av-section-color-overlay-active av-minimum-height av-minimum-height-75 av-height-75  container_wrap fullsize'  data-section-bg-repeat='stretch' data-av_minimum_height_pc='75' data-av_min_height_opt='75'><div class=\"av-section-color-overlay-wrap\"><div class=\"av-section-color-overlay\"><\/div><div class='container av-section-cont-open' ><main  role=\"main\" itemprop=\"mainContentOfPage\"  class='template-page content  av-content-full alpha units'><div class='post-entry post-entry-type-page post-entry-3677'><div class='entry-content-wrapper clearfix'>\n<\/div><\/div><\/main><!-- close content main element --><\/div><\/div><\/div><div id='av_section_2'  class='avia-section av-6xouil-97ef2fb34ba4c8e39da6d1abc9718a2c main_color avia-section-default avia-no-border-styling  avia-builder-el-1  el_after_av_section  avia-builder-el-last  avia-bg-style-scroll container_wrap fullsize'  ><div class='container av-section-cont-open' ><div class='template-page content  av-content-full alpha units'><div class='post-entry post-entry-type-page post-entry-3677'><div class='entry-content-wrapper clearfix'>\n<div  class='flex_column av-57gu31-36ba98d451eac46fa0019970807f442c av_one_full  avia-builder-el-2  el_before_av_one_full  avia-builder-el-first  first flex_column_div  '     ><p>\n<style type=\"text\/css\" data-created_by=\"avia_inline_auto\" id=\"style-css-av-lnlqm1sz-6f12ed3fd2ea21046b8038e1af87a6c6\">\n#top .av-special-heading.av-lnlqm1sz-6f12ed3fd2ea21046b8038e1af87a6c6{\npadding-bottom:10px;\ncolor:#10172c;\nfont-size:45px;\n}\nbody .av-special-heading.av-lnlqm1sz-6f12ed3fd2ea21046b8038e1af87a6c6 .av-special-heading-tag .heading-char{\nfont-size:25px;\n}\n#top #wrap_all .av-special-heading.av-lnlqm1sz-6f12ed3fd2ea21046b8038e1af87a6c6 .av-special-heading-tag{\nfont-size:45px;\n}\n.av-special-heading.av-lnlqm1sz-6f12ed3fd2ea21046b8038e1af87a6c6 .special-heading-inner-border{\nborder-color:#10172c;\n}\n.av-special-heading.av-lnlqm1sz-6f12ed3fd2ea21046b8038e1af87a6c6 .av-subheading{\nfont-size:14px;\ncolor:#ad9779;\n}\n\n@media only screen and (min-width: 480px) and (max-width: 767px){ \n#top #wrap_all .av-special-heading.av-lnlqm1sz-6f12ed3fd2ea21046b8038e1af87a6c6 .av-special-heading-tag{\nfont-size:0.8em;\n}\n}\n\n@media only screen and (max-width: 479px){ \n#top #wrap_all .av-special-heading.av-lnlqm1sz-6f12ed3fd2ea21046b8038e1af87a6c6 .av-special-heading-tag{\nfont-size:0.8em;\n}\n}\n<\/style>\n<div  id=\"baslik\"  class='av-special-heading av-lnlqm1sz-6f12ed3fd2ea21046b8038e1af87a6c6 av-special-heading-h3 custom-color-heading blockquote modern-quote modern-centered  avia-builder-el-3  el_before_av_textblock  avia-builder-el-first  baslik baslik av-inherit-size'><div class='av_custom_color av-subheading av-subheading_above'><p>CANER&amp;CAN ANWALTS \u2013 und MEDIATIONSKANZLEI<\/p>\n<\/div><h3 class='av-special-heading-tag'  itemprop=\"headline\"  >Regressforderungen ausl\u00e4ndischer Versicherungen<\/h3><div class=\"special-heading-border\"><div class=\"special-heading-inner-border\"><\/div><\/div><\/div><br \/>\n\n<style type=\"text\/css\" data-created_by=\"avia_inline_auto\" id=\"style-css-av-lnlqqi5b-0a4fbadcd38ce7d36ee0e344a7e8a687\">\n#top .av_textblock_section.av-lnlqqi5b-0a4fbadcd38ce7d36ee0e344a7e8a687 .avia_textblock{\ntext-align:justify;\n}\n<\/style>\n<section  class='av_textblock_section av-lnlqqi5b-0a4fbadcd38ce7d36ee0e344a7e8a687 '   itemscope=\"itemscope\" itemtype=\"https:\/\/schema.org\/CreativeWork\" ><div class='avia_textblock'  itemprop=\"text\" ><p>W\u00e4hrend ihres Aufenthalts in der T\u00fcrkei k\u00f6nnen ausl\u00e4ndische Staatsangeh\u00f6rige sowohl aus Urlaubs- als auch aus gesch\u00e4ftlichen Gr\u00fcnden in Verkehrsunf\u00e4lle verwickelt werden und dabei Verletzungen erleiden. Die meisten dieser Unfallopfer setzen ihre medizinische Behandlung in ihren Heimatl\u00e4ndern fort, sobald sie zur\u00fcckkehren. Die Kosten f\u00fcr die Behandlung werden von den jeweiligen Krankenkassen \u00fcbernommen. Allerdings k\u00f6nnen die Krankenkassen die Behandlungskosten der Versicherten, von den Verantworlichen in der T\u00fcrkei zur\u00fcckfordern.<\/p>\n<\/div><\/section><\/p><\/div><div  class='flex_column av-2qjj65-df8cbf2063590164d3f7c89dd08c64b3 av_one_full  avia-builder-el-5  el_after_av_one_full  avia-builder-el-last  first flex_column_div  column-top-margin'     ><p>\n<style type=\"text\/css\" data-created_by=\"avia_inline_auto\" id=\"style-css-av-lnlqquwh-43c6e3345ab57f659fb3aabe629a2e49\">\n#top .av-special-heading.av-lnlqquwh-43c6e3345ab57f659fb3aabe629a2e49{\nmargin:0px 0px 0px 0px;\npadding-bottom:0px;\ncolor:#10172c;\nfont-size:25px;\n}\nbody .av-special-heading.av-lnlqquwh-43c6e3345ab57f659fb3aabe629a2e49 .av-special-heading-tag .heading-char{\nfont-size:25px;\n}\n#top #wrap_all .av-special-heading.av-lnlqquwh-43c6e3345ab57f659fb3aabe629a2e49 .av-special-heading-tag{\nfont-size:25px;\npadding:0px 0px 0px 0px;\n}\n.av-special-heading.av-lnlqquwh-43c6e3345ab57f659fb3aabe629a2e49 .special-heading-inner-border{\nborder-color:#10172c;\n}\n.av-special-heading.av-lnlqquwh-43c6e3345ab57f659fb3aabe629a2e49 .av-subheading{\nfont-size:14px;\n}\n\n@media only screen and (min-width: 480px) and (max-width: 767px){ \n#top #wrap_all .av-special-heading.av-lnlqquwh-43c6e3345ab57f659fb3aabe629a2e49 .av-special-heading-tag{\nfont-size:0.8em;\n}\n}\n\n@media only screen and (max-width: 479px){ \n#top #wrap_all .av-special-heading.av-lnlqquwh-43c6e3345ab57f659fb3aabe629a2e49 .av-special-heading-tag{\nfont-size:0.8em;\n}\n}\n<\/style>\n<div  id=\"baslik\"  class='av-special-heading av-lnlqquwh-43c6e3345ab57f659fb3aabe629a2e49 av-special-heading-h3 custom-color-heading blockquote modern-quote  avia-builder-el-6  el_before_av_textblock  avia-builder-el-first  baslik baslik av-inherit-size'><h3 class='av-special-heading-tag'  itemprop=\"headline\"  >Wer ist f\u00fcr die Behandlungskosten verantwortlich?<\/h3><div class=\"special-heading-border\"><div class=\"special-heading-inner-border\"><\/div><\/div><\/div><br \/>\n\n<style type=\"text\/css\" data-created_by=\"avia_inline_auto\" id=\"style-css-av-lnlqr5up-df7f67d216eecb8c7e964ccccfcd181b\">\n#top .av_textblock_section.av-lnlqr5up-df7f67d216eecb8c7e964ccccfcd181b .avia_textblock{\ntext-align:justify;\n}\n<\/style>\n<section  class='av_textblock_section av-lnlqr5up-df7f67d216eecb8c7e964ccccfcd181b '   itemscope=\"itemscope\" itemtype=\"https:\/\/schema.org\/CreativeWork\" ><div class='avia_textblock'  itemprop=\"text\" ><p>Die Verantwortlichen f\u00fcr die Behandlungskosten sind der Fahrzeughalter, der Fahrer, die Versicherung des unfallverursachenden Fahrzeugs und die T\u00fcrkische Sozialversicherungsanstalt (SGK).<\/p>\n<p>In der T\u00fcrkei gab es im Jahr 2011 eine wichtige Gesetzes\u00e4nderung. Als Ergebnis dieser \u00c4nderung wurde die SGK f\u00fcr einen Gro\u00dfteil der Behandlungskosten nach Verkehrsunf\u00e4llen verantwortlich, ohne durch eine bestimmte Deckung begrenzt zu sein. In Gerichtsverfahren bestimmen Gutachter im Auftrag der Gerichte die Verantwortlichkeitsquoten der SGK und der privaten Versicherung. Selbstverst\u00e4ndlich werden diese Verantwortlichkeitsquoten und wer f\u00fcr den Schaden haftbar gemacht werden kann, von unserer Kanzlei individuell f\u00fcr jeden Fall bewertet und unseren Mandanten mitgeteilt.<\/p>\n<p>Die Anspr\u00fcche im Zusammenhang mit Regressforderungen sind einem komplexen Rechtsrahmen unterworfen und k\u00f6nnen in Zusammenarbeit mit erfahrenen Juristen in diesem Bereich gel\u00f6st werden. Seit ihrer Gr\u00fcndung hat unsere Kanzlei erfolgreich die Regressforderungen mehrerer ausl\u00e4ndische Gesundheitskassen in der T\u00fcrkei verfolgt und abgewickelt. Die von uns vertretenen ausl\u00e4ndiche Gesundheitskassen umfassen sowohl \u00f6ffentliche als auch private Gesundheitskassen.<\/p>\n<\/div><\/section><\/p><\/div>\n","protected":false},"excerpt":{"rendered":"","protected":false},"author":1,"featured_media":0,"parent":0,"menu_order":0,"comment_status":"closed","ping_status":"closed","template":"","meta":{"footnotes":""},"class_list":["post-3677","page","type-page","status-publish","hentry"],"_links":{"self":[{"href":"https:\/\/canercanlaw.com\/de\/wp-json\/wp\/v2\/pages\/3677","targetHints":{"allow":["GET"]}}],"collection":[{"href":"https:\/\/canercanlaw.com\/de\/wp-json\/wp\/v2\/pages"}],"about":[{"href":"https:\/\/canercanlaw.com\/de\/wp-json\/wp\/v2\/types\/page"}],"author":[{"embeddable":true,"href":"https:\/\/canercanlaw.com\/de\/wp-json\/wp\/v2\/users\/1"}],"replies":[{"embeddable":true,"href":"https:\/\/canercanlaw.com\/de\/wp-json\/wp\/v2\/comments?post=3677"}],"version-history":[{"count":15,"href":"https:\/\/canercanlaw.com\/de\/wp-json\/wp\/v2\/pages\/3677\/revisions"}],"predecessor-version":[{"id":4092,"href":"https:\/\/canercanlaw.com\/de\/wp-json\/wp\/v2\/pages\/3677\/revisions\/4092"}],"wp:attachment":[{"href":"https:\/\/canercanlaw.com\/de\/wp-json\/wp\/v2\/media?parent=3677"}],"curies":[{"name":"wp","href":"https:\/\/api.w.org\/{rel}","templated":true}]}}