{"id":3683,"date":"2023-10-11T15:46:58","date_gmt":"2023-10-11T12:46:58","guid":{"rendered":"https:\/\/canercanlaw.com\/de\/?page_id=3683"},"modified":"2024-01-10T10:38:02","modified_gmt":"2024-01-10T07:38:02","slug":"unzufrieden-mit-dem-hotel-in-der-turkei","status":"publish","type":"page","link":"https:\/\/canercanlaw.com\/de\/unzufrieden-mit-dem-hotel-in-der-turkei\/","title":{"rendered":"Reiserecht"},"content":{"rendered":"\n<style type=\"text\/css\" data-created_by=\"avia_inline_auto\" id=\"style-css-av-erso37-510ee015079c48a5c0a44fc47f810165\">\n.avia-section.av-erso37-510ee015079c48a5c0a44fc47f810165{\nbackground-repeat:no-repeat;\nbackground-image:url(https:\/\/canercanlaw.com\/de\/wp-content\/uploads\/2023\/10\/turizm-hukuku.jpg);\nbackground-position:50% 50%;\nbackground-attachment:scroll;\n}\n.avia-section.av-erso37-510ee015079c48a5c0a44fc47f810165 .av-section-color-overlay{\nopacity:0.3;\nbackground-color:#020202;\n}\n<\/style>\n<div id='av_section_1'  class='avia-section av-erso37-510ee015079c48a5c0a44fc47f810165 main_color avia-section-default avia-no-border-styling  avia-builder-el-0  el_before_av_section  avia-builder-el-first  avia-full-stretch avia-bg-style-scroll av-section-color-overlay-active av-minimum-height av-minimum-height-50 av-height-50  container_wrap fullsize'  data-section-bg-repeat='stretch' data-av_minimum_height_pc='50' data-av_min_height_opt='50'><div class=\"av-section-color-overlay-wrap\"><div class=\"av-section-color-overlay\"><\/div><div class='container av-section-cont-open' ><main  role=\"main\" itemprop=\"mainContentOfPage\"  class='template-page content  av-content-full alpha units'><div class='post-entry post-entry-type-page post-entry-3683'><div class='entry-content-wrapper clearfix'>\n<\/div><\/div><\/main><!-- close content main element --><\/div><\/div><\/div><div id='av_section_2'  class='avia-section av-clv103-8776d2bffd7cc91b56dc42e944466aff main_color avia-section-default avia-no-border-styling  avia-builder-el-1  el_after_av_section  avia-builder-el-last  avia-bg-style-scroll container_wrap fullsize'  ><div class='container av-section-cont-open' ><div class='template-page content  av-content-full alpha units'><div class='post-entry post-entry-type-page post-entry-3683'><div class='entry-content-wrapper clearfix'>\n<div  class='flex_column av-lnlqtsrm-eea936c8dfab22a9b237c4e2aacd2533 av_one_full  avia-builder-el-2  el_before_av_one_full  avia-builder-el-first  first flex_column_div  '     ><p>\n<style type=\"text\/css\" data-created_by=\"avia_inline_auto\" id=\"style-css-av-lnlqud8e-b1762abf9b85e4ddb9cf27ede4948e9d\">\n#top .av-special-heading.av-lnlqud8e-b1762abf9b85e4ddb9cf27ede4948e9d{\npadding-bottom:10px;\ncolor:#10172c;\nfont-size:45px;\n}\nbody .av-special-heading.av-lnlqud8e-b1762abf9b85e4ddb9cf27ede4948e9d .av-special-heading-tag .heading-char{\nfont-size:25px;\n}\n#top #wrap_all .av-special-heading.av-lnlqud8e-b1762abf9b85e4ddb9cf27ede4948e9d .av-special-heading-tag{\nfont-size:45px;\n}\n.av-special-heading.av-lnlqud8e-b1762abf9b85e4ddb9cf27ede4948e9d .special-heading-inner-border{\nborder-color:#10172c;\n}\n.av-special-heading.av-lnlqud8e-b1762abf9b85e4ddb9cf27ede4948e9d .av-subheading{\nfont-size:14px;\ncolor:#ad9779;\n}\n\n@media only screen and (min-width: 480px) and (max-width: 767px){ \n#top #wrap_all .av-special-heading.av-lnlqud8e-b1762abf9b85e4ddb9cf27ede4948e9d .av-special-heading-tag{\nfont-size:0.8em;\n}\n}\n\n@media only screen and (max-width: 479px){ \n#top #wrap_all .av-special-heading.av-lnlqud8e-b1762abf9b85e4ddb9cf27ede4948e9d .av-special-heading-tag{\nfont-size:0.8em;\n}\n}\n<\/style>\n<div  id=\"baslik\"  class='av-special-heading av-lnlqud8e-b1762abf9b85e4ddb9cf27ede4948e9d av-special-heading-h3 custom-color-heading blockquote modern-quote modern-centered  avia-builder-el-3  el_before_av_textblock  avia-builder-el-first  baslik baslik av-inherit-size'><div class='av_custom_color av-subheading av-subheading_above'><p>CANER&amp;CAN ANWALTS \u2013 und MEDIATIONSKANZLEI<\/p>\n<\/div><h3 class='av-special-heading-tag'  itemprop=\"headline\"  >Reiserecht <\/h3><div class=\"special-heading-border\"><div class=\"special-heading-inner-border\"><\/div><\/div><\/div><br \/>\n\n<style type=\"text\/css\" data-created_by=\"avia_inline_auto\" id=\"style-css-av-lnlqtvph-d10f1ff2682792ce7bbd400eb920613b\">\n#top .av_textblock_section.av-lnlqtvph-d10f1ff2682792ce7bbd400eb920613b .avia_textblock{\ntext-align:justify;\n}\n<\/style>\n<section  class='av_textblock_section av-lnlqtvph-d10f1ff2682792ce7bbd400eb920613b '   itemscope=\"itemscope\" itemtype=\"https:\/\/schema.org\/CreativeWork\" ><div class='avia_textblock'  itemprop=\"text\" ><p>Die T\u00fcrkei ist ein Tourismusland, und jedes Jahr besuchen Millionen von Touristen unser Land. Unser Land bietet generell sch\u00f6ne Bedingungen f\u00fcr seine G\u00e4ste zu erschwinglichen Preisen; jedoch k\u00f6nnen in der Tourismusbranche, die ein so gro\u00dfes Volumen hat, wie in jeder Branche, gelegentlich Diskrepanzen auftreten. Diese Diskrepanzen beschr\u00e4nken sich manchmal auf geringf\u00fcgige finanzielle Verluste im Zusammenhang mit ihrem Urlaub und ihrer Unterkunft, manchmal jedoch treten schwerwiegendere Unf\u00e4lle auf.<\/p>\n<\/div><\/section><\/p><\/div><div  class='flex_column av-2du54j-5f4c1a27544d36a8ba8aa8a00d8c6672 av_one_full  avia-builder-el-5  el_after_av_one_full  el_before_av_one_full  first flex_column_div  column-top-margin'     ><p>\n<style type=\"text\/css\" data-created_by=\"avia_inline_auto\" id=\"style-css-av-lnlqu9gg-33c3f95e9cd31cf323417f76830e1136\">\n#top .av-special-heading.av-lnlqu9gg-33c3f95e9cd31cf323417f76830e1136{\nmargin:0px 0px 0px 0px;\npadding-bottom:0px;\ncolor:#10172c;\nfont-size:25px;\n}\nbody .av-special-heading.av-lnlqu9gg-33c3f95e9cd31cf323417f76830e1136 .av-special-heading-tag .heading-char{\nfont-size:25px;\n}\n#top #wrap_all .av-special-heading.av-lnlqu9gg-33c3f95e9cd31cf323417f76830e1136 .av-special-heading-tag{\nfont-size:25px;\npadding:0px 0px 0px 0px;\n}\n.av-special-heading.av-lnlqu9gg-33c3f95e9cd31cf323417f76830e1136 .special-heading-inner-border{\nborder-color:#10172c;\n}\n.av-special-heading.av-lnlqu9gg-33c3f95e9cd31cf323417f76830e1136 .av-subheading{\nfont-size:14px;\n}\n\n@media only screen and (min-width: 480px) and (max-width: 767px){ \n#top #wrap_all .av-special-heading.av-lnlqu9gg-33c3f95e9cd31cf323417f76830e1136 .av-special-heading-tag{\nfont-size:0.8em;\n}\n}\n\n@media only screen and (max-width: 479px){ \n#top #wrap_all .av-special-heading.av-lnlqu9gg-33c3f95e9cd31cf323417f76830e1136 .av-special-heading-tag{\nfont-size:0.8em;\n}\n}\n<\/style>\n<div  id=\"baslik\"  class='av-special-heading av-lnlqu9gg-33c3f95e9cd31cf323417f76830e1136 av-special-heading-h3 custom-color-heading blockquote modern-quote  avia-builder-el-6  el_before_av_textblock  avia-builder-el-first  baslik baslik av-inherit-size'><h3 class='av-special-heading-tag'  itemprop=\"headline\"  >Unf\u00e4lle und Diskrepanzen \/ Pannen, die w\u00e4hrend des Aufenthalts auftreten.<\/h3><div class=\"special-heading-border\"><div class=\"special-heading-inner-border\"><\/div><\/div><\/div><br \/>\n\n<style type=\"text\/css\" data-created_by=\"avia_inline_auto\" id=\"style-css-av-lno6r76v-68067070a1fc5b55b4ca54901fad62a0\">\n#top .av_textblock_section.av-lno6r76v-68067070a1fc5b55b4ca54901fad62a0 .avia_textblock{\ntext-align:justify;\n}\n<\/style>\n<section  class='av_textblock_section av-lno6r76v-68067070a1fc5b55b4ca54901fad62a0 '   itemscope=\"itemscope\" itemtype=\"https:\/\/schema.org\/CreativeWork\" ><div class='avia_textblock'  itemprop=\"text\" ><p>Unsere Mandanten kommen mit Pauschalreisevertr\u00e4gen in die T\u00fcrkei, und es kann vorkommen, dass die Unterkunft, in der sie \u00fcbernachten, nicht den erwarteten Standards entspricht oder die versprochenen Urlaubsleistungen unvollst\u00e4ndig erbracht werden. In solchen F\u00e4llen kann eine Entsch\u00e4digung von der Unterkunftseinrichtung oder dem Reiseveranstalter verlangt werden.<\/p>\n<p>W\u00e4hrend dem Aufenthalt kann es gelegentlich zu Unf\u00e4llen kommen, wenn einige Hotels nicht die erforderlichen Sicherheitsma\u00dfnahmen f\u00fcr ihre Kunden ergreifen. Zum Beispiel k\u00f6nnen Kunden aufgrund von unsachgem\u00e4\u00df gestalteten Hotelpools und Treppen st\u00fcrzen und sich Verletzungen an Kn\u00f6cheln, Knien und sogar der Wirbels\u00e4ule zuziehen. In solchen F\u00e4llen ist es m\u00f6glich, sowohl materielle als auch immaterielle Entsch\u00e4digung von den Verantwortlichen zu verlangen.<\/p>\n<\/div><\/section><\/p><\/div><div  class='flex_column av-9kn22r-1d133e2f14c0eb55813cdfd04ab18e6e av_one_full  avia-builder-el-8  el_after_av_one_full  el_before_av_one_full  first flex_column_div  column-top-margin'     ><p>\n<style type=\"text\/css\" data-created_by=\"avia_inline_auto\" id=\"style-css-av-2ohsur-705a7e0608bee57825a1457be4184f03\">\n#top .av-special-heading.av-2ohsur-705a7e0608bee57825a1457be4184f03{\nmargin:0px 0px 0px 0px;\npadding-bottom:0px;\ncolor:#10172c;\nfont-size:25px;\n}\nbody .av-special-heading.av-2ohsur-705a7e0608bee57825a1457be4184f03 .av-special-heading-tag .heading-char{\nfont-size:25px;\n}\n#top #wrap_all .av-special-heading.av-2ohsur-705a7e0608bee57825a1457be4184f03 .av-special-heading-tag{\nfont-size:25px;\npadding:0px 0px 0px 0px;\n}\n.av-special-heading.av-2ohsur-705a7e0608bee57825a1457be4184f03 .special-heading-inner-border{\nborder-color:#10172c;\n}\n.av-special-heading.av-2ohsur-705a7e0608bee57825a1457be4184f03 .av-subheading{\nfont-size:14px;\n}\n\n@media only screen and (min-width: 480px) and (max-width: 767px){ \n#top #wrap_all .av-special-heading.av-2ohsur-705a7e0608bee57825a1457be4184f03 .av-special-heading-tag{\nfont-size:0.8em;\n}\n}\n\n@media only screen and (max-width: 479px){ \n#top #wrap_all .av-special-heading.av-2ohsur-705a7e0608bee57825a1457be4184f03 .av-special-heading-tag{\nfont-size:0.8em;\n}\n}\n<\/style>\n<div  id=\"baslik\"  class='av-special-heading av-2ohsur-705a7e0608bee57825a1457be4184f03 av-special-heading-h3 custom-color-heading blockquote modern-quote  avia-builder-el-9  el_before_av_textblock  avia-builder-el-first  baslik baslik av-inherit-size'><h3 class='av-special-heading-tag'  itemprop=\"headline\"  >Unf\u00e4lle bei Extremsportarten und Aktivit\u00e4ten<\/h3><div class=\"special-heading-border\"><div class=\"special-heading-inner-border\"><\/div><\/div><\/div><br \/>\n\n<style type=\"text\/css\" data-created_by=\"avia_inline_auto\" id=\"style-css-av-lnlquthy-85ff992063c3668756f44ec26861dd74\">\n#top .av_textblock_section.av-lnlquthy-85ff992063c3668756f44ec26861dd74 .avia_textblock{\ntext-align:justify;\n}\n<\/style>\n<section  class='av_textblock_section av-lnlquthy-85ff992063c3668756f44ec26861dd74 '   itemscope=\"itemscope\" itemtype=\"https:\/\/schema.org\/CreativeWork\" ><div class='avia_textblock'  itemprop=\"text\" ><p>F\u00fcr Extremsportarten und Aktivit\u00e4ten bietet die T\u00fcrkei tolle\u00a0 M\u00f6glichkeiten und geografische Vorteile.<br \/>\nUnsere Mundanten bevorzugen oft Extremsportarten, wenn sie ihren Urlaub in unserem Land verbringen. Die am h\u00e4ufigsten gew\u00e4hlten Sportarten sind Paragliding, Rafting, Fallschirmspringen und Bungee-Jumping. Dar\u00fcber hinaus werden in Hotels oft Banana-Boat-Fahrten, Parasailing, Ringo und Quad-Touren angeboten.<\/p>\n<p>Bei der Durchf\u00fchrung dieser Sportarten oder Aktivit\u00e4ten werden gelegentlich bestimmte Vorsichtsma\u00dfnahmen vernachl\u00e4ssigt, was zu Unf\u00e4llen f\u00fchren kann. Infolgedessen k\u00f6nnen leichte bis schwere Verletzungen auftreten. Als nat\u00fcrliche Konsequenz k\u00f6nnen von den Verantwortlichen matrielle und immatreille Entsch\u00e4digungen gefordert werden.<\/p>\n<\/div><\/section><\/p><\/div><div  class='flex_column av-5ghrmb-98290cfe3d4e4f48c1de8630209ea403 av_one_full  avia-builder-el-11  el_after_av_one_full  avia-builder-el-last  first flex_column_div  column-top-margin'     ><p>\n<style type=\"text\/css\" data-created_by=\"avia_inline_auto\" id=\"style-css-av-3mw86r-299142c8e922796d4911ba0c2bb32cbc\">\n#top .av-special-heading.av-3mw86r-299142c8e922796d4911ba0c2bb32cbc{\nmargin:0px 0px 0px 0px;\npadding-bottom:0px;\ncolor:#10172c;\nfont-size:25px;\n}\nbody .av-special-heading.av-3mw86r-299142c8e922796d4911ba0c2bb32cbc .av-special-heading-tag .heading-char{\nfont-size:25px;\n}\n#top #wrap_all .av-special-heading.av-3mw86r-299142c8e922796d4911ba0c2bb32cbc .av-special-heading-tag{\nfont-size:25px;\npadding:0px 0px 0px 0px;\n}\n.av-special-heading.av-3mw86r-299142c8e922796d4911ba0c2bb32cbc .special-heading-inner-border{\nborder-color:#10172c;\n}\n.av-special-heading.av-3mw86r-299142c8e922796d4911ba0c2bb32cbc .av-subheading{\nfont-size:14px;\n}\n\n@media only screen and (min-width: 480px) and (max-width: 767px){ \n#top #wrap_all .av-special-heading.av-3mw86r-299142c8e922796d4911ba0c2bb32cbc .av-special-heading-tag{\nfont-size:0.8em;\n}\n}\n\n@media only screen and (max-width: 479px){ \n#top #wrap_all .av-special-heading.av-3mw86r-299142c8e922796d4911ba0c2bb32cbc .av-special-heading-tag{\nfont-size:0.8em;\n}\n}\n<\/style>\n<div  id=\"baslik\"  class='av-special-heading av-3mw86r-299142c8e922796d4911ba0c2bb32cbc av-special-heading-h3 custom-color-heading blockquote modern-quote  avia-builder-el-12  el_before_av_textblock  avia-builder-el-first  baslik baslik av-inherit-size'><h3 class='av-special-heading-tag'  itemprop=\"headline\"  >Teure Souveniers, Teppiche und Schmuck, die im Urlaub erworben werden.<\/h3><div class=\"special-heading-border\"><div class=\"special-heading-inner-border\"><\/div><\/div><\/div><br \/>\n\n<style type=\"text\/css\" data-created_by=\"avia_inline_auto\" id=\"style-css-av-2rwtv7-a61e795e03d9a195bc91e8a66a2b6b50\">\n#top .av_textblock_section.av-2rwtv7-a61e795e03d9a195bc91e8a66a2b6b50 .avia_textblock{\ntext-align:justify;\n}\n<\/style>\n<section  class='av_textblock_section av-2rwtv7-a61e795e03d9a195bc91e8a66a2b6b50 '   itemscope=\"itemscope\" itemtype=\"https:\/\/schema.org\/CreativeWork\" ><div class='avia_textblock'  itemprop=\"text\" ><p>Die t\u00fcrkische Tourismusbranche hat sich aufgrund ihrer vielf\u00e4ltigen Ethno- und modernen Linien sowie einer reichen Kultur von Schmuck, Schmuckst\u00fccken, Teppichen und anderen Souvenirs, die von der Vergangenheit bis heute reichen, international einen Namen gemacht. Aus diesem Grund m\u00f6chten Touristen, die unser Land besuchen, oft einen Teil dieser sch\u00f6nen Kultur sein, indem sie die pr\u00e4chtigen Produkte erwerben, die sie sehen.<\/p>\n<p>Leider werden einige dieser Produkte zu Preisen verkauft, die weit \u00fcber ihrem tats\u00e4chlichen Wert liegen und die Touristen finanziell belasten. Dies hat im Wesentlichen zwei Gr\u00fcnde. Erstens ist es f\u00fcr Menschen, die nicht Profis auf diesem Gebiet sind, fast unm\u00f6glich, den tats\u00e4chlichen Wert dieser pr\u00e4chtigen Produkte zu erkennen. Zweitens sind die Verkaufsteams der Verk\u00e4ufer an Ferienorten und der Reiseveranstalter \u00e4u\u00dferst professionell.<\/p>\n<p>Wenn all diese Faktoren zusammenkommen, neigen Touristen dazu, Produkte zu kaufen, die sie eigentlich nicht wollen, und zahlen manchmal das Vier- oder F\u00fcnffache des tats\u00e4chlichen Wertes. Diese Verk\u00e4ufe k\u00f6nnen sowohl zu niedrigen Betr\u00e4gen von 1.000-2.000 Euro als auch zu Verk\u00e4ufen im Bereich von 50.000-100.000 Euro f\u00fchren. In einigen F\u00e4llen stellt sich heraus, dass Produkte, die als zertifiziert angepriesen werden, in Wirklichkeit Plagiate sind.<\/p>\n<p>Wenn Sie mit einer solchen Situation konfrontiert werden, sollten Sie sofort rechtlichen Rat einholen und herausfinden, welche Rechte Sie gem\u00e4\u00df dem Verbraucherschutzgesetz haben.<\/p>\n<\/div><\/section><br \/>\n\n<style type=\"text\/css\" data-created_by=\"avia_inline_auto\" id=\"style-css-av-lnlquzl3-aa68b0b9a57d80340ccb0e8888993ef3\">\n#top .av-special-heading.av-lnlquzl3-aa68b0b9a57d80340ccb0e8888993ef3{\nmargin:0px 0px 0px 0px;\npadding-bottom:0px;\ncolor:#10172c;\nfont-size:25px;\n}\nbody .av-special-heading.av-lnlquzl3-aa68b0b9a57d80340ccb0e8888993ef3 .av-special-heading-tag .heading-char{\nfont-size:25px;\n}\n#top #wrap_all .av-special-heading.av-lnlquzl3-aa68b0b9a57d80340ccb0e8888993ef3 .av-special-heading-tag{\nfont-size:25px;\npadding:0px 0px 0px 0px;\n}\n.av-special-heading.av-lnlquzl3-aa68b0b9a57d80340ccb0e8888993ef3 .special-heading-inner-border{\nborder-color:#10172c;\n}\n.av-special-heading.av-lnlquzl3-aa68b0b9a57d80340ccb0e8888993ef3 .av-subheading{\nfont-size:14px;\n}\n\n@media only screen and (min-width: 480px) and (max-width: 767px){ \n#top #wrap_all .av-special-heading.av-lnlquzl3-aa68b0b9a57d80340ccb0e8888993ef3 .av-special-heading-tag{\nfont-size:0.8em;\n}\n}\n\n@media only screen and (max-width: 479px){ \n#top #wrap_all .av-special-heading.av-lnlquzl3-aa68b0b9a57d80340ccb0e8888993ef3 .av-special-heading-tag{\nfont-size:0.8em;\n}\n}\n<\/style>\n<div  id=\"baslik\"  class='av-special-heading av-lnlquzl3-aa68b0b9a57d80340ccb0e8888993ef3 av-special-heading-h3 custom-color-heading blockquote modern-quote  avia-builder-el-14  el_after_av_textblock  el_before_av_iconlist  baslik baslik av-inherit-size'><h3 class='av-special-heading-tag'  itemprop=\"headline\"  >Was k\u00f6nnen wir in einer solchen Situation f\u00fcr Sie tun?<\/h3><div class=\"special-heading-border\"><div class=\"special-heading-inner-border\"><\/div><\/div><\/div><br \/>\n\n<style type=\"text\/css\" data-created_by=\"avia_inline_auto\" id=\"style-css-av-lnlqw3nw-db906b5231147bae3ea76359e86eefc5\">\n#top .avia-icon-list-container.av-lnlqw3nw-db906b5231147bae3ea76359e86eefc5 .iconlist_icon{\ncolor:#ad9779;\n}\n<\/style>\n<div  class='avia-icon-list-container av-lnlqw3nw-db906b5231147bae3ea76359e86eefc5  avia-builder-el-15  el_after_av_heading  el_before_av_textblock '><ul class='avia-icon-list avia_animate_when_almost_visible avia-icon-list-left av-iconlist-small av-lnlqw3nw-db906b5231147bae3ea76359e86eefc5 avia-iconlist-animate'>\n<li><div class='iconlist_icon av-lnlqvn5k-46fbc1317755251d66bab9795163ea94 avia-font-tick_'><span class='iconlist-char' aria-hidden='true' data-av_icon='\uf102' data-av_iconfont='tick_'><\/span><\/div><article class=\"article-icon-entry av-iconlist-empty\"  itemscope=\"itemscope\" itemtype=\"https:\/\/schema.org\/CreativeWork\" ><div class=\"iconlist_content_wrap\"><header class=\"entry-content-header\"><div class='av_iconlist_title iconlist_title_small  '  itemprop=\"headline\" >Wenn die Bedingungen vorhanden sind, k\u00f6nnen wir eine R\u00fcckerstattung durch Stornierung des Kaufvertrags erhalten.<\/div><\/header><div class='iconlist_content '  itemprop=\"text\" ><\/div><\/div><footer class=\"entry-footer\"><\/footer><\/article><div class=\"iconlist-timeline\"><\/div><\/li>\n<li><div class='iconlist_icon av-lnlqvn5k-10-f9caa603d0eaca5c21bb42f5757abfe2 avia-font-tick_'><span class='iconlist-char' aria-hidden='true' data-av_icon='\uf102' data-av_iconfont='tick_'><\/span><\/div><article class=\"article-icon-entry av-iconlist-empty\"  itemscope=\"itemscope\" itemtype=\"https:\/\/schema.org\/CreativeWork\" ><div class=\"iconlist_content_wrap\"><header class=\"entry-content-header\"><div class='av_iconlist_title iconlist_title_small  '  itemprop=\"headline\" >Wir k\u00f6nnen einen Preisnachlass oder einen Umtausch des Produkts erzwingen.<\/div><\/header><div class='iconlist_content '  itemprop=\"text\" ><\/div><\/div><footer class=\"entry-footer\"><\/footer><\/article><div class=\"iconlist-timeline\"><\/div><\/li>\n<li><div class='iconlist_icon av-lnlqvn5k-9-e745684301102b007a15bd762dd84b62 avia-font-tick_'><span class='iconlist-char' aria-hidden='true' data-av_icon='\uf102' data-av_iconfont='tick_'><\/span><\/div><article class=\"article-icon-entry av-iconlist-empty\"  itemscope=\"itemscope\" itemtype=\"https:\/\/schema.org\/CreativeWork\" ><div class=\"iconlist_content_wrap\"><header class=\"entry-content-header\"><div class='av_iconlist_title iconlist_title_small  '  itemprop=\"headline\" >Ist ein Deffekt des gekauften Produkts eingetreten, kann das Produkt durch ein neues ersetzt werden.<\/div><\/header><div class='iconlist_content '  itemprop=\"text\" ><\/div><\/div><footer class=\"entry-footer\"><\/footer><\/article><div class=\"iconlist-timeline\"><\/div><\/li>\n<\/ul><\/div><br \/>\n\n<style type=\"text\/css\" data-created_by=\"avia_inline_auto\" id=\"style-css-av-lnlqv65b-6783f1ab6a1b1064e6bd96cd08d611af\">\n#top .av_textblock_section.av-lnlqv65b-6783f1ab6a1b1064e6bd96cd08d611af .avia_textblock{\ntext-align:justify;\n}\n<\/style>\n<section  class='av_textblock_section av-lnlqv65b-6783f1ab6a1b1064e6bd96cd08d611af '   itemscope=\"itemscope\" itemtype=\"https:\/\/schema.org\/CreativeWork\" ><div class='avia_textblock'  itemprop=\"text\" ><p>Die Rechte des Mandanten werden zun\u00e4chst durch au\u00dfergerichtliche Verhandlungen geltend gemacht, in dem Bestreben, eine Einigung zu erzielen. Sollte jedoch keine Einigung erzielt werden k\u00f6nnen, werden rechtliche Schritte eingelegt.<\/p>\n<p>Die rechtlichen Schritte, die nach dem von Ihnen erlebten Vorfall unternommen werden, welche Entsch\u00e4digung eingefordert-, und in welcher H\u00f6he, werden Ihnen von unseren Fachanw\u00e4lte der Kanzlei erl\u00e4utert.<\/p>\n<\/div><\/section><br \/>\n\n<style type=\"text\/css\" data-created_by=\"avia_inline_auto\" id=\"style-css-av-av_hr-60998662fd766a7822288c1242627e7b\">\n#top .hr.av-av_hr-60998662fd766a7822288c1242627e7b{\nmargin-top:30px;\nmargin-bottom:30px;\n}\n.hr.av-av_hr-60998662fd766a7822288c1242627e7b .hr-inner{\nwidth:5000px;\nborder-color:#dadada;\n}\n<\/style>\n<div  class='hr av-av_hr-60998662fd766a7822288c1242627e7b hr-custom  avia-builder-el-17  el_after_av_textblock  el_before_av_textblock  hr-center hr-icon-no'><span class='hr-inner inner-border-av-border-thin'><span class=\"hr-inner-style\"><\/span><\/span><\/div><br \/>\n<section  class='av_textblock_section av-lr7gxu8z-79b98cc89a03a3c499fcd398933fb44b '   itemscope=\"itemscope\" itemtype=\"https:\/\/schema.org\/CreativeWork\" ><div class='avia_textblock'  itemprop=\"text\" ><p>Tags: <a href=\"https:\/\/canercanlaw.com\/de\/unzufrieden-mit-dem-hotel-in-der-turkei\/\">Pool Unfall in der T\u00fcrkei<\/a>, <a href=\"https:\/\/canercanlaw.com\/de\/unzufrieden-mit-dem-hotel-in-der-turkei\/\">Unzufrieden mit dem Hotel in der T\u00fcrkei<\/a>, <a href=\"https:\/\/canercanlaw.com\/de\/unzufrieden-mit-dem-hotel-in-der-turkei\/\">Entsch\u00e4digung f\u00fcr Hotelaufenthalt in der T\u00fcrkei<\/a>, <a href=\"https:\/\/canercanlaw.com\/de\/unzufrieden-mit-dem-hotel-in-der-turkei\/\">Extremsportunfall in der T\u00fcrkei<\/a><\/p>\n<\/div><\/section><\/p><\/div>\n","protected":false},"excerpt":{"rendered":"","protected":false},"author":1,"featured_media":0,"parent":0,"menu_order":0,"comment_status":"closed","ping_status":"closed","template":"","meta":{"footnotes":""},"class_list":["post-3683","page","type-page","status-publish","hentry"],"_links":{"self":[{"href":"https:\/\/canercanlaw.com\/de\/wp-json\/wp\/v2\/pages\/3683","targetHints":{"allow":["GET"]}}],"collection":[{"href":"https:\/\/canercanlaw.com\/de\/wp-json\/wp\/v2\/pages"}],"about":[{"href":"https:\/\/canercanlaw.com\/de\/wp-json\/wp\/v2\/types\/page"}],"author":[{"embeddable":true,"href":"https:\/\/canercanlaw.com\/de\/wp-json\/wp\/v2\/users\/1"}],"replies":[{"embeddable":true,"href":"https:\/\/canercanlaw.com\/de\/wp-json\/wp\/v2\/comments?post=3683"}],"version-history":[{"count":15,"href":"https:\/\/canercanlaw.com\/de\/wp-json\/wp\/v2\/pages\/3683\/revisions"}],"predecessor-version":[{"id":4064,"href":"https:\/\/canercanlaw.com\/de\/wp-json\/wp\/v2\/pages\/3683\/revisions\/4064"}],"wp:attachment":[{"href":"https:\/\/canercanlaw.com\/de\/wp-json\/wp\/v2\/media?parent=3683"}],"curies":[{"name":"wp","href":"https:\/\/api.w.org\/{rel}","templated":true}]}}