{"id":3689,"date":"2023-10-11T15:51:25","date_gmt":"2023-10-11T12:51:25","guid":{"rendered":"https:\/\/canercanlaw.com\/de\/?page_id=3689"},"modified":"2023-11-21T15:44:39","modified_gmt":"2023-11-21T12:44:39","slug":"angelegenheiten-im-zusammenhang-mit-immobilien","status":"publish","type":"page","link":"https:\/\/canercanlaw.com\/de\/angelegenheiten-im-zusammenhang-mit-immobilien\/","title":{"rendered":"Angelegenheiten im Zusammenhang mit Immobilien"},"content":{"rendered":"\n<style type=\"text\/css\" data-created_by=\"avia_inline_auto\" id=\"style-css-av-4aemvd-576e3ac4f67fb3c7dab22a5e13296394\">\n.avia-section.av-4aemvd-576e3ac4f67fb3c7dab22a5e13296394{\nbackground-repeat:no-repeat;\nbackground-image:url(https:\/\/canercanlaw.com\/de\/wp-content\/uploads\/2023\/10\/tasinmazlar-ile-ilgili-problemler-1.jpg);\nbackground-position:50% 50%;\nbackground-attachment:scroll;\n}\n.avia-section.av-4aemvd-576e3ac4f67fb3c7dab22a5e13296394 .av-section-color-overlay{\nopacity:0.3;\nbackground-color:#020202;\n}\n<\/style>\n<div id='av_section_1'  class='avia-section av-4aemvd-576e3ac4f67fb3c7dab22a5e13296394 main_color avia-section-default avia-no-border-styling  avia-builder-el-0  el_before_av_section  avia-builder-el-first  avia-full-stretch avia-bg-style-scroll av-section-color-overlay-active av-minimum-height av-minimum-height-75 av-height-75  container_wrap fullsize'  data-section-bg-repeat='stretch' data-av_minimum_height_pc='75' data-av_min_height_opt='75'><div class=\"av-section-color-overlay-wrap\"><div class=\"av-section-color-overlay\"><\/div><div class='container av-section-cont-open' ><main  role=\"main\" itemprop=\"mainContentOfPage\"  class='template-page content  av-content-full alpha units'><div class='post-entry post-entry-type-page post-entry-3689'><div class='entry-content-wrapper clearfix'>\n<\/div><\/div><\/main><!-- close content main element --><\/div><\/div><\/div><div id='av_section_2'  class='avia-section av-2w6ia1-5281cb86113d007f642aba5353c9dc08 main_color avia-section-default avia-no-border-styling  avia-builder-el-1  el_after_av_section  avia-builder-el-last  avia-bg-style-scroll container_wrap fullsize'  ><div class='container av-section-cont-open' ><div class='template-page content  av-content-full alpha units'><div class='post-entry post-entry-type-page post-entry-3689'><div class='entry-content-wrapper clearfix'>\n<div  class='flex_column av-lnlr0o9o-77efbea2150cf15094623d128aedd71a av_one_full  avia-builder-el-2  avia-builder-el-no-sibling  first flex_column_div  '     ><p>\n<style type=\"text\/css\" data-created_by=\"avia_inline_auto\" id=\"style-css-av-lnlr07oe-30c2636bed9d0e39334af0ce6e7b9fde\">\n#top .av-special-heading.av-lnlr07oe-30c2636bed9d0e39334af0ce6e7b9fde{\npadding-bottom:10px;\ncolor:#10172c;\nfont-size:45px;\n}\nbody .av-special-heading.av-lnlr07oe-30c2636bed9d0e39334af0ce6e7b9fde .av-special-heading-tag .heading-char{\nfont-size:25px;\n}\n#top #wrap_all .av-special-heading.av-lnlr07oe-30c2636bed9d0e39334af0ce6e7b9fde .av-special-heading-tag{\nfont-size:45px;\n}\n.av-special-heading.av-lnlr07oe-30c2636bed9d0e39334af0ce6e7b9fde .special-heading-inner-border{\nborder-color:#10172c;\n}\n.av-special-heading.av-lnlr07oe-30c2636bed9d0e39334af0ce6e7b9fde .av-subheading{\nfont-size:14px;\ncolor:#ad9779;\n}\n\n@media only screen and (min-width: 480px) and (max-width: 767px){ \n#top #wrap_all .av-special-heading.av-lnlr07oe-30c2636bed9d0e39334af0ce6e7b9fde .av-special-heading-tag{\nfont-size:0.8em;\n}\n}\n\n@media only screen and (max-width: 479px){ \n#top #wrap_all .av-special-heading.av-lnlr07oe-30c2636bed9d0e39334af0ce6e7b9fde .av-special-heading-tag{\nfont-size:0.8em;\n}\n}\n<\/style>\n<div  id=\"baslik\"  class='av-special-heading av-lnlr07oe-30c2636bed9d0e39334af0ce6e7b9fde av-special-heading-h3 custom-color-heading blockquote modern-quote modern-centered  avia-builder-el-3  el_before_av_textblock  avia-builder-el-first  baslik baslik av-inherit-size'><div class='av_custom_color av-subheading av-subheading_above'><p>CANER&amp;CAN ANWALTS \u2013 und MEDIATIONSKANZLEI<\/p>\n<\/div><h3 class='av-special-heading-tag'  itemprop=\"headline\"  >Angelegenheiten im Zusammenhang mit Immobilien<\/h3><div class=\"special-heading-border\"><div class=\"special-heading-inner-border\"><\/div><\/div><\/div><br \/>\n\n<style type=\"text\/css\" data-created_by=\"avia_inline_auto\" id=\"style-css-av-lnlr0hrm-0d76a3d877f2e28a5dddc42429fba3ae\">\n#top .av_textblock_section.av-lnlr0hrm-0d76a3d877f2e28a5dddc42429fba3ae .avia_textblock{\ntext-align:justify;\n}\n<\/style>\n<section  class='av_textblock_section av-lnlr0hrm-0d76a3d877f2e28a5dddc42429fba3ae '   itemscope=\"itemscope\" itemtype=\"https:\/\/schema.org\/CreativeWork\" ><div class='avia_textblock'  itemprop=\"text\" ><p>In den letzten Jahren hat die T\u00fcrkei aufgrund ihrer Anreize f\u00fcr ausl\u00e4ndische Investoren im Immobiliensektor vermehrt die Aufmerksamkeit ausl\u00e4ndischer Staatsb\u00fcrger auf sich gezogen. Dies hat zu einem Anstieg der Immobilienverk\u00e4ufe an ausl\u00e4ndische K\u00e4ufer gef\u00fchrt. Allerdings stehen ausl\u00e4ndische Investoren bei Kauf, Verkauf und Vermietung von Immobilien vor verschiedenen Herausforderungen. Dazu z\u00e4hlen etwa der gleichzeitige Verkauf derselben Immobilie an mehrere Personen, Vorf\u00e4lle von gef\u00e4lschten Grundbucheintr\u00e4gen oder Schwierigkeiten bei der Vermietung der erworbenen Immobilien an Mieter.<\/p>\n<p>Die Vielfalt dieser Herausforderungen ist breit gef\u00e4chert und nicht abschlie\u00dfend aufzuz\u00e4hlen. Unser B\u00fcro bietet jedoch eine Vielzahl von Dienstleistungen, um in diesem Zusammenhang Unterst\u00fctzung zu leisten, einschlie\u00dflich:<\/p>\n<\/div><\/section><br \/>\n\n<style type=\"text\/css\" data-created_by=\"avia_inline_auto\" id=\"style-css-av-lnlr2361-edb2ed5f1de80520b4643d96d2275f6e\">\n#top .avia-icon-list-container.av-lnlr2361-edb2ed5f1de80520b4643d96d2275f6e .iconlist_icon{\ncolor:#ad9779;\n}\n<\/style>\n<div  class='avia-icon-list-container av-lnlr2361-edb2ed5f1de80520b4643d96d2275f6e  avia-builder-el-5  el_after_av_textblock  avia-builder-el-last '><ul class='avia-icon-list avia_animate_when_almost_visible avia-icon-list-left av-iconlist-small av-lnlr2361-edb2ed5f1de80520b4643d96d2275f6e avia-iconlist-animate'>\n<li><div class='iconlist_icon av-lnlr164c-72ebf91ef97eb5b720f478bc36ed08ca avia-font-tick_'><span class='iconlist-char' aria-hidden='true' data-av_icon='\uf102' data-av_iconfont='tick_'><\/span><\/div><article class=\"article-icon-entry av-iconlist-empty\"  itemscope=\"itemscope\" itemtype=\"https:\/\/schema.org\/CreativeWork\" ><div class=\"iconlist_content_wrap\"><header class=\"entry-content-header\"><div class='av_iconlist_title iconlist_title_small  '  itemprop=\"headline\" >Pr\u00fcfung der zu erwerbenden Immobilie anhand der Eigentumsurkunde. Best\u00e4tigung des Eigent\u00fcmers der Immobilie, Feststellung, ob eine rechtseinschr\u00e4nkende Eintragung (Hypothek, etc.) auf der Immobilie vorhanden ist.<\/div><\/header><div class='iconlist_content '  itemprop=\"text\" ><\/div><\/div><footer class=\"entry-footer\"><\/footer><\/article><div class=\"iconlist-timeline\"><\/div><\/li>\n<li><div class='iconlist_icon av-lnlr164c-6-97fb9e030de792c0fb25008bca1ad267 avia-font-tick_'><span class='iconlist-char' aria-hidden='true' data-av_icon='\uf102' data-av_iconfont='tick_'><\/span><\/div><article class=\"article-icon-entry av-iconlist-empty\"  itemscope=\"itemscope\" itemtype=\"https:\/\/schema.org\/CreativeWork\" ><div class=\"iconlist_content_wrap\"><header class=\"entry-content-header\"><div class='av_iconlist_title iconlist_title_small  '  itemprop=\"headline\" >Beratung bei Rechtsgesch\u00e4ften beim Kauf von Immobilien (G\u00fcltigkeit des Immobilienkaufvertrags, Pr\u00fcfung der mit dem Immobilienmakler abzuschlie\u00dfenden Vertr\u00e4ge).<\/div><\/header><div class='iconlist_content '  itemprop=\"text\" ><\/div><\/div><footer class=\"entry-footer\"><\/footer><\/article><div class=\"iconlist-timeline\"><\/div><\/li>\n<li><div class='iconlist_icon av-lnlr164c-5-db7d0685cafa1984a7b0a30d05081367 avia-font-tick_'><span class='iconlist-char' aria-hidden='true' data-av_icon='\uf102' data-av_iconfont='tick_'><\/span><\/div><article class=\"article-icon-entry av-iconlist-empty\"  itemscope=\"itemscope\" itemtype=\"https:\/\/schema.org\/CreativeWork\" ><div class=\"iconlist_content_wrap\"><header class=\"entry-content-header\"><div class='av_iconlist_title iconlist_title_small  '  itemprop=\"headline\" >Verfolgung der rechtlichen Verfahren f\u00fcr die Vermietung der Immobilie (insbesondere die Vorbereitung des Mietvertrags).<\/div><\/header><div class='iconlist_content '  itemprop=\"text\" ><\/div><\/div><footer class=\"entry-footer\"><\/footer><\/article><div class=\"iconlist-timeline\"><\/div><\/li>\n<li><div class='iconlist_icon av-lnlr164c-4-c42aa45e8e23746c7279f07c2cfb2d35 avia-font-tick_'><span class='iconlist-char' aria-hidden='true' data-av_icon='\uf102' data-av_iconfont='tick_'><\/span><\/div><article class=\"article-icon-entry av-iconlist-empty\"  itemscope=\"itemscope\" itemtype=\"https:\/\/schema.org\/CreativeWork\" ><div class=\"iconlist_content_wrap\"><header class=\"entry-content-header\"><div class='av_iconlist_title iconlist_title_small  '  itemprop=\"headline\" >Beilegung von Streitigkeiten mit dem Mieter (Nichtzahlung der Miete, Mieterh\u00f6hung, R\u00e4umung des Mieters usw.).<\/div><\/header><div class='iconlist_content '  itemprop=\"text\" ><\/div><\/div><footer class=\"entry-footer\"><\/footer><\/article><div class=\"iconlist-timeline\"><\/div><\/li>\n<li><div class='iconlist_icon av-lnlr164c-3-6a95c31cebdba248bfbfb0b936ec2269 avia-font-tick_'><span class='iconlist-char' aria-hidden='true' data-av_icon='\uf102' data-av_iconfont='tick_'><\/span><\/div><article class=\"article-icon-entry av-iconlist-empty\"  itemscope=\"itemscope\" itemtype=\"https:\/\/schema.org\/CreativeWork\" ><div class=\"iconlist_content_wrap\"><header class=\"entry-content-header\"><div class='av_iconlist_title iconlist_title_small  '  itemprop=\"headline\" >Verfolgung der rechtlichen Verfahren beim Verkauf der Immobilie.<\/div><\/header><div class='iconlist_content '  itemprop=\"text\" ><\/div><\/div><footer class=\"entry-footer\"><\/footer><\/article><div class=\"iconlist-timeline\"><\/div><\/li>\n<\/ul><\/div><\/p><\/div>\n","protected":false},"excerpt":{"rendered":"","protected":false},"author":1,"featured_media":0,"parent":0,"menu_order":0,"comment_status":"closed","ping_status":"closed","template":"","meta":{"footnotes":""},"class_list":["post-3689","page","type-page","status-publish","hentry"],"_links":{"self":[{"href":"https:\/\/canercanlaw.com\/de\/wp-json\/wp\/v2\/pages\/3689","targetHints":{"allow":["GET"]}}],"collection":[{"href":"https:\/\/canercanlaw.com\/de\/wp-json\/wp\/v2\/pages"}],"about":[{"href":"https:\/\/canercanlaw.com\/de\/wp-json\/wp\/v2\/types\/page"}],"author":[{"embeddable":true,"href":"https:\/\/canercanlaw.com\/de\/wp-json\/wp\/v2\/users\/1"}],"replies":[{"embeddable":true,"href":"https:\/\/canercanlaw.com\/de\/wp-json\/wp\/v2\/comments?post=3689"}],"version-history":[{"count":8,"href":"https:\/\/canercanlaw.com\/de\/wp-json\/wp\/v2\/pages\/3689\/revisions"}],"predecessor-version":[{"id":4009,"href":"https:\/\/canercanlaw.com\/de\/wp-json\/wp\/v2\/pages\/3689\/revisions\/4009"}],"wp:attachment":[{"href":"https:\/\/canercanlaw.com\/de\/wp-json\/wp\/v2\/media?parent=3689"}],"curies":[{"name":"wp","href":"https:\/\/api.w.org\/{rel}","templated":true}]}}