{"id":3709,"date":"2023-10-11T16:16:38","date_gmt":"2023-10-11T13:16:38","guid":{"rendered":"https:\/\/canercanlaw.com\/de\/?page_id=3709"},"modified":"2023-11-21T15:49:04","modified_gmt":"2023-11-21T12:49:04","slug":"vertragsrecht","status":"publish","type":"page","link":"https:\/\/canercanlaw.com\/de\/vertragsrecht\/","title":{"rendered":"Vertragsrecht"},"content":{"rendered":"\n<style type=\"text\/css\" data-created_by=\"avia_inline_auto\" id=\"style-css-av-9fdde5-cd3e0cae8e8ff82e874b2def87f82f3d\">\n.avia-section.av-9fdde5-cd3e0cae8e8ff82e874b2def87f82f3d{\nbackground-repeat:no-repeat;\nbackground-image:url(https:\/\/canercanlaw.com\/de\/wp-content\/uploads\/2023\/10\/Corporate-and-Commercial-Law.jpg);\nbackground-position:50% 50%;\nbackground-attachment:scroll;\n}\n<\/style>\n<div id='av_section_1'  class='avia-section av-9fdde5-cd3e0cae8e8ff82e874b2def87f82f3d main_color avia-section-default avia-no-border-styling  avia-builder-el-0  el_before_av_section  avia-builder-el-first  avia-full-stretch avia-bg-style-scroll av-minimum-height av-minimum-height-50 av-height-50  container_wrap fullsize'  data-section-bg-repeat='stretch' data-av_minimum_height_pc='50' data-av_min_height_opt='50'><div class='container av-section-cont-open' ><main  role=\"main\" itemprop=\"mainContentOfPage\"  class='template-page content  av-content-full alpha units'><div class='post-entry post-entry-type-page post-entry-3709'><div class='entry-content-wrapper clearfix'>\n<\/div><\/div><\/main><!-- close content main element --><\/div><\/div><div id='av_section_2'  class='avia-section av-790igt-600873b0b9c537b6cc40b05165688fd8 main_color avia-section-default avia-no-border-styling  avia-builder-el-1  el_after_av_section  avia-builder-el-last  avia-bg-style-scroll container_wrap fullsize'  ><div class='container av-section-cont-open' ><div class='template-page content  av-content-full alpha units'><div class='post-entry post-entry-type-page post-entry-3709'><div class='entry-content-wrapper clearfix'>\n<div  class='flex_column av-5wibt9-d3dc84e60573021484442b0541ece7f1 av_one_full  avia-builder-el-2  el_before_av_one_half  avia-builder-el-first  first flex_column_div  '     ><style type=\"text\/css\" data-created_by=\"avia_inline_auto\" id=\"style-css-av-lnlrxufl-b6b918599952a7dacc2d5c09901629a4\">\n#top .av-special-heading.av-lnlrxufl-b6b918599952a7dacc2d5c09901629a4{\npadding-bottom:10px;\ncolor:#10172c;\nfont-size:45px;\n}\nbody .av-special-heading.av-lnlrxufl-b6b918599952a7dacc2d5c09901629a4 .av-special-heading-tag .heading-char{\nfont-size:25px;\n}\n#top #wrap_all .av-special-heading.av-lnlrxufl-b6b918599952a7dacc2d5c09901629a4 .av-special-heading-tag{\nfont-size:45px;\n}\n.av-special-heading.av-lnlrxufl-b6b918599952a7dacc2d5c09901629a4 .special-heading-inner-border{\nborder-color:#10172c;\n}\n.av-special-heading.av-lnlrxufl-b6b918599952a7dacc2d5c09901629a4 .av-subheading{\nfont-size:14px;\ncolor:#ad9779;\n}\n\n@media only screen and (min-width: 480px) and (max-width: 767px){ \n#top #wrap_all .av-special-heading.av-lnlrxufl-b6b918599952a7dacc2d5c09901629a4 .av-special-heading-tag{\nfont-size:0.8em;\n}\n}\n\n@media only screen and (max-width: 479px){ \n#top #wrap_all .av-special-heading.av-lnlrxufl-b6b918599952a7dacc2d5c09901629a4 .av-special-heading-tag{\nfont-size:0.8em;\n}\n}\n<\/style>\n<div  id=\"baslik\"  class='av-special-heading av-lnlrxufl-b6b918599952a7dacc2d5c09901629a4 av-special-heading-h3 custom-color-heading blockquote modern-quote modern-centered  avia-builder-el-3  avia-builder-el-no-sibling  baslik baslik av-inherit-size'><div class='av_custom_color av-subheading av-subheading_above'><p>CANER&amp;CAN ANWALTS \u2013 und MEDIATIONSKANZLEI<\/p>\n<\/div><h3 class='av-special-heading-tag'  itemprop=\"headline\"  >Vertragsrecht<\/h3><div class=\"special-heading-border\"><div class=\"special-heading-inner-border\"><\/div><\/div><\/div><\/div><div  class='flex_column av-4j6s25-80dae781d7e54cdff12bf0de2d19c980 av_one_half  avia-builder-el-4  el_after_av_one_full  el_before_av_one_half  first flex_column_div  column-top-margin'     ><style type=\"text\/css\" data-created_by=\"avia_inline_auto\" id=\"style-css-av-lnlrxzpy-368c6e4d87bfb22d2b276b6accd84227\">\n#top .av_textblock_section.av-lnlrxzpy-368c6e4d87bfb22d2b276b6accd84227 .avia_textblock{\ntext-align:justify;\n}\n<\/style>\n<section  class='av_textblock_section av-lnlrxzpy-368c6e4d87bfb22d2b276b6accd84227 '   itemscope=\"itemscope\" itemtype=\"https:\/\/schema.org\/CreativeWork\" ><div class='avia_textblock'  itemprop=\"text\" ><p>Unsere Anwaltskanzlei bietet in- und ausl\u00e4ndischen Mandanten, die in verschiedenen Sektoren t\u00e4tig sind, rechtliche Unterst\u00fctzung im Bereich des Vertragsrechts im Einklang mit individuellen und unternehmerischen Interessen. Einige unserer Dienstleistungen sind wie folgt:<\/p>\n<\/div><\/section><\/div><div  id=\"giris\"  class='flex_column av-2kx78t-ffb7da015586fbc48247f1ffa7c83987 av_one_half  avia-builder-el-6  el_after_av_one_half  avia-builder-el-last  giris giris flex_column_div  column-top-margin'     aria-label='giris'  ><style type=\"text\/css\" data-created_by=\"avia_inline_auto\" id=\"style-css-av-lnlrynfn-0d4d4a0d2f5d905020fb86779db1853b\">\n#top .avia-icon-list-container.av-lnlrynfn-0d4d4a0d2f5d905020fb86779db1853b .iconlist_icon{\ncolor:#ad9779;\n}\n<\/style>\n<div  class='avia-icon-list-container av-lnlrynfn-0d4d4a0d2f5d905020fb86779db1853b  avia-builder-el-7  avia-builder-el-no-sibling '><ul class='avia-icon-list avia_animate_when_almost_visible avia-icon-list-left av-iconlist-small av-lnlrynfn-0d4d4a0d2f5d905020fb86779db1853b avia-iconlist-animate'>\n<li><div class='iconlist_icon av-lnlry4m5-59662e037fc480875581483d157d143b avia-font-tick_'><span class='iconlist-char' aria-hidden='true' data-av_icon='\uf102' data-av_iconfont='tick_'><\/span><\/div><article class=\"article-icon-entry av-iconlist-empty\"  itemscope=\"itemscope\" itemtype=\"https:\/\/schema.org\/CreativeWork\" ><div class=\"iconlist_content_wrap\"><header class=\"entry-content-header\"><div class='av_iconlist_title iconlist_title_small  '  itemprop=\"headline\" >Organisation von Vertr\u00e4gen entsprechend den Bed\u00fcrfnissen und Interessen<\/div><\/header><div class='iconlist_content '  itemprop=\"text\" ><\/div><\/div><footer class=\"entry-footer\"><\/footer><\/article><div class=\"iconlist-timeline\"><\/div><\/li>\n<li><div class='iconlist_icon av-lnlry4m5-9-6b593950c7c21348da1750c225f55dda avia-font-tick_'><span class='iconlist-char' aria-hidden='true' data-av_icon='\uf102' data-av_iconfont='tick_'><\/span><\/div><article class=\"article-icon-entry av-iconlist-empty\"  itemscope=\"itemscope\" itemtype=\"https:\/\/schema.org\/CreativeWork\" ><div class=\"iconlist_content_wrap\"><header class=\"entry-content-header\"><div class='av_iconlist_title iconlist_title_small  '  itemprop=\"headline\" >Teilnahme an Vertragsverhandlungen und Beratung<\/div><\/header><div class='iconlist_content '  itemprop=\"text\" ><\/div><\/div><footer class=\"entry-footer\"><\/footer><\/article><div class=\"iconlist-timeline\"><\/div><\/li>\n<li><div class='iconlist_icon av-lnlry4m5-8-56cf0e80d7644ec8dfc19906d6eb4932 avia-font-tick_'><span class='iconlist-char' aria-hidden='true' data-av_icon='\uf102' data-av_iconfont='tick_'><\/span><\/div><article class=\"article-icon-entry av-iconlist-empty\"  itemscope=\"itemscope\" itemtype=\"https:\/\/schema.org\/CreativeWork\" ><div class=\"iconlist_content_wrap\"><header class=\"entry-content-header\"><div class='av_iconlist_title iconlist_title_small  '  itemprop=\"headline\" >Die \u00dcberpr\u00fcfung von Vertr\u00e4gen-, Durchf\u00fchrung erforderlicher Anpassungen-, und Revisionen ensprechend den Interessen und Bed\u00fcrfnissen.<\/div><\/header><div class='iconlist_content '  itemprop=\"text\" ><\/div><\/div><footer class=\"entry-footer\"><\/footer><\/article><div class=\"iconlist-timeline\"><\/div><\/li>\n<li><div class='iconlist_icon av-lnlry4m5-7-ea1194a6facdb26613722b0b4831ce66 avia-font-tick_'><span class='iconlist-char' aria-hidden='true' data-av_icon='\uf102' data-av_iconfont='tick_'><\/span><\/div><article class=\"article-icon-entry av-iconlist-empty\"  itemscope=\"itemscope\" itemtype=\"https:\/\/schema.org\/CreativeWork\" ><div class=\"iconlist_content_wrap\"><header class=\"entry-content-header\"><div class='av_iconlist_title iconlist_title_small  '  itemprop=\"headline\" >Abschluss von Vertr\u00e4gen im Auftrag in- und ausl\u00e4ndischen Mandanten. <\/div><\/header><div class='iconlist_content '  itemprop=\"text\" ><\/div><\/div><footer class=\"entry-footer\"><\/footer><\/article><div class=\"iconlist-timeline\"><\/div><\/li>\n<\/ul><\/div><\/div>\n","protected":false},"excerpt":{"rendered":"","protected":false},"author":1,"featured_media":0,"parent":0,"menu_order":0,"comment_status":"closed","ping_status":"closed","template":"","meta":{"footnotes":""},"class_list":["post-3709","page","type-page","status-publish","hentry"],"_links":{"self":[{"href":"https:\/\/canercanlaw.com\/de\/wp-json\/wp\/v2\/pages\/3709","targetHints":{"allow":["GET"]}}],"collection":[{"href":"https:\/\/canercanlaw.com\/de\/wp-json\/wp\/v2\/pages"}],"about":[{"href":"https:\/\/canercanlaw.com\/de\/wp-json\/wp\/v2\/types\/page"}],"author":[{"embeddable":true,"href":"https:\/\/canercanlaw.com\/de\/wp-json\/wp\/v2\/users\/1"}],"replies":[{"embeddable":true,"href":"https:\/\/canercanlaw.com\/de\/wp-json\/wp\/v2\/comments?post=3709"}],"version-history":[{"count":4,"href":"https:\/\/canercanlaw.com\/de\/wp-json\/wp\/v2\/pages\/3709\/revisions"}],"predecessor-version":[{"id":4015,"href":"https:\/\/canercanlaw.com\/de\/wp-json\/wp\/v2\/pages\/3709\/revisions\/4015"}],"wp:attachment":[{"href":"https:\/\/canercanlaw.com\/de\/wp-json\/wp\/v2\/media?parent=3709"}],"curies":[{"name":"wp","href":"https:\/\/api.w.org\/{rel}","templated":true}]}}