{"id":3711,"date":"2023-10-11T16:17:40","date_gmt":"2023-10-11T13:17:40","guid":{"rendered":"https:\/\/canercanlaw.com\/de\/?page_id=3711"},"modified":"2023-11-21T16:32:52","modified_gmt":"2023-11-21T13:32:52","slug":"internationales-handelsrecht","status":"publish","type":"page","link":"https:\/\/canercanlaw.com\/de\/internationales-handelsrecht\/","title":{"rendered":"Internationales Handelsrecht"},"content":{"rendered":"\n<style type=\"text\/css\" data-created_by=\"avia_inline_auto\" id=\"style-css-av-8rj6bz-84e49917a529da8807a6323c6901cf77\">\n.avia-section.av-8rj6bz-84e49917a529da8807a6323c6901cf77{\nbackground-repeat:no-repeat;\nbackground-image:url(https:\/\/canercanlaw.com\/de\/wp-content\/uploads\/2023\/10\/Corporate-and-Commercial-Law.jpg);\nbackground-position:50% 50%;\nbackground-attachment:scroll;\n}\n<\/style>\n<div id='av_section_1'  class='avia-section av-8rj6bz-84e49917a529da8807a6323c6901cf77 main_color avia-section-default avia-no-border-styling  avia-builder-el-0  el_before_av_section  avia-builder-el-first  avia-full-stretch avia-bg-style-scroll av-minimum-height av-minimum-height-50 av-height-50  container_wrap fullsize'  data-section-bg-repeat='stretch' data-av_minimum_height_pc='50' data-av_min_height_opt='50'><div class='container av-section-cont-open' ><main  role=\"main\" itemprop=\"mainContentOfPage\"  class='template-page content  av-content-full alpha units'><div class='post-entry post-entry-type-page post-entry-3711'><div class='entry-content-wrapper clearfix'>\n<\/div><\/div><\/main><!-- close content main element --><\/div><\/div><div id='av_section_2'  class='avia-section av-7n84of-75bdcbf1c8070996766d38e776b14968 main_color avia-section-default avia-no-border-styling  avia-builder-el-1  el_after_av_section  avia-builder-el-last  avia-bg-style-scroll container_wrap fullsize'  ><div class='container av-section-cont-open' ><div class='template-page content  av-content-full alpha units'><div class='post-entry post-entry-type-page post-entry-3711'><div class='entry-content-wrapper clearfix'>\n<div  class='flex_column av-60o5bz-686a569815e292ed547c1ddc45b442b2 av_one_full  avia-builder-el-2  el_before_av_one_half  avia-builder-el-first  first flex_column_div  '     ><style type=\"text\/css\" data-created_by=\"avia_inline_auto\" id=\"style-css-av-lnlrz4t4-7d600d31093b1305b4895f609e1698c0\">\n#top .av-special-heading.av-lnlrz4t4-7d600d31093b1305b4895f609e1698c0{\npadding-bottom:10px;\ncolor:#10172c;\nfont-size:45px;\n}\nbody .av-special-heading.av-lnlrz4t4-7d600d31093b1305b4895f609e1698c0 .av-special-heading-tag .heading-char{\nfont-size:25px;\n}\n#top #wrap_all .av-special-heading.av-lnlrz4t4-7d600d31093b1305b4895f609e1698c0 .av-special-heading-tag{\nfont-size:45px;\n}\n.av-special-heading.av-lnlrz4t4-7d600d31093b1305b4895f609e1698c0 .special-heading-inner-border{\nborder-color:#10172c;\n}\n.av-special-heading.av-lnlrz4t4-7d600d31093b1305b4895f609e1698c0 .av-subheading{\nfont-size:14px;\ncolor:#ad9779;\n}\n\n@media only screen and (min-width: 480px) and (max-width: 767px){ \n#top #wrap_all .av-special-heading.av-lnlrz4t4-7d600d31093b1305b4895f609e1698c0 .av-special-heading-tag{\nfont-size:0.8em;\n}\n}\n\n@media only screen and (max-width: 479px){ \n#top #wrap_all .av-special-heading.av-lnlrz4t4-7d600d31093b1305b4895f609e1698c0 .av-special-heading-tag{\nfont-size:0.8em;\n}\n}\n<\/style>\n<div  id=\"baslik\"  class='av-special-heading av-lnlrz4t4-7d600d31093b1305b4895f609e1698c0 av-special-heading-h3 custom-color-heading blockquote modern-quote modern-centered  avia-builder-el-3  avia-builder-el-no-sibling  baslik baslik av-inherit-size'><div class='av_custom_color av-subheading av-subheading_above'><p>CANER&amp;CAN ANWALTS \u2013 und MEDIATIONSKANZLEI<\/p>\n<\/div><h3 class='av-special-heading-tag'  itemprop=\"headline\"  >Internationales Handelsrecht<\/h3><div class=\"special-heading-border\"><div class=\"special-heading-inner-border\"><\/div><\/div><\/div><\/div><div  class='flex_column av-3sd79b-8388336a6b7c8faedad3a2e6d463682a av_one_half  avia-builder-el-4  el_after_av_one_full  el_before_av_one_half  first flex_column_div  column-top-margin'     ><style type=\"text\/css\" data-created_by=\"avia_inline_auto\" id=\"style-css-av-lnlrzbu1-5bc999b8ed32c3ecf8939b2b39e5fc4e\">\n#top .av_textblock_section.av-lnlrzbu1-5bc999b8ed32c3ecf8939b2b39e5fc4e .avia_textblock{\ntext-align:justify;\n}\n<\/style>\n<section  class='av_textblock_section av-lnlrzbu1-5bc999b8ed32c3ecf8939b2b39e5fc4e '   itemscope=\"itemscope\" itemtype=\"https:\/\/schema.org\/CreativeWork\" ><div class='avia_textblock'  itemprop=\"text\" ><p>Unser Anwaltsb\u00fcro Caner&amp;Can bietet in Kooperation mit unserem Expertenteam rechtliche Unterst\u00fctzung f\u00fcr nationale und internationale Handelsvorg\u00e4nge. Zu unseren Dienstleistungen geh\u00f6ren auch die Beratung im Rahmen des \u00dcbereinkommens, der Vereinten Nationen \u00fcber Vertr\u00e4ge in Bezug auf den internationalen Warenkauf (CISG) f\u00fcr K\u00e4ufer, Verk\u00e4ufer, Hersteller und Verbraucher.<\/p>\n<\/div><\/section><\/div><div  id=\"giris\"  class='flex_column av-26nvb3-7242d02c545553c7c474ea46e053f4bb av_one_half  avia-builder-el-6  el_after_av_one_half  avia-builder-el-last  giris giris flex_column_div  column-top-margin'     aria-label='giris'  ><style type=\"text\/css\" data-created_by=\"avia_inline_auto\" id=\"style-css-av-lnlrzxlr-2489dccdd7e78ea403e5270031fb04c5\">\n#top .avia-icon-list-container.av-lnlrzxlr-2489dccdd7e78ea403e5270031fb04c5 .iconlist_icon{\ncolor:#ad9779;\n}\n<\/style>\n<div  class='avia-icon-list-container av-lnlrzxlr-2489dccdd7e78ea403e5270031fb04c5  avia-builder-el-7  avia-builder-el-no-sibling '><ul class='avia-icon-list avia_animate_when_almost_visible avia-icon-list-left av-iconlist-small av-lnlrzxlr-2489dccdd7e78ea403e5270031fb04c5 avia-iconlist-animate'>\n<li><div class='iconlist_icon av-lnlrzgpv-d6cb6a4e26e1503f66b39ff4c73aaf33 avia-font-tick_'><span class='iconlist-char' aria-hidden='true' data-av_icon='\uf102' data-av_iconfont='tick_'><\/span><\/div><article class=\"article-icon-entry av-iconlist-empty\"  itemscope=\"itemscope\" itemtype=\"https:\/\/schema.org\/CreativeWork\" ><div class=\"iconlist_content_wrap\"><header class=\"entry-content-header\"><div class='av_iconlist_title iconlist_title_small  '  itemprop=\"headline\" >Rechtliche Beratung in Angelegenheiten des internationalen Handels<\/div><\/header><div class='iconlist_content '  itemprop=\"text\" ><\/div><\/div><footer class=\"entry-footer\"><\/footer><\/article><div class=\"iconlist-timeline\"><\/div><\/li>\n<li><div class='iconlist_icon av-lnlrzgpv-8-63aff2fcba8a710268ee611825bc8ce9 avia-font-tick_'><span class='iconlist-char' aria-hidden='true' data-av_icon='\uf102' data-av_iconfont='tick_'><\/span><\/div><article class=\"article-icon-entry av-iconlist-empty\"  itemscope=\"itemscope\" itemtype=\"https:\/\/schema.org\/CreativeWork\" ><div class=\"iconlist_content_wrap\"><header class=\"entry-content-header\"><div class='av_iconlist_title iconlist_title_small  '  itemprop=\"headline\" >Im Rahmen der anzuwendenden Gesetzgebung, die Gestaltung und Beratung bei internationalen Handelsvertr\u00e4gen (Agentur- und Vertriebsvertr\u00e4ge, Distributionsvertr\u00e4ge, Franchisevertr\u00e4ge, Handelsmarken\u00fcbertragungsvertr\u00e4ge usw.).<\/div><\/header><div class='iconlist_content '  itemprop=\"text\" ><\/div><\/div><footer class=\"entry-footer\"><\/footer><\/article><div class=\"iconlist-timeline\"><\/div><\/li>\n<li><div class='iconlist_icon av-lnlrzgpv-7-58b7546e5a0df512e0be5a8d5e5307ac avia-font-tick_'><span class='iconlist-char' aria-hidden='true' data-av_icon='\uf102' data-av_iconfont='tick_'><\/span><\/div><article class=\"article-icon-entry av-iconlist-empty\"  itemscope=\"itemscope\" itemtype=\"https:\/\/schema.org\/CreativeWork\" ><div class=\"iconlist_content_wrap\"><header class=\"entry-content-header\"><div class='av_iconlist_title iconlist_title_small  '  itemprop=\"headline\" >Investitionsberatung und \u2013bewertung<\/div><\/header><div class='iconlist_content '  itemprop=\"text\" ><\/div><\/div><footer class=\"entry-footer\"><\/footer><\/article><div class=\"iconlist-timeline\"><\/div><\/li>\n<\/ul><\/div><\/div>\n","protected":false},"excerpt":{"rendered":"","protected":false},"author":1,"featured_media":0,"parent":0,"menu_order":0,"comment_status":"closed","ping_status":"closed","template":"","meta":{"footnotes":""},"class_list":["post-3711","page","type-page","status-publish","hentry"],"_links":{"self":[{"href":"https:\/\/canercanlaw.com\/de\/wp-json\/wp\/v2\/pages\/3711","targetHints":{"allow":["GET"]}}],"collection":[{"href":"https:\/\/canercanlaw.com\/de\/wp-json\/wp\/v2\/pages"}],"about":[{"href":"https:\/\/canercanlaw.com\/de\/wp-json\/wp\/v2\/types\/page"}],"author":[{"embeddable":true,"href":"https:\/\/canercanlaw.com\/de\/wp-json\/wp\/v2\/users\/1"}],"replies":[{"embeddable":true,"href":"https:\/\/canercanlaw.com\/de\/wp-json\/wp\/v2\/comments?post=3711"}],"version-history":[{"count":4,"href":"https:\/\/canercanlaw.com\/de\/wp-json\/wp\/v2\/pages\/3711\/revisions"}],"predecessor-version":[{"id":4040,"href":"https:\/\/canercanlaw.com\/de\/wp-json\/wp\/v2\/pages\/3711\/revisions\/4040"}],"wp:attachment":[{"href":"https:\/\/canercanlaw.com\/de\/wp-json\/wp\/v2\/media?parent=3711"}],"curies":[{"name":"wp","href":"https:\/\/api.w.org\/{rel}","templated":true}]}}