{"id":3727,"date":"2023-10-11T16:24:20","date_gmt":"2023-10-11T13:24:20","guid":{"rendered":"https:\/\/canercanlaw.com\/de\/?page_id=3727"},"modified":"2023-11-21T16:50:45","modified_gmt":"2023-11-21T13:50:45","slug":"verbraucherrecht","status":"publish","type":"page","link":"https:\/\/canercanlaw.com\/de\/verbraucherrecht\/","title":{"rendered":"Verbraucherrecht"},"content":{"rendered":"\n<style type=\"text\/css\" data-created_by=\"avia_inline_auto\" id=\"style-css-av-9bxwyn-6536d2137be93b1f4992c0296e80f4b4\">\n.avia-section.av-9bxwyn-6536d2137be93b1f4992c0296e80f4b4{\nbackground-repeat:no-repeat;\nbackground-image:url(https:\/\/canercanlaw.com\/de\/wp-content\/uploads\/2023\/10\/Corporate-and-Commercial-Law.jpg);\nbackground-position:50% 50%;\nbackground-attachment:scroll;\n}\n<\/style>\n<div id='av_section_1'  class='avia-section av-9bxwyn-6536d2137be93b1f4992c0296e80f4b4 main_color avia-section-default avia-no-border-styling  avia-builder-el-0  el_before_av_section  avia-builder-el-first  avia-full-stretch avia-bg-style-scroll av-minimum-height av-minimum-height-50 av-height-50  container_wrap fullsize'  data-section-bg-repeat='stretch' data-av_minimum_height_pc='50' data-av_min_height_opt='50'><div class='container av-section-cont-open' ><main  role=\"main\" itemprop=\"mainContentOfPage\"  class='template-page content  av-content-full alpha units'><div class='post-entry post-entry-type-page post-entry-3727'><div class='entry-content-wrapper clearfix'>\n<\/div><\/div><\/main><!-- close content main element --><\/div><\/div><div id='av_section_2'  class='avia-section av-72l15b-c5804f28d562b6fcc03bec4aeb446364 main_color avia-section-default avia-no-border-styling  avia-builder-el-1  el_after_av_section  avia-builder-el-last  avia-bg-style-scroll container_wrap fullsize'  ><div class='container av-section-cont-open' ><div class='template-page content  av-content-full alpha units'><div class='post-entry post-entry-type-page post-entry-3727'><div class='entry-content-wrapper clearfix'>\n<div  class='flex_column av-6l514f-c77a71618826488de1d3c28749b0f074 av_one_full  avia-builder-el-2  el_before_av_one_half  avia-builder-el-first  first flex_column_div  '     ><style type=\"text\/css\" data-created_by=\"avia_inline_auto\" id=\"style-css-av-lnls66z9-7673628b7f0ccde0d0ea9bc6626991e3\">\n#top .av-special-heading.av-lnls66z9-7673628b7f0ccde0d0ea9bc6626991e3{\npadding-bottom:10px;\ncolor:#10172c;\nfont-size:45px;\n}\nbody .av-special-heading.av-lnls66z9-7673628b7f0ccde0d0ea9bc6626991e3 .av-special-heading-tag .heading-char{\nfont-size:25px;\n}\n#top #wrap_all .av-special-heading.av-lnls66z9-7673628b7f0ccde0d0ea9bc6626991e3 .av-special-heading-tag{\nfont-size:45px;\n}\n.av-special-heading.av-lnls66z9-7673628b7f0ccde0d0ea9bc6626991e3 .special-heading-inner-border{\nborder-color:#10172c;\n}\n.av-special-heading.av-lnls66z9-7673628b7f0ccde0d0ea9bc6626991e3 .av-subheading{\nfont-size:14px;\ncolor:#ad9779;\n}\n\n@media only screen and (min-width: 480px) and (max-width: 767px){ \n#top #wrap_all .av-special-heading.av-lnls66z9-7673628b7f0ccde0d0ea9bc6626991e3 .av-special-heading-tag{\nfont-size:0.8em;\n}\n}\n\n@media only screen and (max-width: 479px){ \n#top #wrap_all .av-special-heading.av-lnls66z9-7673628b7f0ccde0d0ea9bc6626991e3 .av-special-heading-tag{\nfont-size:0.8em;\n}\n}\n<\/style>\n<div  id=\"baslik\"  class='av-special-heading av-lnls66z9-7673628b7f0ccde0d0ea9bc6626991e3 av-special-heading-h3 custom-color-heading blockquote modern-quote modern-centered  avia-builder-el-3  avia-builder-el-no-sibling  baslik baslik av-inherit-size'><div class='av_custom_color av-subheading av-subheading_above'><p>CANER&amp;CAN ANWALTS \u2013 und MEDIATIONSKANZLEI<\/p>\n<\/div><h3 class='av-special-heading-tag'  itemprop=\"headline\"  >Verbraucherrecht<\/h3><div class=\"special-heading-border\"><div class=\"special-heading-inner-border\"><\/div><\/div><\/div><\/div><div  class='flex_column av-4k3cwv-f1c0b0798f899bfb8edf352145582c82 av_one_half  avia-builder-el-4  el_after_av_one_full  el_before_av_one_half  first flex_column_div  column-top-margin'     ><style type=\"text\/css\" data-created_by=\"avia_inline_auto\" id=\"style-css-av-lnls6cod-b67fbdf91bdf54550d002dbfdbfa7a26\">\n#top .av_textblock_section.av-lnls6cod-b67fbdf91bdf54550d002dbfdbfa7a26 .avia_textblock{\ntext-align:justify;\n}\n<\/style>\n<section  class='av_textblock_section av-lnls6cod-b67fbdf91bdf54550d002dbfdbfa7a26 '   itemscope=\"itemscope\" itemtype=\"https:\/\/schema.org\/CreativeWork\" ><div class='avia_textblock'  itemprop=\"text\" ><p>Das Verbraucherrecht ist ein Rechtsgebiet, das darauf abzielt, Beschwerden im Verbraucherumfeld zu beheben und zu verhindern. Es ist allgemein bekannt, dass Verbraucher im Vergleich zu Verk\u00e4ufern und Lieferanten in Verbrauchergesch\u00e4ften oft in einer schw\u00e4cheren Position sind. Aus diesem Grund bietet unsere Anwaltskanzlei rechtliche Dienstleistungen und Unterst\u00fctzung an, die den Interessen beider Vertragsparteien dienen, um ungerechtfertigte Praktiken zu verhindern und zu beseitigen:<\/p>\n<\/div><\/section><\/div><div  id=\"giris\"  class='flex_column av-2topa7-b3ea16e5062fef5cd1b59e074d9011c6 av_one_half  avia-builder-el-6  el_after_av_one_half  avia-builder-el-last  giris giris flex_column_div  column-top-margin'     aria-label='giris'  ><style type=\"text\/css\" data-created_by=\"avia_inline_auto\" id=\"style-css-av-lnls8jn9-21cec23d9db61c4ac522393a147467f6\">\n#top .avia-icon-list-container.av-lnls8jn9-21cec23d9db61c4ac522393a147467f6 .iconlist_icon{\ncolor:#ad9779;\n}\n<\/style>\n<div  class='avia-icon-list-container av-lnls8jn9-21cec23d9db61c4ac522393a147467f6  avia-builder-el-7  avia-builder-el-no-sibling '><ul class='avia-icon-list avia_animate_when_almost_visible avia-icon-list-left av-iconlist-small av-lnls8jn9-21cec23d9db61c4ac522393a147467f6 avia-iconlist-animate'>\n<li><div class='iconlist_icon av-lnls6iwi-74202c98eb10e979807ba11e520eb4cf avia-font-tick_'><span class='iconlist-char' aria-hidden='true' data-av_icon='\uf102' data-av_iconfont='tick_'><\/span><\/div><article class=\"article-icon-entry av-iconlist-empty\"  itemscope=\"itemscope\" itemtype=\"https:\/\/schema.org\/CreativeWork\" ><div class=\"iconlist_content_wrap\"><header class=\"entry-content-header\"><div class='av_iconlist_title iconlist_title_small  '  itemprop=\"headline\" >Antragstellung bei Verbraucherschlichtungsaussch\u00fcssen<\/div><\/header><div class='iconlist_content '  itemprop=\"text\" ><\/div><\/div><footer class=\"entry-footer\"><\/footer><\/article><div class=\"iconlist-timeline\"><\/div><\/li>\n<li><div class='iconlist_icon av-lnls6iwi-9-73a0b9418c0698e3620bb6f1a07d4efe avia-font-tick_'><span class='iconlist-char' aria-hidden='true' data-av_icon='\uf102' data-av_iconfont='tick_'><\/span><\/div><article class=\"article-icon-entry av-iconlist-empty\"  itemscope=\"itemscope\" itemtype=\"https:\/\/schema.org\/CreativeWork\" ><div class=\"iconlist_content_wrap\"><header class=\"entry-content-header\"><div class='av_iconlist_title iconlist_title_small  '  itemprop=\"headline\" >Die Beilegung von Streitigkeiten im Zusammenhang mit dem Verbraucherrecht vor den Verbrauchergerichten<\/div><\/header><div class='iconlist_content '  itemprop=\"text\" ><\/div><\/div><footer class=\"entry-footer\"><\/footer><\/article><div class=\"iconlist-timeline\"><\/div><\/li>\n<li><div class='iconlist_icon av-lnls6iwi-8-6378ba55c759529602572e1049ca41aa avia-font-tick_'><span class='iconlist-char' aria-hidden='true' data-av_icon='\uf102' data-av_iconfont='tick_'><\/span><\/div><article class=\"article-icon-entry av-iconlist-empty\"  itemscope=\"itemscope\" itemtype=\"https:\/\/schema.org\/CreativeWork\" ><div class=\"iconlist_content_wrap\"><header class=\"entry-content-header\"><div class='av_iconlist_title iconlist_title_small  '  itemprop=\"headline\" >Die L\u00f6sung von Streitigkeiten im Zusammenhang mit unfairen Bedingungen, garantierten Waren und Konsumg\u00fcterverk\u00e4ufen<\/div><\/header><div class='iconlist_content '  itemprop=\"text\" ><\/div><\/div><footer class=\"entry-footer\"><\/footer><\/article><div class=\"iconlist-timeline\"><\/div><\/li>\n<li><div class='iconlist_icon av-lnls6iwi-7-5923a7053af7044ea552d2888cb3cdf8 avia-font-tick_'><span class='iconlist-char' aria-hidden='true' data-av_icon='\uf102' data-av_iconfont='tick_'><\/span><\/div><article class=\"article-icon-entry av-iconlist-empty\"  itemscope=\"itemscope\" itemtype=\"https:\/\/schema.org\/CreativeWork\" ><div class=\"iconlist_content_wrap\"><header class=\"entry-content-header\"><div class='av_iconlist_title iconlist_title_small  '  itemprop=\"headline\" >Die L\u00f6sung von Streitigkeiten im Zusammenhang mit besch\u00e4digten G\u00fctern und mangelhafter Service<\/div><\/header><div class='iconlist_content '  itemprop=\"text\" ><\/div><\/div><footer class=\"entry-footer\"><\/footer><\/article><div class=\"iconlist-timeline\"><\/div><\/li>\n<\/ul><\/div><\/div>\n","protected":false},"excerpt":{"rendered":"","protected":false},"author":1,"featured_media":0,"parent":0,"menu_order":0,"comment_status":"closed","ping_status":"closed","template":"","meta":{"footnotes":""},"class_list":["post-3727","page","type-page","status-publish","hentry"],"_links":{"self":[{"href":"https:\/\/canercanlaw.com\/de\/wp-json\/wp\/v2\/pages\/3727","targetHints":{"allow":["GET"]}}],"collection":[{"href":"https:\/\/canercanlaw.com\/de\/wp-json\/wp\/v2\/pages"}],"about":[{"href":"https:\/\/canercanlaw.com\/de\/wp-json\/wp\/v2\/types\/page"}],"author":[{"embeddable":true,"href":"https:\/\/canercanlaw.com\/de\/wp-json\/wp\/v2\/users\/1"}],"replies":[{"embeddable":true,"href":"https:\/\/canercanlaw.com\/de\/wp-json\/wp\/v2\/comments?post=3727"}],"version-history":[{"count":5,"href":"https:\/\/canercanlaw.com\/de\/wp-json\/wp\/v2\/pages\/3727\/revisions"}],"predecessor-version":[{"id":4045,"href":"https:\/\/canercanlaw.com\/de\/wp-json\/wp\/v2\/pages\/3727\/revisions\/4045"}],"wp:attachment":[{"href":"https:\/\/canercanlaw.com\/de\/wp-json\/wp\/v2\/media?parent=3727"}],"curies":[{"name":"wp","href":"https:\/\/api.w.org\/{rel}","templated":true}]}}