{"id":3730,"date":"2023-10-11T16:26:11","date_gmt":"2023-10-11T13:26:11","guid":{"rendered":"https:\/\/canercanlaw.com\/de\/?page_id=3730"},"modified":"2023-11-21T15:53:45","modified_gmt":"2023-11-21T12:53:45","slug":"datenschutzrecht","status":"publish","type":"page","link":"https:\/\/canercanlaw.com\/de\/datenschutzrecht\/","title":{"rendered":"Datenschutzrecht"},"content":{"rendered":"\n<style type=\"text\/css\" data-created_by=\"avia_inline_auto\" id=\"style-css-av-8szh2a-ec6a4241396afd4dda3642e8b76601a6\">\n.avia-section.av-8szh2a-ec6a4241396afd4dda3642e8b76601a6{\nbackground-repeat:no-repeat;\nbackground-image:url(https:\/\/canercanlaw.com\/de\/wp-content\/uploads\/2023\/10\/Corporate-and-Commercial-Law.jpg);\nbackground-position:50% 50%;\nbackground-attachment:scroll;\n}\n<\/style>\n<div id='av_section_1'  class='avia-section av-8szh2a-ec6a4241396afd4dda3642e8b76601a6 main_color avia-section-default avia-no-border-styling  avia-builder-el-0  el_before_av_section  avia-builder-el-first  avia-full-stretch avia-bg-style-scroll av-minimum-height av-minimum-height-50 av-height-50  container_wrap fullsize'  data-section-bg-repeat='stretch' data-av_minimum_height_pc='50' data-av_min_height_opt='50'><div class='container av-section-cont-open' ><main  role=\"main\" itemprop=\"mainContentOfPage\"  class='template-page content  av-content-full alpha units'><div class='post-entry post-entry-type-page post-entry-3730'><div class='entry-content-wrapper clearfix'>\n<\/div><\/div><\/main><!-- close content main element --><\/div><\/div><div id='av_section_2'  class='avia-section av-7the9e-c2ff2821060971204fddcee6cac71463 main_color avia-section-default avia-no-border-styling  avia-builder-el-1  el_after_av_section  avia-builder-el-last  avia-bg-style-scroll container_wrap fullsize'  ><div class='container av-section-cont-open' ><div class='template-page content  av-content-full alpha units'><div class='post-entry post-entry-type-page post-entry-3730'><div class='entry-content-wrapper clearfix'>\n<div  class='flex_column av-5jl0aa-c19607e91722749c601bd8cb31ab52df av_one_full  avia-builder-el-2  el_before_av_one_half  avia-builder-el-first  first flex_column_div  '     ><style type=\"text\/css\" data-created_by=\"avia_inline_auto\" id=\"style-css-av-lnls9gbn-47ad5109558eed1f3a94b18c24179d69\">\n#top .av-special-heading.av-lnls9gbn-47ad5109558eed1f3a94b18c24179d69{\npadding-bottom:10px;\ncolor:#10172c;\nfont-size:45px;\n}\nbody .av-special-heading.av-lnls9gbn-47ad5109558eed1f3a94b18c24179d69 .av-special-heading-tag .heading-char{\nfont-size:25px;\n}\n#top #wrap_all .av-special-heading.av-lnls9gbn-47ad5109558eed1f3a94b18c24179d69 .av-special-heading-tag{\nfont-size:45px;\n}\n.av-special-heading.av-lnls9gbn-47ad5109558eed1f3a94b18c24179d69 .special-heading-inner-border{\nborder-color:#10172c;\n}\n.av-special-heading.av-lnls9gbn-47ad5109558eed1f3a94b18c24179d69 .av-subheading{\nfont-size:14px;\ncolor:#ad9779;\n}\n\n@media only screen and (min-width: 480px) and (max-width: 767px){ \n#top #wrap_all .av-special-heading.av-lnls9gbn-47ad5109558eed1f3a94b18c24179d69 .av-special-heading-tag{\nfont-size:0.8em;\n}\n}\n\n@media only screen and (max-width: 479px){ \n#top #wrap_all .av-special-heading.av-lnls9gbn-47ad5109558eed1f3a94b18c24179d69 .av-special-heading-tag{\nfont-size:0.8em;\n}\n}\n<\/style>\n<div  id=\"baslik\"  class='av-special-heading av-lnls9gbn-47ad5109558eed1f3a94b18c24179d69 av-special-heading-h3 custom-color-heading blockquote modern-quote modern-centered  avia-builder-el-3  avia-builder-el-no-sibling  baslik baslik av-inherit-size'><div class='av_custom_color av-subheading av-subheading_above'><p>CANER&amp;CAN ANWALTS \u2013 und MEDIATIONSKANZLEI<\/p>\n<\/div><h3 class='av-special-heading-tag'  itemprop=\"headline\"  >Datenschutzrecht <\/h3><div class=\"special-heading-border\"><div class=\"special-heading-inner-border\"><\/div><\/div><\/div><\/div><div  class='flex_column av-3lgknm-31426da02dff2bbed860cbd4c5fb7bb3 av_one_half  avia-builder-el-4  el_after_av_one_full  el_before_av_one_half  first flex_column_div  column-top-margin'     ><style type=\"text\/css\" data-created_by=\"avia_inline_auto\" id=\"style-css-av-lnls9ll4-fedd6c35e6874937e7520b6ba6e4edfd\">\n#top .av_textblock_section.av-lnls9ll4-fedd6c35e6874937e7520b6ba6e4edfd .avia_textblock{\ntext-align:justify;\n}\n<\/style>\n<section  class='av_textblock_section av-lnls9ll4-fedd6c35e6874937e7520b6ba6e4edfd '   itemscope=\"itemscope\" itemtype=\"https:\/\/schema.org\/CreativeWork\" ><div class='avia_textblock'  itemprop=\"text\" ><p>Mit den Fortschritten im Bereich der Informations- und Kommunikationstechnologie unserer Zeit haben sich die Erfassung und Verbreitung personenbezogener Daten als einfach und schnell erwiesen. Diese Entwicklung hat die Notwendigkeit des Schutzes personenbezogener Daten hervorgehoben. Insbesondere das rasche Wachstum der Technologie und die unaufhaltsame Informationsverbreitung haben dazu gef\u00fchrt, dass der Schutz personenbezogener Daten f\u00fcr Unternehmen, die solche Daten verarbeiten, von zentraler Bedeutung geworden ist.<\/p>\n<p>Als Caner&amp;Can Rechtsanwaltskanzlei bieten wir in diesem Bereich umfassende rechtliche Dienstleistungen sowohl f\u00fcr Datenverarbeiter als auch f\u00fcr Datenverantwortliche an. Einige unserer Dienstleistungen in diesem Bereich umfassen:<\/p>\n<\/div><\/section><\/div><div  id=\"giris\"  class='flex_column av-39gote-f02ff7d357765f02f6b2c88e69e7277c av_one_half  avia-builder-el-6  el_after_av_one_half  avia-builder-el-last  giris giris flex_column_div  column-top-margin'     aria-label='giris'  ><style type=\"text\/css\" data-created_by=\"avia_inline_auto\" id=\"style-css-av-lnlsay1o-08fc73fa131de47b9e4906ea3ac1fba4\">\n#top .avia-icon-list-container.av-lnlsay1o-08fc73fa131de47b9e4906ea3ac1fba4 .iconlist_icon{\ncolor:#ad9779;\n}\n<\/style>\n<div  class='avia-icon-list-container av-lnlsay1o-08fc73fa131de47b9e4906ea3ac1fba4  avia-builder-el-7  avia-builder-el-no-sibling '><ul class='avia-icon-list avia_animate_when_almost_visible avia-icon-list-left av-iconlist-small av-lnlsay1o-08fc73fa131de47b9e4906ea3ac1fba4 avia-iconlist-animate'>\n<li><div class='iconlist_icon av-lnls9rpv-c1bade9abc0b61ab80ce161e82e75f7f avia-font-tick_'><span class='iconlist-char' aria-hidden='true' data-av_icon='\uf102' data-av_iconfont='tick_'><\/span><\/div><article class=\"article-icon-entry av-iconlist-empty\"  itemscope=\"itemscope\" itemtype=\"https:\/\/schema.org\/CreativeWork\" ><div class=\"iconlist_content_wrap\"><header class=\"entry-content-header\"><div class='av_iconlist_title iconlist_title_small  '  itemprop=\"headline\" >Beratung und rechtliche Dienstleistungen in Bezug auf die Verarbeitung, \u00dcbertragung und L\u00f6schung von personenbezogenen Daten sowie die Festlegung der Unternehmenspolitik<\/div><\/header><div class='iconlist_content '  itemprop=\"text\" ><\/div><\/div><footer class=\"entry-footer\"><\/footer><\/article><div class=\"iconlist-timeline\"><\/div><\/li>\n<li><div class='iconlist_icon av-lnls9rpv-9-40634392f369fe94ec6933c60c83a802 avia-font-tick_'><span class='iconlist-char' aria-hidden='true' data-av_icon='\uf102' data-av_iconfont='tick_'><\/span><\/div><article class=\"article-icon-entry av-iconlist-empty\"  itemscope=\"itemscope\" itemtype=\"https:\/\/schema.org\/CreativeWork\" ><div class=\"iconlist_content_wrap\"><header class=\"entry-content-header\"><div class='av_iconlist_title iconlist_title_small  '  itemprop=\"headline\" >Die Verpflichtungen des Datenverantwortlichen<\/div><\/header><div class='iconlist_content '  itemprop=\"text\" ><\/div><\/div><footer class=\"entry-footer\"><\/footer><\/article><div class=\"iconlist-timeline\"><\/div><\/li>\n<li><div class='iconlist_icon av-lnls9rpv-8-b6be3f64a4007e7c48fe8bd8c6b2ce23 avia-font-tick_'><span class='iconlist-char' aria-hidden='true' data-av_icon='\uf102' data-av_iconfont='tick_'><\/span><\/div><article class=\"article-icon-entry av-iconlist-empty\"  itemscope=\"itemscope\" itemtype=\"https:\/\/schema.org\/CreativeWork\" ><div class=\"iconlist_content_wrap\"><header class=\"entry-content-header\"><div class='av_iconlist_title iconlist_title_small  '  itemprop=\"headline\" >Die \u00dcberarbeitung von Vertr\u00e4gen in \u00dcbereinstimmung mit den gesetzlichen Bestimmungen<\/div><\/header><div class='iconlist_content '  itemprop=\"text\" ><\/div><\/div><footer class=\"entry-footer\"><\/footer><\/article><div class=\"iconlist-timeline\"><\/div><\/li>\n<li><div class='iconlist_icon av-lnls9rpv-7-02942f5d79fffce4f753f15ffc676ee5 avia-font-tick_'><span class='iconlist-char' aria-hidden='true' data-av_icon='\uf102' data-av_iconfont='tick_'><\/span><\/div><article class=\"article-icon-entry av-iconlist-empty\"  itemscope=\"itemscope\" itemtype=\"https:\/\/schema.org\/CreativeWork\" ><div class=\"iconlist_content_wrap\"><header class=\"entry-content-header\"><div class='av_iconlist_title iconlist_title_small  '  itemprop=\"headline\" >Vertretung der Datenverarbeitenden oder der betroffenen Person bei unrechtm\u00e4\u00dfiger Verarbeitung personenbezogener Daten.<\/div><\/header><div class='iconlist_content '  itemprop=\"text\" ><\/div><\/div><footer class=\"entry-footer\"><\/footer><\/article><div class=\"iconlist-timeline\"><\/div><\/li>\n<li><div class='iconlist_icon av-lnls9rpv-6-8fdab9da7271c46c5930e46a29898655 avia-font-tick_'><span class='iconlist-char' aria-hidden='true' data-av_icon='\uf102' data-av_iconfont='tick_'><\/span><\/div><article class=\"article-icon-entry av-iconlist-empty\"  itemscope=\"itemscope\" itemtype=\"https:\/\/schema.org\/CreativeWork\" ><div class=\"iconlist_content_wrap\"><header class=\"entry-content-header\"><div class='av_iconlist_title iconlist_title_small  '  itemprop=\"headline\" >Beratung zu Schutzma\u00dfnahmen und Pr\u00e4vention gegen unrechtm\u00e4\u00dfige Verarbeitung personenbezogener Daten, sowie die Bereitstellung von Leitlinien f\u00fcr die Personalabteilung und die IT-Abteilung.<\/div><\/header><div class='iconlist_content '  itemprop=\"text\" ><\/div><\/div><footer class=\"entry-footer\"><\/footer><\/article><div class=\"iconlist-timeline\"><\/div><\/li>\n<\/ul><\/div><\/div>\n","protected":false},"excerpt":{"rendered":"","protected":false},"author":1,"featured_media":0,"parent":0,"menu_order":0,"comment_status":"closed","ping_status":"closed","template":"","meta":{"footnotes":""},"class_list":["post-3730","page","type-page","status-publish","hentry"],"_links":{"self":[{"href":"https:\/\/canercanlaw.com\/de\/wp-json\/wp\/v2\/pages\/3730","targetHints":{"allow":["GET"]}}],"collection":[{"href":"https:\/\/canercanlaw.com\/de\/wp-json\/wp\/v2\/pages"}],"about":[{"href":"https:\/\/canercanlaw.com\/de\/wp-json\/wp\/v2\/types\/page"}],"author":[{"embeddable":true,"href":"https:\/\/canercanlaw.com\/de\/wp-json\/wp\/v2\/users\/1"}],"replies":[{"embeddable":true,"href":"https:\/\/canercanlaw.com\/de\/wp-json\/wp\/v2\/comments?post=3730"}],"version-history":[{"count":4,"href":"https:\/\/canercanlaw.com\/de\/wp-json\/wp\/v2\/pages\/3730\/revisions"}],"predecessor-version":[{"id":4023,"href":"https:\/\/canercanlaw.com\/de\/wp-json\/wp\/v2\/pages\/3730\/revisions\/4023"}],"wp:attachment":[{"href":"https:\/\/canercanlaw.com\/de\/wp-json\/wp\/v2\/media?parent=3730"}],"curies":[{"name":"wp","href":"https:\/\/api.w.org\/{rel}","templated":true}]}}