{"id":3745,"date":"2023-10-11T16:34:47","date_gmt":"2023-10-11T13:34:47","guid":{"rendered":"https:\/\/canercanlaw.com\/de\/?page_id=3745"},"modified":"2023-11-21T15:54:01","modified_gmt":"2023-11-21T12:54:01","slug":"mediation","status":"publish","type":"page","link":"https:\/\/canercanlaw.com\/de\/mediation\/","title":{"rendered":"Mediation"},"content":{"rendered":"\n<style type=\"text\/css\" data-created_by=\"avia_inline_auto\" id=\"style-css-av-7u1rap-d55ee85559ac24c862c62f0791527d27\">\n.avia-section.av-7u1rap-d55ee85559ac24c862c62f0791527d27{\nbackground-repeat:no-repeat;\nbackground-image:url(https:\/\/canercanlaw.com\/de\/wp-content\/uploads\/2023\/10\/Corporate-and-Commercial-Law.jpg);\nbackground-position:50% 50%;\nbackground-attachment:scroll;\n}\n<\/style>\n<div id='av_section_1'  class='avia-section av-7u1rap-d55ee85559ac24c862c62f0791527d27 main_color avia-section-default avia-no-border-styling  avia-builder-el-0  el_before_av_section  avia-builder-el-first  avia-full-stretch avia-bg-style-scroll av-minimum-height av-minimum-height-50 av-height-50  container_wrap fullsize'  data-section-bg-repeat='stretch' data-av_minimum_height_pc='50' data-av_min_height_opt='50'><div class='container av-section-cont-open' ><main  role=\"main\" itemprop=\"mainContentOfPage\"  class='template-page content  av-content-full alpha units'><div class='post-entry post-entry-type-page post-entry-3745'><div class='entry-content-wrapper clearfix'>\n<\/div><\/div><\/main><!-- close content main element --><\/div><\/div><div id='av_section_2'  class='avia-section av-67l7ep-8d4f2c09d1db9e1b5d11dab5a0ce2e73 main_color avia-section-default avia-no-border-styling  avia-builder-el-1  el_after_av_section  avia-builder-el-last  avia-bg-style-scroll container_wrap fullsize'  ><div class='container av-section-cont-open' ><div class='template-page content  av-content-full alpha units'><div class='post-entry post-entry-type-page post-entry-3745'><div class='entry-content-wrapper clearfix'>\n<div  class='flex_column av-4jt2k1-3b549c5b256868cf15a4d4f834b72b80 av_one_full  avia-builder-el-2  el_before_av_one_full  avia-builder-el-first  first flex_column_div  '     ><style type=\"text\/css\" data-created_by=\"avia_inline_auto\" id=\"style-css-av-lnlslyst-bafd343c79546be07b8f9a5c0cdecb74\">\n#top .av-special-heading.av-lnlslyst-bafd343c79546be07b8f9a5c0cdecb74{\npadding-bottom:10px;\ncolor:#10172c;\nfont-size:45px;\n}\nbody .av-special-heading.av-lnlslyst-bafd343c79546be07b8f9a5c0cdecb74 .av-special-heading-tag .heading-char{\nfont-size:25px;\n}\n#top #wrap_all .av-special-heading.av-lnlslyst-bafd343c79546be07b8f9a5c0cdecb74 .av-special-heading-tag{\nfont-size:45px;\n}\n.av-special-heading.av-lnlslyst-bafd343c79546be07b8f9a5c0cdecb74 .special-heading-inner-border{\nborder-color:#10172c;\n}\n.av-special-heading.av-lnlslyst-bafd343c79546be07b8f9a5c0cdecb74 .av-subheading{\nfont-size:14px;\ncolor:#ad9779;\n}\n\n@media only screen and (min-width: 480px) and (max-width: 767px){ \n#top #wrap_all .av-special-heading.av-lnlslyst-bafd343c79546be07b8f9a5c0cdecb74 .av-special-heading-tag{\nfont-size:0.8em;\n}\n}\n\n@media only screen and (max-width: 479px){ \n#top #wrap_all .av-special-heading.av-lnlslyst-bafd343c79546be07b8f9a5c0cdecb74 .av-special-heading-tag{\nfont-size:0.8em;\n}\n}\n<\/style>\n<div  id=\"baslik\"  class='av-special-heading av-lnlslyst-bafd343c79546be07b8f9a5c0cdecb74 av-special-heading-h3 custom-color-heading blockquote modern-quote modern-centered  avia-builder-el-3  avia-builder-el-no-sibling  baslik baslik av-inherit-size'><div class='av_custom_color av-subheading av-subheading_above'><p>CANER&amp;CAN ANWALTS \u2013 und MEDIATIONSKANZLEI<\/p>\n<\/div><h3 class='av-special-heading-tag'  itemprop=\"headline\"  >Mediation<\/h3><div class=\"special-heading-border\"><div class=\"special-heading-inner-border\"><\/div><\/div><\/div><\/div><div  class='flex_column av-2f65kh-3529cc943aba49a90a116838db15204f av_one_full  avia-builder-el-4  el_after_av_one_full  avia-builder-el-last  first flex_column_div  column-top-margin'     ><style type=\"text\/css\" data-created_by=\"avia_inline_auto\" id=\"style-css-av-lnlsln0s-faae98754d647e653073c5f0e2e37afe\">\n#top .av_textblock_section.av-lnlsln0s-faae98754d647e653073c5f0e2e37afe .avia_textblock{\ntext-align:justify;\n}\n<\/style>\n<section  class='av_textblock_section av-lnlsln0s-faae98754d647e653073c5f0e2e37afe '   itemscope=\"itemscope\" itemtype=\"https:\/\/schema.org\/CreativeWork\" ><div class='avia_textblock'  itemprop=\"text\" ><p>Mediation stellt eine hoch effiziente Methode dar, um rechtliche Streitigkeiten auf g\u00fctliche und kosteneffektive Weise beizulegen. Besonders die M\u00f6glichkeit f\u00fcr die Parteien, in kurzer Zeit an einem Tisch zusammenzukommen und eine von ihnen gew\u00fcnschte L\u00f6sung zu finden, anstatt die Entscheidung einem Gericht zu \u00fcberlassen, macht Mediation zu einer erstklassigen Wahl. Unser B\u00fcro verf\u00fcgt \u00fcber ein erfahrenes Mediationsteam in den Bereichen Handelsrecht, Gesundheitsrecht und Arbeitsrecht und bietet unseren Mandanten alternative L\u00f6sungsans\u00e4tze.<\/p>\n<\/div><\/section><\/div>\n","protected":false},"excerpt":{"rendered":"","protected":false},"author":1,"featured_media":0,"parent":0,"menu_order":0,"comment_status":"closed","ping_status":"closed","template":"","meta":{"footnotes":""},"class_list":["post-3745","page","type-page","status-publish","hentry"],"_links":{"self":[{"href":"https:\/\/canercanlaw.com\/de\/wp-json\/wp\/v2\/pages\/3745","targetHints":{"allow":["GET"]}}],"collection":[{"href":"https:\/\/canercanlaw.com\/de\/wp-json\/wp\/v2\/pages"}],"about":[{"href":"https:\/\/canercanlaw.com\/de\/wp-json\/wp\/v2\/types\/page"}],"author":[{"embeddable":true,"href":"https:\/\/canercanlaw.com\/de\/wp-json\/wp\/v2\/users\/1"}],"replies":[{"embeddable":true,"href":"https:\/\/canercanlaw.com\/de\/wp-json\/wp\/v2\/comments?post=3745"}],"version-history":[{"count":5,"href":"https:\/\/canercanlaw.com\/de\/wp-json\/wp\/v2\/pages\/3745\/revisions"}],"predecessor-version":[{"id":4024,"href":"https:\/\/canercanlaw.com\/de\/wp-json\/wp\/v2\/pages\/3745\/revisions\/4024"}],"wp:attachment":[{"href":"https:\/\/canercanlaw.com\/de\/wp-json\/wp\/v2\/media?parent=3745"}],"curies":[{"name":"wp","href":"https:\/\/api.w.org\/{rel}","templated":true}]}}