{"id":3667,"date":"2023-10-11T15:28:34","date_gmt":"2023-10-11T12:28:34","guid":{"rendered":"https:\/\/canercanlaw.com\/en\/?page_id=3667"},"modified":"2024-02-02T14:53:56","modified_gmt":"2024-02-02T11:53:56","slug":"health-law","status":"publish","type":"page","link":"https:\/\/canercanlaw.com\/en\/health-law\/","title":{"rendered":"Health Law"},"content":{"rendered":"\n<style type=\"text\/css\" data-created_by=\"avia_inline_auto\" id=\"style-css-av-1q7wnhv-6213254859fb529482b1b6a0d6c375f8\">\n.avia-section.av-1q7wnhv-6213254859fb529482b1b6a0d6c375f8{\nbackground-repeat:no-repeat;\nbackground-image:url(https:\/\/canercanlaw.com\/en\/wp-content\/uploads\/2023\/10\/saglik-hukuku1.jpg);\nbackground-position:50% 50%;\nbackground-attachment:scroll;\n}\n.avia-section.av-1q7wnhv-6213254859fb529482b1b6a0d6c375f8 .av-section-color-overlay{\nopacity:0.3;\nbackground-color:#020202;\n}\n<\/style>\n<div id='av_section_1'  class='avia-section av-1q7wnhv-6213254859fb529482b1b6a0d6c375f8 main_color avia-section-default avia-no-border-styling  avia-builder-el-0  el_before_av_section  avia-builder-el-first  avia-full-stretch avia-bg-style-scroll av-section-color-overlay-active av-minimum-height av-minimum-height-75 av-height-75  container_wrap fullsize'  data-section-bg-repeat='stretch' data-av_minimum_height_pc='75' data-av_min_height_opt='75'><div class=\"av-section-color-overlay-wrap\"><div class=\"av-section-color-overlay\"><\/div><div class='container av-section-cont-open' ><main  role=\"main\" itemprop=\"mainContentOfPage\"  class='template-page content  av-content-full alpha units'><div class='post-entry post-entry-type-page post-entry-3667'><div class='entry-content-wrapper clearfix'>\n<\/div><\/div><\/main><!-- close content main element --><\/div><\/div><\/div><div id='av_section_2'  class='avia-section av-1nq5k1v-c4649f4fa31761d8da00996bf8cc4f0b main_color avia-section-default avia-no-border-styling  avia-builder-el-1  el_after_av_section  avia-builder-el-last  avia-bg-style-scroll container_wrap fullsize'  ><div class='container av-section-cont-open' ><div class='template-page content  av-content-full alpha units'><div class='post-entry post-entry-type-page post-entry-3667'><div class='entry-content-wrapper clearfix'>\n<div  class='flex_column av-1mzd1tv-88c05607f5ffe3ec2faf5edb81213c85 av_one_full  avia-builder-el-2  el_before_av_one_full  avia-builder-el-first  first flex_column_div  '     ><p>\n<style type=\"text\/css\" data-created_by=\"avia_inline_auto\" id=\"style-css-av-lnlq8ikj-1d59238e16f73f7bbd0130d097756a81\">\n#top .av-special-heading.av-lnlq8ikj-1d59238e16f73f7bbd0130d097756a81{\npadding-bottom:10px;\ncolor:#10172c;\nfont-size:45px;\n}\nbody .av-special-heading.av-lnlq8ikj-1d59238e16f73f7bbd0130d097756a81 .av-special-heading-tag .heading-char{\nfont-size:25px;\n}\n#top #wrap_all .av-special-heading.av-lnlq8ikj-1d59238e16f73f7bbd0130d097756a81 .av-special-heading-tag{\nfont-size:45px;\n}\n.av-special-heading.av-lnlq8ikj-1d59238e16f73f7bbd0130d097756a81 .special-heading-inner-border{\nborder-color:#10172c;\n}\n.av-special-heading.av-lnlq8ikj-1d59238e16f73f7bbd0130d097756a81 .av-subheading{\nfont-size:14px;\ncolor:#ad9779;\n}\n\n@media only screen and (min-width: 480px) and (max-width: 767px){ \n#top #wrap_all .av-special-heading.av-lnlq8ikj-1d59238e16f73f7bbd0130d097756a81 .av-special-heading-tag{\nfont-size:0.8em;\n}\n}\n\n@media only screen and (max-width: 479px){ \n#top #wrap_all .av-special-heading.av-lnlq8ikj-1d59238e16f73f7bbd0130d097756a81 .av-special-heading-tag{\nfont-size:0.8em;\n}\n}\n<\/style>\n<div  id=\"baslik\"  class='av-special-heading av-lnlq8ikj-1d59238e16f73f7bbd0130d097756a81 av-special-heading-h3 custom-color-heading blockquote modern-quote modern-centered  avia-builder-el-3  el_before_av_textblock  avia-builder-el-first  baslik baslik av-inherit-size'><div class='av_custom_color av-subheading av-subheading_above'><p>CANER&amp;CAN LAW FIRM AND MEDIATION OFFICE<\/p>\n<\/div><h3 class='av-special-heading-tag'  itemprop=\"headline\"  >Health Law<\/h3><div class=\"special-heading-border\"><div class=\"special-heading-inner-border\"><\/div><\/div><\/div><br \/>\n\n<style type=\"text\/css\" data-created_by=\"avia_inline_auto\" id=\"style-css-av-lnlq8tsx-3599cea711a0529f66ed78f88934bb3a\">\n#top .av_textblock_section.av-lnlq8tsx-3599cea711a0529f66ed78f88934bb3a .avia_textblock{\ntext-align:justify;\n}\n<\/style>\n<section  class='av_textblock_section av-lnlq8tsx-3599cea711a0529f66ed78f88934bb3a '   itemscope=\"itemscope\" itemtype=\"https:\/\/schema.org\/CreativeWork\" ><div class='avia_textblock'  itemprop=\"text\" ><p>Nowadays, Turkey is among the leading countries in the field of health tourism worldwide. Tens of thousands of people visit Turkey each year for health tourism purposes. Some of these visitors choose Turkey for medical treatments, while the majority comes for beauty and aesthetic reasons. The reasons for the high preference for Turkey are primarily the quality of healthcare providers in the country and, of course, the fact that healthcare services in Turkey are offered at very affordable prices compared to other countries. Although these services are largely provided smoothly, it is, of course, a fact that some patients may encounter issues in certain cases and complain about the services received.<\/p>\n<p>But what happens if, during a medical procedure, whether for aesthetic or therapeutic reasons, a patient is injured due to the negligence of the doctor or healthcare facility? Or if harm arises due to medical treatment that the patient has to undergo? Can damages be claimed in such circumstances? According to Turkish law, the answer to this question is &#8220;Yes.&#8221;<\/p>\n<p>If there is an incident that can be referred to as &#8220;medical malpractice&#8221; during or in connection with the medical procedure, a compensation lawsuit can be filed against those responsible.<\/p>\n<\/div><\/section><\/p><\/div><div  class='flex_column av-jr8oj-1a380b22c80868933f9eb32004e917f7 av_one_full  avia-builder-el-5  el_after_av_one_full  avia-builder-el-last  first flex_column_div  column-top-margin'     ><p>\n<style type=\"text\/css\" data-created_by=\"avia_inline_auto\" id=\"style-css-av-1ij8ioj-d0f8c258aeff4c132ffa4992d336a792\">\n#top .av-special-heading.av-1ij8ioj-d0f8c258aeff4c132ffa4992d336a792{\nmargin:0px 0px 0px 0px;\npadding-bottom:0px;\ncolor:#10172c;\nfont-size:25px;\n}\nbody .av-special-heading.av-1ij8ioj-d0f8c258aeff4c132ffa4992d336a792 .av-special-heading-tag .heading-char{\nfont-size:25px;\n}\n#top #wrap_all .av-special-heading.av-1ij8ioj-d0f8c258aeff4c132ffa4992d336a792 .av-special-heading-tag{\nfont-size:25px;\npadding:0px 0px 0px 0px;\n}\n.av-special-heading.av-1ij8ioj-d0f8c258aeff4c132ffa4992d336a792 .special-heading-inner-border{\nborder-color:#10172c;\n}\n.av-special-heading.av-1ij8ioj-d0f8c258aeff4c132ffa4992d336a792 .av-subheading{\nfont-size:14px;\n}\n\n@media only screen and (min-width: 480px) and (max-width: 767px){ \n#top #wrap_all .av-special-heading.av-1ij8ioj-d0f8c258aeff4c132ffa4992d336a792 .av-special-heading-tag{\nfont-size:0.8em;\n}\n}\n\n@media only screen and (max-width: 479px){ \n#top #wrap_all .av-special-heading.av-1ij8ioj-d0f8c258aeff4c132ffa4992d336a792 .av-special-heading-tag{\nfont-size:0.8em;\n}\n}\n<\/style>\n<div  id=\"baslik\"  class='av-special-heading av-1ij8ioj-d0f8c258aeff4c132ffa4992d336a792 av-special-heading-h3 custom-color-heading blockquote modern-quote  avia-builder-el-6  el_before_av_iconlist  avia-builder-el-first  baslik baslik av-inherit-size'><h3 class='av-special-heading-tag'  itemprop=\"headline\"  >What can be claimed?<\/h3><div class=\"special-heading-border\"><div class=\"special-heading-inner-border\"><\/div><\/div><\/div><br \/>\n\n<style type=\"text\/css\" data-created_by=\"avia_inline_auto\" id=\"style-css-av-1gww943-2d45b96a87636d602b5f85e50d29346c\">\n#top .avia-icon-list-container.av-1gww943-2d45b96a87636d602b5f85e50d29346c .iconlist_icon{\ncolor:#ad9779;\n}\n<\/style>\n<div  class='avia-icon-list-container av-1gww943-2d45b96a87636d602b5f85e50d29346c  avia-builder-el-7  el_after_av_heading  el_before_av_textblock '><ul class='avia-icon-list avia_animate_when_almost_visible avia-icon-list-left av-iconlist-small av-1gww943-2d45b96a87636d602b5f85e50d29346c avia-iconlist-animate'>\n<li><div class='iconlist_icon av-1f88tpv-2a960a4f2c7106438ffc34d0ac17aaa0 avia-font-tick_'><span class='iconlist-char' aria-hidden='true' data-av_icon='\uf102' data-av_iconfont='tick_'><\/span><\/div><article class=\"article-icon-entry av-iconlist-empty\"  itemscope=\"itemscope\" itemtype=\"https:\/\/schema.org\/CreativeWork\" ><div class=\"iconlist_content_wrap\"><header class=\"entry-content-header\"><div class='av_iconlist_title iconlist_title_small  '  itemprop=\"headline\" >The costs of faulty medical procedures that were performed<\/div><\/header><div class='iconlist_content '  itemprop=\"text\" ><\/div><\/div><footer class=\"entry-footer\"><\/footer><\/article><div class=\"iconlist-timeline\"><\/div><\/li>\n<li><div class='iconlist_icon av-1f88tpv-5-569ce2ed695371edfbd3d0a2af8f945b avia-font-tick_'><span class='iconlist-char' aria-hidden='true' data-av_icon='\uf102' data-av_iconfont='tick_'><\/span><\/div><article class=\"article-icon-entry av-iconlist-empty\"  itemscope=\"itemscope\" itemtype=\"https:\/\/schema.org\/CreativeWork\" ><div class=\"iconlist_content_wrap\"><header class=\"entry-content-header\"><div class='av_iconlist_title iconlist_title_small  '  itemprop=\"headline\" >The costs of a planned or already conducted corrective treatment (in Turkey or another country),<\/div><\/header><div class='iconlist_content '  itemprop=\"text\" ><\/div><\/div><footer class=\"entry-footer\"><\/footer><\/article><div class=\"iconlist-timeline\"><\/div><\/li>\n<li><div class='iconlist_icon av-1f88tpv-4-6ff7b0488cb85f797dfbd69480254cf8 avia-font-tick_'><span class='iconlist-char' aria-hidden='true' data-av_icon='\uf102' data-av_iconfont='tick_'><\/span><\/div><article class=\"article-icon-entry av-iconlist-empty\"  itemscope=\"itemscope\" itemtype=\"https:\/\/schema.org\/CreativeWork\" ><div class=\"iconlist_content_wrap\"><header class=\"entry-content-header\"><div class='av_iconlist_title iconlist_title_small  '  itemprop=\"headline\" >The loss of income during treatment if the patient couldn\u2019t work, <\/div><\/header><div class='iconlist_content '  itemprop=\"text\" ><\/div><\/div><footer class=\"entry-footer\"><\/footer><\/article><div class=\"iconlist-timeline\"><\/div><\/li>\n<li><div class='iconlist_icon av-1f88tpv-3-8ec83330bc87dda5a1c67672f735e840 avia-font-tick_'><span class='iconlist-char' aria-hidden='true' data-av_icon='\uf102' data-av_iconfont='tick_'><\/span><\/div><article class=\"article-icon-entry av-iconlist-empty\"  itemscope=\"itemscope\" itemtype=\"https:\/\/schema.org\/CreativeWork\" ><div class=\"iconlist_content_wrap\"><header class=\"entry-content-header\"><div class='av_iconlist_title iconlist_title_small  '  itemprop=\"headline\" >Losses related to permanent physical impairments (please refer to the \"Calculations\" section on the page for physical damages), <\/div><\/header><div class='iconlist_content '  itemprop=\"text\" ><\/div><\/div><footer class=\"entry-footer\"><\/footer><\/article><div class=\"iconlist-timeline\"><\/div><\/li>\n<li><div class='iconlist_icon av-1f88tpv-2-59c2966b396cf661ece52055f2d80ffc avia-font-tick_'><span class='iconlist-char' aria-hidden='true' data-av_icon='\uf102' data-av_iconfont='tick_'><\/span><\/div><article class=\"article-icon-entry av-iconlist-empty\"  itemscope=\"itemscope\" itemtype=\"https:\/\/schema.org\/CreativeWork\" ><div class=\"iconlist_content_wrap\"><header class=\"entry-content-header\"><div class='av_iconlist_title iconlist_title_small  '  itemprop=\"headline\" >The costs of transportation, accommodation, and other expenses related to medical treatment.<\/div><\/header><div class='iconlist_content '  itemprop=\"text\" ><\/div><\/div><footer class=\"entry-footer\"><\/footer><\/article><div class=\"iconlist-timeline\"><\/div><\/li>\n<li><div class='iconlist_icon av-1f88tpv-1-f83a88e6206a26d1c5d66d5e323766e6 avia-font-tick_'><span class='iconlist-char' aria-hidden='true' data-av_icon='\uf102' data-av_iconfont='tick_'><\/span><\/div><article class=\"article-icon-entry av-iconlist-empty\"  itemscope=\"itemscope\" itemtype=\"https:\/\/schema.org\/CreativeWork\" ><div class=\"iconlist_content_wrap\"><header class=\"entry-content-header\"><div class='av_iconlist_title iconlist_title_small  '  itemprop=\"headline\" >Lastly, of course, non-material damages claims for physical pain, suffering, and mental or psychological distress resulting from faulty medical procedures can be asserted.<\/div><\/header><div class='iconlist_content '  itemprop=\"text\" ><\/div><\/div><footer class=\"entry-footer\"><\/footer><\/article><div class=\"iconlist-timeline\"><\/div><\/li>\n<\/ul><\/div><br \/>\n\n<style type=\"text\/css\" data-created_by=\"avia_inline_auto\" id=\"style-css-av-23tf03-e302c8c403de7c16dc0562ad5df4578f\">\n#top .av_textblock_section.av-23tf03-e302c8c403de7c16dc0562ad5df4578f .avia_textblock{\ntext-align:justify;\n}\n<\/style>\n<section  class='av_textblock_section av-23tf03-e302c8c403de7c16dc0562ad5df4578f '   itemscope=\"itemscope\" itemtype=\"https:\/\/schema.org\/CreativeWork\" ><div class='avia_textblock'  itemprop=\"text\" ><p>Our law firm will guide you through the legal steps that should be taken after the incident, advise on what compensation can be sought, and determine the extent of the damages through our experienced attorneys.<\/p>\n<\/div><\/section><br \/>\n\n<style type=\"text\/css\" data-created_by=\"avia_inline_auto\" id=\"style-css-av-20l16r-de35dd78340ce1437bc4ebd378aba395\">\n#top .hr.av-20l16r-de35dd78340ce1437bc4ebd378aba395{\nmargin-top:30px;\nmargin-bottom:30px;\n}\n.hr.av-20l16r-de35dd78340ce1437bc4ebd378aba395 .hr-inner{\nwidth:5000px;\nborder-color:#dadada;\n}\n<\/style>\n<div  class='hr av-20l16r-de35dd78340ce1437bc4ebd378aba395 hr-custom  avia-builder-el-9  el_after_av_textblock  el_before_av_textblock  hr-center hr-icon-no'><span class='hr-inner inner-border-av-border-thin'><span class=\"hr-inner-style\"><\/span><\/span><\/div><br \/>\n<section  class='av_textblock_section av-lr7gipxi-0638112f1823792ed9f98808c4db8767 '   itemscope=\"itemscope\" itemtype=\"https:\/\/schema.org\/CreativeWork\" ><div class='avia_textblock'  itemprop=\"text\" ><p>Etiketler: <a href=\"https:\/\/canercanlaw.com\/en\/turkiyede-doctor-hatasi\/\">T\u00fcrkiye\u2019de doctor hatas\u0131<\/a>, <a href=\"https:\/\/canercanlaw.com\/en\/turkiyede-doctor-hatasi\/\">T\u00fcrkiye\u2019de hatal\u0131 estetik operasyon<\/a>, <a href=\"https:\/\/canercanlaw.com\/en\/turkiyede-doctor-hatasi\/\">T\u00fcrkiye\u2019de ba\u015far\u0131s\u0131z estetik operasyon<\/a>, <a href=\"https:\/\/canercanlaw.com\/en\/turkiyede-doctor-hatasi\/\">T\u00fcrkiye\u2019de t\u0131bbi hata<\/a><\/p>\n<\/div><\/section><\/p><\/div>\n","protected":false},"excerpt":{"rendered":"","protected":false},"author":1,"featured_media":0,"parent":0,"menu_order":0,"comment_status":"closed","ping_status":"closed","template":"","meta":{"footnotes":""},"class_list":["post-3667","page","type-page","status-publish","hentry"],"_links":{"self":[{"href":"https:\/\/canercanlaw.com\/en\/wp-json\/wp\/v2\/pages\/3667","targetHints":{"allow":["GET"]}}],"collection":[{"href":"https:\/\/canercanlaw.com\/en\/wp-json\/wp\/v2\/pages"}],"about":[{"href":"https:\/\/canercanlaw.com\/en\/wp-json\/wp\/v2\/types\/page"}],"author":[{"embeddable":true,"href":"https:\/\/canercanlaw.com\/en\/wp-json\/wp\/v2\/users\/1"}],"replies":[{"embeddable":true,"href":"https:\/\/canercanlaw.com\/en\/wp-json\/wp\/v2\/comments?post=3667"}],"version-history":[{"count":15,"href":"https:\/\/canercanlaw.com\/en\/wp-json\/wp\/v2\/pages\/3667\/revisions"}],"predecessor-version":[{"id":4050,"href":"https:\/\/canercanlaw.com\/en\/wp-json\/wp\/v2\/pages\/3667\/revisions\/4050"}],"wp:attachment":[{"href":"https:\/\/canercanlaw.com\/en\/wp-json\/wp\/v2\/media?parent=3667"}],"curies":[{"name":"wp","href":"https:\/\/api.w.org\/{rel}","templated":true}]}}