{"id":3714,"date":"2023-10-11T16:18:33","date_gmt":"2023-10-11T13:18:33","guid":{"rendered":"https:\/\/canercanlaw.com\/en\/?page_id=3714"},"modified":"2024-01-31T17:13:49","modified_gmt":"2024-01-31T14:13:49","slug":"arbitration-and-alternative-dispute-resolution-adr","status":"publish","type":"page","link":"https:\/\/canercanlaw.com\/en\/arbitration-and-alternative-dispute-resolution-adr\/","title":{"rendered":"Arbitration and Alternative Dispute Resolution (ADR)"},"content":{"rendered":"\n<style type=\"text\/css\" data-created_by=\"avia_inline_auto\" id=\"style-css-av-8sjts2-b37f0386e0ecbc03a5843282e513486a\">\n.avia-section.av-8sjts2-b37f0386e0ecbc03a5843282e513486a{\nbackground-repeat:no-repeat;\nbackground-image:url(https:\/\/canercanlaw.com\/en\/wp-content\/uploads\/2023\/10\/Corporate-and-Commercial-Law.jpg);\nbackground-position:50% 50%;\nbackground-attachment:scroll;\n}\n<\/style>\n<div id='av_section_1'  class='avia-section av-8sjts2-b37f0386e0ecbc03a5843282e513486a main_color avia-section-default avia-no-border-styling  avia-builder-el-0  el_before_av_section  avia-builder-el-first  avia-full-stretch avia-bg-style-scroll av-minimum-height av-minimum-height-50 av-height-50  container_wrap fullsize'  data-section-bg-repeat='stretch' data-av_minimum_height_pc='50' data-av_min_height_opt='50'><div class='container av-section-cont-open' ><main  role=\"main\" itemprop=\"mainContentOfPage\"  class='template-page content  av-content-full alpha units'><div class='post-entry post-entry-type-page post-entry-3714'><div class='entry-content-wrapper clearfix'>\n<\/div><\/div><\/main><!-- close content main element --><\/div><\/div><div id='av_section_2'  class='avia-section av-83bwle-dac7eab9d7048adc0ba3b0f8cdf11cd3 main_color avia-section-default avia-no-border-styling  avia-builder-el-1  el_after_av_section  avia-builder-el-last  avia-bg-style-scroll container_wrap fullsize'  ><div class='container av-section-cont-open' ><div class='template-page content  av-content-full alpha units'><div class='post-entry post-entry-type-page post-entry-3714'><div class='entry-content-wrapper clearfix'>\n<div  class='flex_column av-5qxple-511a2b2a786af1bfa59e6d7108629b61 av_one_full  avia-builder-el-2  el_before_av_one_half  avia-builder-el-first  first flex_column_div  '     ><style type=\"text\/css\" data-created_by=\"avia_inline_auto\" id=\"style-css-av-lnls0ebm-88118a18f2b5ea0eaf2fbbcc429c6f5e\">\n#top .av-special-heading.av-lnls0ebm-88118a18f2b5ea0eaf2fbbcc429c6f5e{\npadding-bottom:10px;\ncolor:#10172c;\nfont-size:45px;\n}\nbody .av-special-heading.av-lnls0ebm-88118a18f2b5ea0eaf2fbbcc429c6f5e .av-special-heading-tag .heading-char{\nfont-size:25px;\n}\n#top #wrap_all .av-special-heading.av-lnls0ebm-88118a18f2b5ea0eaf2fbbcc429c6f5e .av-special-heading-tag{\nfont-size:45px;\n}\n.av-special-heading.av-lnls0ebm-88118a18f2b5ea0eaf2fbbcc429c6f5e .special-heading-inner-border{\nborder-color:#10172c;\n}\n.av-special-heading.av-lnls0ebm-88118a18f2b5ea0eaf2fbbcc429c6f5e .av-subheading{\nfont-size:14px;\ncolor:#ad9779;\n}\n\n@media only screen and (min-width: 480px) and (max-width: 767px){ \n#top #wrap_all .av-special-heading.av-lnls0ebm-88118a18f2b5ea0eaf2fbbcc429c6f5e .av-special-heading-tag{\nfont-size:0.8em;\n}\n}\n\n@media only screen and (max-width: 479px){ \n#top #wrap_all .av-special-heading.av-lnls0ebm-88118a18f2b5ea0eaf2fbbcc429c6f5e .av-special-heading-tag{\nfont-size:0.8em;\n}\n}\n<\/style>\n<div  id=\"baslik\"  class='av-special-heading av-lnls0ebm-88118a18f2b5ea0eaf2fbbcc429c6f5e av-special-heading-h3 custom-color-heading blockquote modern-quote modern-centered  avia-builder-el-3  avia-builder-el-no-sibling  baslik baslik av-inherit-size'><div class='av_custom_color av-subheading av-subheading_above'><p>CANER&amp;CAN LAW FIRM AND MEDIATION OFFICE<\/p>\n<\/div><h3 class='av-special-heading-tag'  itemprop=\"headline\"  >Arbitration and Alternative Dispute Resolution (ADR)<\/h3><div class=\"special-heading-border\"><div class=\"special-heading-inner-border\"><\/div><\/div><\/div><\/div><div  class='flex_column av-3p28uq-fbf6d356ed7e31b0470fc2cbfffe3c51 av_one_half  avia-builder-el-4  el_after_av_one_full  el_before_av_one_half  first flex_column_div  column-top-margin'     ><style type=\"text\/css\" data-created_by=\"avia_inline_auto\" id=\"style-css-av-lnls0j4n-5b7615ce8f80f9bfca93464a138c556e\">\n#top .av_textblock_section.av-lnls0j4n-5b7615ce8f80f9bfca93464a138c556e .avia_textblock{\ntext-align:justify;\n}\n<\/style>\n<section  class='av_textblock_section av-lnls0j4n-5b7615ce8f80f9bfca93464a138c556e '   itemscope=\"itemscope\" itemtype=\"https:\/\/schema.org\/CreativeWork\" ><div class='avia_textblock'  itemprop=\"text\" ><p>Caner&amp;Can Hukuk B\u00fcrosu olarak, alternatif ve etkili bir uyu\u015fmazl\u0131k \u00e7\u00f6z\u00fcm\u00fc olan tahkim mercii \u00f6n\u00fcnde m\u00fcvekkillerimizi temsil etmekteyiz. Bu alandaki hizmetlerimizden baz\u0131lar\u0131 a\u015fa\u011f\u0131daki gibidir:<\/p>\n<\/div><\/section><\/div><div  id=\"giris\"  class='flex_column av-2zwgtu-b4ee8e506df88424bf67a99cd33cae5c av_one_half  avia-builder-el-6  el_after_av_one_half  avia-builder-el-last  giris giris flex_column_div  column-top-margin'     aria-label='giris'  ><style type=\"text\/css\" data-created_by=\"avia_inline_auto\" id=\"style-css-av-lnls14s0-22d0b74db4856ee91f0ac73e4e706a95\">\n#top .avia-icon-list-container.av-lnls14s0-22d0b74db4856ee91f0ac73e4e706a95 .iconlist_icon{\ncolor:#ad9779;\n}\n<\/style>\n<div  class='avia-icon-list-container av-lnls14s0-22d0b74db4856ee91f0ac73e4e706a95  avia-builder-el-7  avia-builder-el-no-sibling '><ul class='avia-icon-list avia_animate_when_almost_visible avia-icon-list-left av-iconlist-small av-lnls14s0-22d0b74db4856ee91f0ac73e4e706a95 avia-iconlist-animate'>\n<li><div class='iconlist_icon av-lnls0pve-e23964ea64fddd297f9b46f720570347 avia-font-tick_'><span class='iconlist-char' aria-hidden='true' data-av_icon='\uf102' data-av_iconfont='tick_'><\/span><\/div><article class=\"article-icon-entry av-iconlist-empty\"  itemscope=\"itemscope\" itemtype=\"https:\/\/schema.org\/CreativeWork\" ><div class=\"iconlist_content_wrap\"><header class=\"entry-content-header\"><div class='av_iconlist_title iconlist_title_small  '  itemprop=\"headline\" >Ticari s\u00f6zle\u015fmelerden do\u011fan uyu\u015fmazl\u0131klar\u0131n kurumsal veya ad hoc tahkimlerde \u00e7\u00f6z\u00fcme kavu\u015fturulmas\u0131<\/div><\/header><div class='iconlist_content '  itemprop=\"text\" ><\/div><\/div><footer class=\"entry-footer\"><\/footer><\/article><div class=\"iconlist-timeline\"><\/div><\/li>\n<li><div class='iconlist_icon av-lnls0pve-7-b46d2c2a04d7bcde3a8d6ad147a9ba65 avia-font-tick_'><span class='iconlist-char' aria-hidden='true' data-av_icon='\uf102' data-av_iconfont='tick_'><\/span><\/div><article class=\"article-icon-entry av-iconlist-empty\"  itemscope=\"itemscope\" itemtype=\"https:\/\/schema.org\/CreativeWork\" ><div class=\"iconlist_content_wrap\"><header class=\"entry-content-header\"><div class='av_iconlist_title iconlist_title_small  '  itemprop=\"headline\" >Representation of clients in mediation and arbitration proceedings<\/div><\/header><div class='iconlist_content '  itemprop=\"text\" ><\/div><\/div><footer class=\"entry-footer\"><\/footer><\/article><div class=\"iconlist-timeline\"><\/div><\/li>\n<li><div class='iconlist_icon av-lnls0pve-6-c1c64949d757848c60c6d54a1a118fec avia-font-tick_'><span class='iconlist-char' aria-hidden='true' data-av_icon='\uf102' data-av_iconfont='tick_'><\/span><\/div><article class=\"article-icon-entry av-iconlist-empty\"  itemscope=\"itemscope\" itemtype=\"https:\/\/schema.org\/CreativeWork\" ><div class=\"iconlist_content_wrap\"><header class=\"entry-content-header\"><div class='av_iconlist_title iconlist_title_small  '  itemprop=\"headline\" >Enforcement of foreign court or arbitration awards in Turkey<\/div><\/header><div class='iconlist_content '  itemprop=\"text\" ><\/div><\/div><footer class=\"entry-footer\"><\/footer><\/article><div class=\"iconlist-timeline\"><\/div><\/li>\n<\/ul><\/div><\/div>\n","protected":false},"excerpt":{"rendered":"","protected":false},"author":1,"featured_media":0,"parent":0,"menu_order":0,"comment_status":"closed","ping_status":"closed","template":"","meta":{"footnotes":""},"class_list":["post-3714","page","type-page","status-publish","hentry"],"_links":{"self":[{"href":"https:\/\/canercanlaw.com\/en\/wp-json\/wp\/v2\/pages\/3714","targetHints":{"allow":["GET"]}}],"collection":[{"href":"https:\/\/canercanlaw.com\/en\/wp-json\/wp\/v2\/pages"}],"about":[{"href":"https:\/\/canercanlaw.com\/en\/wp-json\/wp\/v2\/types\/page"}],"author":[{"embeddable":true,"href":"https:\/\/canercanlaw.com\/en\/wp-json\/wp\/v2\/users\/1"}],"replies":[{"embeddable":true,"href":"https:\/\/canercanlaw.com\/en\/wp-json\/wp\/v2\/comments?post=3714"}],"version-history":[{"count":6,"href":"https:\/\/canercanlaw.com\/en\/wp-json\/wp\/v2\/pages\/3714\/revisions"}],"predecessor-version":[{"id":4033,"href":"https:\/\/canercanlaw.com\/en\/wp-json\/wp\/v2\/pages\/3714\/revisions\/4033"}],"wp:attachment":[{"href":"https:\/\/canercanlaw.com\/en\/wp-json\/wp\/v2\/media?parent=3714"}],"curies":[{"name":"wp","href":"https:\/\/api.w.org\/{rel}","templated":true}]}}