{"id":3724,"date":"2023-10-11T16:22:01","date_gmt":"2023-10-11T13:22:01","guid":{"rendered":"https:\/\/canercanlaw.com\/en\/?page_id=3724"},"modified":"2024-01-19T17:26:28","modified_gmt":"2024-01-19T14:26:28","slug":"family-law","status":"publish","type":"page","link":"https:\/\/canercanlaw.com\/en\/family-law\/","title":{"rendered":"Family Law"},"content":{"rendered":"\n<style type=\"text\/css\" data-created_by=\"avia_inline_auto\" id=\"style-css-av-8juon0-b5382dfbb7e458ca13eb6c20f21ce656\">\n.avia-section.av-8juon0-b5382dfbb7e458ca13eb6c20f21ce656{\nbackground-repeat:no-repeat;\nbackground-image:url(https:\/\/canercanlaw.com\/en\/wp-content\/uploads\/2023\/10\/Corporate-and-Commercial-Law.jpg);\nbackground-position:50% 50%;\nbackground-attachment:scroll;\n}\n<\/style>\n<div id='av_section_1'  class='avia-section av-8juon0-b5382dfbb7e458ca13eb6c20f21ce656 main_color avia-section-default avia-no-border-styling  avia-builder-el-0  el_before_av_section  avia-builder-el-first  avia-full-stretch avia-bg-style-scroll av-minimum-height av-minimum-height-50 av-height-50  container_wrap fullsize'  data-section-bg-repeat='stretch' data-av_minimum_height_pc='50' data-av_min_height_opt='50'><div class='container av-section-cont-open' ><main  role=\"main\" itemprop=\"mainContentOfPage\"  class='template-page content  av-content-full alpha units'><div class='post-entry post-entry-type-page post-entry-3724'><div class='entry-content-wrapper clearfix'>\n<\/div><\/div><\/main><!-- close content main element --><\/div><\/div><div id='av_section_2'  class='avia-section av-7kue9o-a7dfc15b305dc4750fc6fa8e653b1d0f main_color avia-section-default avia-no-border-styling  avia-builder-el-1  el_after_av_section  avia-builder-el-last  avia-bg-style-scroll container_wrap fullsize'  ><div class='container av-section-cont-open' ><div class='template-page content  av-content-full alpha units'><div class='post-entry post-entry-type-page post-entry-3724'><div class='entry-content-wrapper clearfix'>\n<div  class='flex_column av-681x8s-a1cd130a95fb7a6a105febace075f191 av_one_full  avia-builder-el-2  el_before_av_one_half  avia-builder-el-first  first flex_column_div  '     ><style type=\"text\/css\" data-created_by=\"avia_inline_auto\" id=\"style-css-av-lnls4ejt-32052d1045032e1a00a29dcb753aaf21\">\n#top .av-special-heading.av-lnls4ejt-32052d1045032e1a00a29dcb753aaf21{\npadding-bottom:10px;\ncolor:#10172c;\nfont-size:45px;\n}\nbody .av-special-heading.av-lnls4ejt-32052d1045032e1a00a29dcb753aaf21 .av-special-heading-tag .heading-char{\nfont-size:25px;\n}\n#top #wrap_all .av-special-heading.av-lnls4ejt-32052d1045032e1a00a29dcb753aaf21 .av-special-heading-tag{\nfont-size:45px;\n}\n.av-special-heading.av-lnls4ejt-32052d1045032e1a00a29dcb753aaf21 .special-heading-inner-border{\nborder-color:#10172c;\n}\n.av-special-heading.av-lnls4ejt-32052d1045032e1a00a29dcb753aaf21 .av-subheading{\nfont-size:14px;\ncolor:#ad9779;\n}\n\n@media only screen and (min-width: 480px) and (max-width: 767px){ \n#top #wrap_all .av-special-heading.av-lnls4ejt-32052d1045032e1a00a29dcb753aaf21 .av-special-heading-tag{\nfont-size:0.8em;\n}\n}\n\n@media only screen and (max-width: 479px){ \n#top #wrap_all .av-special-heading.av-lnls4ejt-32052d1045032e1a00a29dcb753aaf21 .av-special-heading-tag{\nfont-size:0.8em;\n}\n}\n<\/style>\n<div  id=\"baslik\"  class='av-special-heading av-lnls4ejt-32052d1045032e1a00a29dcb753aaf21 av-special-heading-h3 custom-color-heading blockquote modern-quote modern-centered  avia-builder-el-3  avia-builder-el-no-sibling  baslik baslik av-inherit-size'><div class='av_custom_color av-subheading av-subheading_above'><p>CANER&amp;CAN LAW FIRM AND MEDIATION OFFICE<\/p>\n<\/div><h3 class='av-special-heading-tag'  itemprop=\"headline\"  >Family Law<\/h3><div class=\"special-heading-border\"><div class=\"special-heading-inner-border\"><\/div><\/div><\/div><\/div><div  class='flex_column av-4ozji4-f9c03d0adfc1d4ffbdf05ae2efbef193 av_one_half  avia-builder-el-4  el_after_av_one_full  el_before_av_one_half  first flex_column_div  column-top-margin'     ><style type=\"text\/css\" data-created_by=\"avia_inline_auto\" id=\"style-css-av-lnls4kj0-1d8425ea2098cd66d996e2e308241e05\">\n#top .av_textblock_section.av-lnls4kj0-1d8425ea2098cd66d996e2e308241e05 .avia_textblock{\ntext-align:justify;\n}\n<\/style>\n<section  class='av_textblock_section av-lnls4kj0-1d8425ea2098cd66d996e2e308241e05 '   itemscope=\"itemscope\" itemtype=\"https:\/\/schema.org\/CreativeWork\" ><div class='avia_textblock'  itemprop=\"text\" ><p>Caner&amp;Can also provides legal services and support in family law disputes for both domestic and foreign individuals. In this area, our firm offers a wide range of services, including issues related to marriage, divorce, alimony, and custody matters. Some of our additional services include:<\/p>\n<\/div><\/section><\/div><div  id=\"giris\"  class='flex_column av-32mmsc-a2cf0d4648eb28f55c902d49e27f6e7e av_one_half  avia-builder-el-6  el_after_av_one_half  avia-builder-el-last  giris giris flex_column_div  column-top-margin'     aria-label='giris'  ><style type=\"text\/css\" data-created_by=\"avia_inline_auto\" id=\"style-css-av-lnls5kit-55b6413174015e875878db7bdfffe029\">\n#top .avia-icon-list-container.av-lnls5kit-55b6413174015e875878db7bdfffe029 .iconlist_icon{\ncolor:#ad9779;\n}\n<\/style>\n<div  class='avia-icon-list-container av-lnls5kit-55b6413174015e875878db7bdfffe029  avia-builder-el-7  avia-builder-el-no-sibling '><ul class='avia-icon-list avia_animate_when_almost_visible avia-icon-list-left av-iconlist-small av-lnls5kit-55b6413174015e875878db7bdfffe029 avia-iconlist-animate'>\n<li><div class='iconlist_icon av-lnls4q9s-60b0c23558c971bf6c380564e4b37c27 avia-font-tick_'><span class='iconlist-char' aria-hidden='true' data-av_icon='\uf102' data-av_iconfont='tick_'><\/span><\/div><article class=\"article-icon-entry av-iconlist-empty\"  itemscope=\"itemscope\" itemtype=\"https:\/\/schema.org\/CreativeWork\" ><div class=\"iconlist_content_wrap\"><header class=\"entry-content-header\"><div class='av_iconlist_title iconlist_title_small  '  itemprop=\"headline\" >Drafting divorce agreements in cases of uncontested divorces<\/div><\/header><div class='iconlist_content '  itemprop=\"text\" ><\/div><\/div><footer class=\"entry-footer\"><\/footer><\/article><div class=\"iconlist-timeline\"><\/div><\/li>\n<li><div class='iconlist_icon av-lnls4q9s-9-d5028f6074ea86c6eab9c4e5abd6846c avia-font-tick_'><span class='iconlist-char' aria-hidden='true' data-av_icon='\uf102' data-av_iconfont='tick_'><\/span><\/div><article class=\"article-icon-entry av-iconlist-empty\"  itemscope=\"itemscope\" itemtype=\"https:\/\/schema.org\/CreativeWork\" ><div class=\"iconlist_content_wrap\"><header class=\"entry-content-header\"><div class='av_iconlist_title iconlist_title_small  '  itemprop=\"headline\" >Handling divorce cases, both uncontested (anla\u015fmal\u0131) and contested (\u00e7eki\u015fmeli) divorce lawsuits<\/div><\/header><div class='iconlist_content '  itemprop=\"text\" ><\/div><\/div><footer class=\"entry-footer\"><\/footer><\/article><div class=\"iconlist-timeline\"><\/div><\/li>\n<li><div class='iconlist_icon av-lnls4q9s-8-db0c19ed02aec1078db1271f679c6ead avia-font-tick_'><span class='iconlist-char' aria-hidden='true' data-av_icon='\uf102' data-av_iconfont='tick_'><\/span><\/div><article class=\"article-icon-entry av-iconlist-empty\"  itemscope=\"itemscope\" itemtype=\"https:\/\/schema.org\/CreativeWork\" ><div class=\"iconlist_content_wrap\"><header class=\"entry-content-header\"><div class='av_iconlist_title iconlist_title_small  '  itemprop=\"headline\" >Claims for damages and non-material damages in the field of family law<\/div><\/header><div class='iconlist_content '  itemprop=\"text\" ><\/div><\/div><footer class=\"entry-footer\"><\/footer><\/article><div class=\"iconlist-timeline\"><\/div><\/li>\n<li><div class='iconlist_icon av-lnls4q9s-7-cdb2856521b0e5f9689cbeac1d369c14 avia-font-tick_'><span class='iconlist-char' aria-hidden='true' data-av_icon='\uf102' data-av_iconfont='tick_'><\/span><\/div><article class=\"article-icon-entry av-iconlist-empty\"  itemscope=\"itemscope\" itemtype=\"https:\/\/schema.org\/CreativeWork\" ><div class=\"iconlist_content_wrap\"><header class=\"entry-content-header\"><div class='av_iconlist_title iconlist_title_small  '  itemprop=\"headline\" >Divorce and asset settlement procedures<\/div><\/header><div class='iconlist_content '  itemprop=\"text\" ><\/div><\/div><footer class=\"entry-footer\"><\/footer><\/article><div class=\"iconlist-timeline\"><\/div><\/li>\n<li><div class='iconlist_icon av-lnls4q9s-6-6039f226c39a591246c2d502a31552cf avia-font-tick_'><span class='iconlist-char' aria-hidden='true' data-av_icon='\uf102' data-av_iconfont='tick_'><\/span><\/div><article class=\"article-icon-entry av-iconlist-empty\"  itemscope=\"itemscope\" itemtype=\"https:\/\/schema.org\/CreativeWork\" ><div class=\"iconlist_content_wrap\"><header class=\"entry-content-header\"><div class='av_iconlist_title iconlist_title_small  '  itemprop=\"headline\" >Litigation and criminal proceedings related to alimony obligations<\/div><\/header><div class='iconlist_content '  itemprop=\"text\" ><\/div><\/div><footer class=\"entry-footer\"><\/footer><\/article><div class=\"iconlist-timeline\"><\/div><\/li>\n<\/ul><\/div><\/div>\n","protected":false},"excerpt":{"rendered":"","protected":false},"author":1,"featured_media":0,"parent":0,"menu_order":0,"comment_status":"closed","ping_status":"closed","template":"","meta":{"footnotes":""},"class_list":["post-3724","page","type-page","status-publish","hentry"],"_links":{"self":[{"href":"https:\/\/canercanlaw.com\/en\/wp-json\/wp\/v2\/pages\/3724","targetHints":{"allow":["GET"]}}],"collection":[{"href":"https:\/\/canercanlaw.com\/en\/wp-json\/wp\/v2\/pages"}],"about":[{"href":"https:\/\/canercanlaw.com\/en\/wp-json\/wp\/v2\/types\/page"}],"author":[{"embeddable":true,"href":"https:\/\/canercanlaw.com\/en\/wp-json\/wp\/v2\/users\/1"}],"replies":[{"embeddable":true,"href":"https:\/\/canercanlaw.com\/en\/wp-json\/wp\/v2\/comments?post=3724"}],"version-history":[{"count":4,"href":"https:\/\/canercanlaw.com\/en\/wp-json\/wp\/v2\/pages\/3724\/revisions"}],"predecessor-version":[{"id":4005,"href":"https:\/\/canercanlaw.com\/en\/wp-json\/wp\/v2\/pages\/3724\/revisions\/4005"}],"wp:attachment":[{"href":"https:\/\/canercanlaw.com\/en\/wp-json\/wp\/v2\/media?parent=3724"}],"curies":[{"name":"wp","href":"https:\/\/api.w.org\/{rel}","templated":true}]}}